{"id":978,"date":"2023-11-21T15:41:18","date_gmt":"2023-11-21T14:41:18","guid":{"rendered":"https:\/\/adeochrono.fr\/?page_id=978"},"modified":"2023-11-21T15:53:03","modified_gmt":"2023-11-21T14:53:03","slug":"2023-resultats-trail-de-la-pontoise","status":"publish","type":"page","link":"https:\/\/adeochrono.fr\/index.php\/2023-resultats-trail-de-la-pontoise\/","title":{"rendered":"2023. R\u00e9sultats. Trail de la Pont&rsquo;Oise"},"content":{"rendered":"\n<h2 class=\"wp-block-heading\">Trail de la Pont&rsquo;Oise<\/h2>\n\n\n\n<div style=\"height:54px\" aria-hidden=\"true\" class=\"wp-block-spacer\"><\/div>\n\n\n\n<p><a href=\"https:\/\/adeochrono.fr\/index.php\/2023-25-km-trail-de-la-pontoise\/\" data-type=\"link\" data-id=\"https:\/\/adeochrono.fr\/index.php\/2023-25-km-trail-de-la-pontoise\/\" target=\"_blank\" rel=\"noreferrer noopener\">Classement g\u00e9n\u00e9ral 25 km<\/a><\/p>\n\n\n\n<p><a href=\"https:\/\/adeochrono.fr\/index.php\/2023-15-km-trail-de-la-pontoise\/\" data-type=\"link\" data-id=\"https:\/\/adeochrono.fr\/index.php\/2023-15-km-trail-de-la-pontoise\/\" target=\"_blank\" rel=\"noreferrer noopener\">Classement g\u00e9n\u00e9ral 15 km<\/a><\/p>\n\n\n\n<p><a href=\"https:\/\/adeochrono.fr\/index.php\/2023-8-km-trail-de-la-pontoise\/\" data-type=\"link\" data-id=\"https:\/\/adeochrono.fr\/index.php\/2023-8-km-trail-de-la-pontoise\/\" target=\"_blank\" rel=\"noreferrer noopener\">Classement g\u00e9n\u00e9ral 8 km<\/a><\/p>\n","protected":false},"excerpt":{"rendered":"<p>Trail de la Pont&rsquo;Oise Classement g\u00e9n\u00e9ral 25 km Classement g\u00e9n\u00e9ral 15 km Classement g\u00e9n\u00e9ral 8 km<\/p>\n","protected":false},"author":1,"featured_media":0,"parent":0,"menu_order":0,"comment_status":"closed","ping_status":"closed","template":"","meta":{"footnotes":""},"class_list":["post-978","page","type-page","status-publish","hentry"],"_links":{"self":[{"href":"https:\/\/adeochrono.fr\/index.php\/wp-json\/wp\/v2\/pages\/978","targetHints":{"allow":["GET"]}}],"collection":[{"href":"https:\/\/adeochrono.fr\/index.php\/wp-json\/wp\/v2\/pages"}],"about":[{"href":"https:\/\/adeochrono.fr\/index.php\/wp-json\/wp\/v2\/types\/page"}],"author":[{"embeddable":true,"href":"https:\/\/adeochrono.fr\/index.php\/wp-json\/wp\/v2\/users\/1"}],"replies":[{"embeddable":true,"href":"https:\/\/adeochrono.fr\/index.php\/wp-json\/wp\/v2\/comments?post=978"}],"version-history":[{"count":4,"href":"https:\/\/adeochrono.fr\/index.php\/wp-json\/wp\/v2\/pages\/978\/revisions"}],"predecessor-version":[{"id":993,"href":"https:\/\/adeochrono.fr\/index.php\/wp-json\/wp\/v2\/pages\/978\/revisions\/993"}],"wp:attachment":[{"href":"https:\/\/adeochrono.fr\/index.php\/wp-json\/wp\/v2\/media?parent=978"}],"curies":[{"name":"wp","href":"https:\/\/api.w.org\/{rel}","templated":true}]}}