{"id":9486,"date":"2026-02-23T19:33:01","date_gmt":"2026-02-23T18:33:01","guid":{"rendered":"https:\/\/adeochrono.fr\/?page_id=9486"},"modified":"2026-02-23T21:26:50","modified_gmt":"2026-02-23T20:26:50","slug":"2026-resultats-championnats-de-france-para-cross-adapte-2","status":"publish","type":"page","link":"https:\/\/adeochrono.fr\/index.php\/2026-resultats-championnats-de-france-para-cross-adapte-2\/","title":{"rendered":"2026. R\u00e9sultats. Championnats de France para-cross adapt\u00e9"},"content":{"rendered":"\n<p><\/p>\n\n\n\n<p class=\"has-text-align-center has-black-color has-text-color has-link-color has-large-font-size wp-elements-b0d54d23013c30391d97b43c6e48a490\"><strong>Championnats de France para-cross adapt\u00e9<\/strong><\/p>\n\n\n\n<div style=\"height:54px\" aria-hidden=\"true\" class=\"wp-block-spacer\"><\/div>\n\n\n\n<p><a href=\"https:\/\/adeochrono.fr\/index.php\/2026-resultats-championnats-de-france-para-cross-adapte\/\" data-type=\"link\" data-id=\"https:\/\/adeochrono.fr\/index.php\/2026-resultats-championnats-de-france-para-cross-adapte\/\" target=\"_blank\" rel=\"noreferrer noopener\">Classement g\u00e9n\u00e9ral &#8211; course 1 &#8211; Cross court BC<\/a><\/p>\n\n\n\n<p><a href=\"https:\/\/adeochrono.fr\/index.php\/2026-resultats-championnats-de-france-para-cross-adapte-3\/\" data-type=\"link\" data-id=\"https:\/\/adeochrono.fr\/index.php\/2026-resultats-championnats-de-france-para-cross-adapte-3\/\" target=\"_blank\" rel=\"noreferrer noopener\">Classement g\u00e9n\u00e9ral &#8211; course 2 &#8211; Cross court BC<\/a><\/p>\n\n\n\n<p><a href=\"https:\/\/adeochrono.fr\/index.php\/2026-resultats-course-3-championnats-de-france-para-cross-adapte\/\" data-type=\"link\" data-id=\"https:\/\/adeochrono.fr\/index.php\/2026-resultats-course-3-championnats-de-france-para-cross-adapte\/\" target=\"_blank\" rel=\"noreferrer noopener\">Classement g\u00e9n\u00e9ral &#8211; course 3 &#8211; Cross court CD\/DE<\/a><\/p>\n\n\n\n<p><a href=\"https:\/\/adeochrono.fr\/index.php\/2026-resultats-course-4-championnats-de-france-para-cross-adapte\/\" data-type=\"link\" data-id=\"https:\/\/adeochrono.fr\/index.php\/2026-resultats-course-4-championnats-de-france-para-cross-adapte\/\" target=\"_blank\" rel=\"noreferrer noopener\">Classement g\u00e9n\u00e9ral &#8211; course 4 &#8211; Cross court CD\/DE<\/a><\/p>\n\n\n\n<p><a href=\"https:\/\/adeochrono.fr\/index.php\/2026-resultats-course-5-championnats-de-france-para-cross-adapte\/\" data-type=\"link\" data-id=\"https:\/\/adeochrono.fr\/index.php\/2026-resultats-course-5-championnats-de-france-para-cross-adapte\/\" target=\"_blank\" rel=\"noreferrer noopener\">Classement g\u00e9n\u00e9ral &#8211; course 5 &#8211; Cross court CD\/DE<\/a><\/p>\n\n\n\n<p><a href=\"https:\/\/adeochrono.fr\/index.php\/2026-resultats-course-6-championnats-de-france-para-cross-adapte\/\" data-type=\"link\" data-id=\"https:\/\/adeochrono.fr\/index.php\/2026-resultats-course-6-championnats-de-france-para-cross-adapte\/\" target=\"_blank\" rel=\"noreferrer noopener\">Classement g\u00e9n\u00e9ral &#8211; course 6 &#8211; Cross AB<\/a><\/p>\n\n\n\n<p><a href=\"https:\/\/adeochrono.fr\/index.php\/2026-resultats-course-7-championnats-de-france-para-cross-adapte\/\" data-type=\"link\" data-id=\"https:\/\/adeochrono.fr\/index.php\/2026-resultats-course-7-championnats-de-france-para-cross-adapte\/\" target=\"_blank\" rel=\"noreferrer noopener\">Classement g\u00e9n\u00e9ral &#8211; course 7 &#8211; Cross BC<\/a><\/p>\n\n\n\n<p><a href=\"https:\/\/adeochrono.fr\/index.php\/2026-resultats-course-8-championnats-de-france-para-cross-adapte\/\" data-type=\"link\" data-id=\"https:\/\/adeochrono.fr\/index.php\/2026-resultats-course-8-championnats-de-france-para-cross-adapte\/\" target=\"_blank\" rel=\"noreferrer noopener\">Classement g\u00e9n\u00e9ral &#8211; course 8 &#8211; Cross CD\/DE<\/a><\/p>\n\n\n\n<p><a href=\"https:\/\/adeochrono.fr\/index.php\/2026-resultats-course-9-championnats-de-france-para-cross-adapte\/\" data-type=\"link\" data-id=\"https:\/\/adeochrono.fr\/index.php\/2026-resultats-course-9-championnats-de-france-para-cross-adapte\/\" target=\"_blank\" rel=\"noreferrer noopener\">Classement g\u00e9n\u00e9ral &#8211; course 9 &#8211; Open<\/a><\/p>\n\n\n\n<p><a href=\"https:\/\/adeochrono.fr\/index.php\/2026-resultats-course-10-championnats-de-france-para-cross-adapte\/\" data-type=\"link\" data-id=\"https:\/\/adeochrono.fr\/index.php\/2026-resultats-course-10-championnats-de-france-para-cross-adapte\/\" target=\"_blank\" rel=\"noreferrer noopener\">Classement g\u00e9n\u00e9ral &#8211; course 10 &#8211; Cross Long AB<\/a><\/p>\n\n\n\n<p><a href=\"https:\/\/adeochrono.fr\/index.php\/2026-resultats-course-11-championnats-de-france-para-cross-adapte\/\" data-type=\"link\" data-id=\"https:\/\/adeochrono.fr\/index.php\/2026-resultats-course-11-championnats-de-france-para-cross-adapte\/\" target=\"_blank\" rel=\"noreferrer noopener\">Classement g\u00e9n\u00e9ral &#8211; course 11 &#8211; Cross Long AB<\/a><\/p>\n\n\n\n<p><a href=\"https:\/\/adeochrono.fr\/index.php\/2026-resultats-course-12-championnats-de-france-para-cross-adapte\/\" data-type=\"link\" data-id=\"https:\/\/adeochrono.fr\/index.php\/2026-resultats-course-12-championnats-de-france-para-cross-adapte\/\" target=\"_blank\" rel=\"noreferrer noopener\">Classement g\u00e9n\u00e9ral &#8211; course 12 &#8211; Cross Long BC<\/a><\/p>\n\n\n\n<p><a href=\"https:\/\/adeochrono.fr\/index.php\/2026-resultats-course-13-championnats-de-france-para-cross-adapte\/\" data-type=\"link\" data-id=\"https:\/\/adeochrono.fr\/index.php\/2026-resultats-course-13-championnats-de-france-para-cross-adapte\/\" target=\"_blank\" rel=\"noreferrer noopener\">Classement g\u00e9n\u00e9ral &#8211; course 13 &#8211; Cross Long BC<\/a><\/p>\n\n\n\n<p><a href=\"https:\/\/adeochrono.fr\/index.php\/2026-resultats-course-14-championnats-de-france-para-cross-adapte\/\" data-type=\"link\" data-id=\"https:\/\/adeochrono.fr\/index.php\/2026-resultats-course-14-championnats-de-france-para-cross-adapte\/\" target=\"_blank\" rel=\"noreferrer noopener\">Classement g\u00e9n\u00e9ral &#8211; course 14 &#8211; Cross Long CD\/DE<\/a><\/p>\n\n\n\n<p><a href=\"https:\/\/adeochrono.fr\/index.php\/2026-resultats-course-15-championnats-de-france-para-cross-adapte\/\" data-type=\"link\" data-id=\"https:\/\/adeochrono.fr\/index.php\/2026-resultats-course-15-championnats-de-france-para-cross-adapte\/\" target=\"_blank\" rel=\"noreferrer noopener\">Classement g\u00e9n\u00e9ral &#8211; course 15 &#8211; Cross Long CD\/DE<\/a><\/p>\n\n\n\n<p><a href=\"https:\/\/adeochrono.fr\/index.php\/2026-resultats-course-16-championnats-de-france-para-cross-adapte\/\" data-type=\"link\" data-id=\"https:\/\/adeochrono.fr\/index.php\/2026-resultats-course-16-championnats-de-france-para-cross-adapte\/\" target=\"_blank\" rel=\"noreferrer noopener\">Classement g\u00e9n\u00e9ral &#8211; course 16 &#8211; Marche<\/a><\/p>\n","protected":false},"excerpt":{"rendered":"<p>Championnats de France para-cross adapt\u00e9 Classement g\u00e9n\u00e9ral &#8211; course 1 &#8211; Cross court BC Classement g\u00e9n\u00e9ral &#8211; course 2 &#8211; Cross court BC Classement g\u00e9n\u00e9ral &#8211; course 3 &#8211; Cross &#8230;<\/p>\n","protected":false},"author":1,"featured_media":0,"parent":0,"menu_order":0,"comment_status":"closed","ping_status":"closed","template":"","meta":{"footnotes":""},"class_list":["post-9486","page","type-page","status-publish","hentry"],"_links":{"self":[{"href":"https:\/\/adeochrono.fr\/index.php\/wp-json\/wp\/v2\/pages\/9486","targetHints":{"allow":["GET"]}}],"collection":[{"href":"https:\/\/adeochrono.fr\/index.php\/wp-json\/wp\/v2\/pages"}],"about":[{"href":"https:\/\/adeochrono.fr\/index.php\/wp-json\/wp\/v2\/types\/page"}],"author":[{"embeddable":true,"href":"https:\/\/adeochrono.fr\/index.php\/wp-json\/wp\/v2\/users\/1"}],"replies":[{"embeddable":true,"href":"https:\/\/adeochrono.fr\/index.php\/wp-json\/wp\/v2\/comments?post=9486"}],"version-history":[{"count":19,"href":"https:\/\/adeochrono.fr\/index.php\/wp-json\/wp\/v2\/pages\/9486\/revisions"}],"predecessor-version":[{"id":9572,"href":"https:\/\/adeochrono.fr\/index.php\/wp-json\/wp\/v2\/pages\/9486\/revisions\/9572"}],"wp:attachment":[{"href":"https:\/\/adeochrono.fr\/index.php\/wp-json\/wp\/v2\/media?parent=9486"}],"curies":[{"name":"wp","href":"https:\/\/api.w.org\/{rel}","templated":true}]}}