{"id":8806,"date":"2025-11-28T14:31:36","date_gmt":"2025-11-28T13:31:36","guid":{"rendered":"https:\/\/adeochrono.fr\/?page_id=8806"},"modified":"2025-11-28T14:35:00","modified_gmt":"2025-11-28T13:35:00","slug":"2025-resultats-sur-la-piste-du-pere-noel","status":"publish","type":"page","link":"https:\/\/adeochrono.fr\/index.php\/2025-resultats-sur-la-piste-du-pere-noel\/","title":{"rendered":"2025. R\u00e9sultats. Sur la Piste du P\u00e8re No\u00ebl"},"content":{"rendered":"\n<h2 class=\"wp-block-heading\">Sur la Piste du P\u00e8re No\u00ebl<\/h2>\n\n\n\n<div style=\"height:54px\" aria-hidden=\"true\" class=\"wp-block-spacer\"><\/div>\n\n\n\n<p><a href=\"https:\/\/adeochrono.fr\/index.php\/2025-12km-sur-la-piste-du-pere-noel\/\" data-type=\"link\" data-id=\"https:\/\/adeochrono.fr\/index.php\/2025-12km-sur-la-piste-du-pere-noel\/\" target=\"_blank\" rel=\"noreferrer noopener\">Classement G\u00e9n\u00e9ral 12km<\/a><\/p>\n\n\n\n<p><\/p>\n","protected":false},"excerpt":{"rendered":"<p>Sur la Piste du P\u00e8re No\u00ebl Classement G\u00e9n\u00e9ral 12km<\/p>\n","protected":false},"author":1,"featured_media":0,"parent":0,"menu_order":0,"comment_status":"closed","ping_status":"closed","template":"","meta":{"footnotes":""},"class_list":["post-8806","page","type-page","status-publish","hentry"],"_links":{"self":[{"href":"https:\/\/adeochrono.fr\/index.php\/wp-json\/wp\/v2\/pages\/8806","targetHints":{"allow":["GET"]}}],"collection":[{"href":"https:\/\/adeochrono.fr\/index.php\/wp-json\/wp\/v2\/pages"}],"about":[{"href":"https:\/\/adeochrono.fr\/index.php\/wp-json\/wp\/v2\/types\/page"}],"author":[{"embeddable":true,"href":"https:\/\/adeochrono.fr\/index.php\/wp-json\/wp\/v2\/users\/1"}],"replies":[{"embeddable":true,"href":"https:\/\/adeochrono.fr\/index.php\/wp-json\/wp\/v2\/comments?post=8806"}],"version-history":[{"count":2,"href":"https:\/\/adeochrono.fr\/index.php\/wp-json\/wp\/v2\/pages\/8806\/revisions"}],"predecessor-version":[{"id":8812,"href":"https:\/\/adeochrono.fr\/index.php\/wp-json\/wp\/v2\/pages\/8806\/revisions\/8812"}],"wp:attachment":[{"href":"https:\/\/adeochrono.fr\/index.php\/wp-json\/wp\/v2\/media?parent=8806"}],"curies":[{"name":"wp","href":"https:\/\/api.w.org\/{rel}","templated":true}]}}