{"id":8703,"date":"2025-11-24T13:32:07","date_gmt":"2025-11-24T12:32:07","guid":{"rendered":"https:\/\/adeochrono.fr\/?page_id=8703"},"modified":"2025-11-24T13:48:14","modified_gmt":"2025-11-24T12:48:14","slug":"2025-resultats-cross-unss-academie-paris","status":"publish","type":"page","link":"https:\/\/adeochrono.fr\/index.php\/2025-resultats-cross-unss-academie-paris\/","title":{"rendered":"2025. R\u00e9sultats. Cross UNSS Acad\u00e9mie Paris"},"content":{"rendered":"\n<h2 class=\"wp-block-heading\">Cross UNSS Acad\u00e9mie de Paris<\/h2>\n\n\n\n<div style=\"height:54px\" aria-hidden=\"true\" class=\"wp-block-spacer\"><\/div>\n\n\n\n<p><a href=\"https:\/\/adeochrono.fr\/index.php\/2025-unss75-course-1-juniors-et-seniors-garcons\/\" data-type=\"link\" data-id=\"https:\/\/adeochrono.fr\/index.php\/2025-unss75-course-1-juniors-et-seniors-garcons\/\" target=\"_blank\" rel=\"noreferrer noopener\">Course 1. Juniors et S\u00e9niors Gar\u00e7ons 4875m<\/a><\/p>\n\n\n\n<p><a href=\"https:\/\/adeochrono.fr\/index.php\/2025-unss75-course-2-cadets-minimes-garcons\/\" data-type=\"link\" data-id=\"https:\/\/adeochrono.fr\/index.php\/2025-unss75-course-2-cadets-minimes-garcons\/\" target=\"_blank\" rel=\"noreferrer noopener\">Course 2. Cadets et Minimes Lyc\u00e9e Gar\u00e7ons 4875m<\/a><\/p>\n\n\n\n<p><a href=\"https:\/\/adeochrono.fr\/index.php\/2025-unss75-course-3-cadettes-minimes-filles-lycee-junior-senior-3500m\/\" data-type=\"link\" data-id=\"https:\/\/adeochrono.fr\/index.php\/2025-unss75-course-3-cadettes-minimes-filles-lycee-junior-senior-3500m\/\" target=\"_blank\" rel=\"noreferrer noopener\">Course 3. Cadettes, Minimes Lyc\u00e9e, Juniors, S\u00e9niors Filles 3500m<\/a><\/p>\n\n\n\n<p><a href=\"https:\/\/adeochrono.fr\/index.php\/2025-unss75-course-4-minimes-garcons-cadets-college-3500m\/\" data-type=\"link\" data-id=\"https:\/\/adeochrono.fr\/index.php\/2025-unss75-course-4-minimes-garcons-cadets-college-3500m\/\" target=\"_blank\" rel=\"noreferrer noopener\">Course 4. Minimes, Cadets Gar\u00e7ons Coll\u00e8ge 3500m<\/a><\/p>\n\n\n\n<p><a href=\"https:\/\/adeochrono.fr\/index.php\/2025-unss75-course-5-benjamins-3000m\/\" data-type=\"link\" data-id=\"https:\/\/adeochrono.fr\/index.php\/2025-unss75-course-5-benjamins-3000m\/\" target=\"_blank\" rel=\"noreferrer noopener\">Course 5. Benjamins 3000m<\/a><\/p>\n\n\n\n<p><a href=\"https:\/\/adeochrono.fr\/index.php\/2025-unss75-course-6-minimes-filles-cadettes-college-3500m\/\" data-type=\"link\" data-id=\"https:\/\/adeochrono.fr\/index.php\/2025-unss75-course-6-minimes-filles-cadettes-college-3500m\/\" target=\"_blank\" rel=\"noreferrer noopener\">Course 6. Minimes, Cadettes Filles Coll\u00e8ge 3500m<\/a><\/p>\n\n\n\n<p><a href=\"https:\/\/adeochrono.fr\/index.php\/2025-unss75-course-7-benjamines-3000m\/\" data-type=\"link\" data-id=\"https:\/\/adeochrono.fr\/index.php\/2025-unss75-course-7-benjamines-3000m\/\" target=\"_blank\" rel=\"noreferrer noopener\">Course 7. Benjamines 3000m<\/a><\/p>\n","protected":false},"excerpt":{"rendered":"<p>Cross UNSS Acad\u00e9mie de Paris Course 1. Juniors et S\u00e9niors Gar\u00e7ons 4875m Course 2. Cadets et Minimes Lyc\u00e9e Gar\u00e7ons 4875m Course 3. Cadettes, Minimes Lyc\u00e9e, Juniors, S\u00e9niors Filles 3500m Course &#8230;<\/p>\n","protected":false},"author":1,"featured_media":0,"parent":0,"menu_order":0,"comment_status":"closed","ping_status":"closed","template":"","meta":{"footnotes":""},"class_list":["post-8703","page","type-page","status-publish","hentry"],"_links":{"self":[{"href":"https:\/\/adeochrono.fr\/index.php\/wp-json\/wp\/v2\/pages\/8703","targetHints":{"allow":["GET"]}}],"collection":[{"href":"https:\/\/adeochrono.fr\/index.php\/wp-json\/wp\/v2\/pages"}],"about":[{"href":"https:\/\/adeochrono.fr\/index.php\/wp-json\/wp\/v2\/types\/page"}],"author":[{"embeddable":true,"href":"https:\/\/adeochrono.fr\/index.php\/wp-json\/wp\/v2\/users\/1"}],"replies":[{"embeddable":true,"href":"https:\/\/adeochrono.fr\/index.php\/wp-json\/wp\/v2\/comments?post=8703"}],"version-history":[{"count":7,"href":"https:\/\/adeochrono.fr\/index.php\/wp-json\/wp\/v2\/pages\/8703\/revisions"}],"predecessor-version":[{"id":8739,"href":"https:\/\/adeochrono.fr\/index.php\/wp-json\/wp\/v2\/pages\/8703\/revisions\/8739"}],"wp:attachment":[{"href":"https:\/\/adeochrono.fr\/index.php\/wp-json\/wp\/v2\/media?parent=8703"}],"curies":[{"name":"wp","href":"https:\/\/api.w.org\/{rel}","templated":true}]}}