{"id":8614,"date":"2025-11-24T13:04:11","date_gmt":"2025-11-24T12:04:11","guid":{"rendered":"https:\/\/adeochrono.fr\/?page_id=8614"},"modified":"2025-11-30T12:58:33","modified_gmt":"2025-11-30T11:58:33","slug":"2025-resultats-accrorun","status":"publish","type":"page","link":"https:\/\/adeochrono.fr\/index.php\/2025-resultats-accrorun\/","title":{"rendered":"2025. R\u00e9sultats. Accro&rsquo;Run"},"content":{"rendered":"\n<p><\/p>\n\n\n\n<h2 class=\"wp-block-heading has-text-align-center has-x-large-font-size\">Classements Accro&rsquo;Run<\/h2>\n\n\n\n<div style=\"height:54px\" aria-hidden=\"true\" class=\"wp-block-spacer\"><\/div>\n\n\n\n<p class=\"has-text-align-center has-vivid-red-color has-text-color has-link-color has-medium-font-size wp-elements-7f91cb9c7332fb63b279c2ec9bac11a7\"><strong>Retrouvez vous en photo sur notre page Facebook! <\/strong><\/p>\n\n\n\n<p class=\"has-text-align-center has-black-color has-text-color has-link-color has-medium-font-size wp-elements-7a9ec5569fc7564649476dbb49920e84\"><strong><a href=\"https:\/\/www.facebook.com\/Adeochrono\/\" data-type=\"link\" data-id=\"https:\/\/www.facebook.com\/Adeochrono\/\" target=\"_blank\" rel=\"noreferrer noopener\">Cliquez-ici!<\/a><\/strong><\/p>\n\n\n\n<div style=\"height:29px\" aria-hidden=\"true\" class=\"wp-block-spacer\"><\/div>\n\n\n\n<p class=\"has-text-align-center has-medium-font-size\"><strong>Classements du samedi<\/strong> : <\/p>\n\n\n\n<div style=\"height:29px\" aria-hidden=\"true\" class=\"wp-block-spacer\"><\/div>\n\n\n\n<p><a href=\"https:\/\/adeochrono.fr\/index.php\/2025-resultats-accrorun-5300m-canivtt-samedi\/\" data-type=\"link\" data-id=\"https:\/\/adeochrono.fr\/index.php\/2025-resultats-accrorun-5300m-canivtt-samedi\/\" target=\"_blank\" rel=\"noreferrer noopener\">Classement g\u00e9n\u00e9ral 4840m CaniVTT<\/a><\/p>\n\n\n\n<p><a href=\"https:\/\/adeochrono.fr\/index.php\/2025-resultats-accrorun-5300m-canitrott-samedi\/\" data-type=\"link\" data-id=\"https:\/\/adeochrono.fr\/index.php\/2025-resultats-accrorun-5300m-canitrott-samedi\/\" target=\"_blank\" rel=\"noreferrer noopener\">Classement g\u00e9n\u00e9ral 4840m CaniTrott<\/a><\/p>\n\n\n\n<p><a href=\"https:\/\/adeochrono.fr\/index.php\/2025-resultats-accrorun-5300m-canicross-long-samedi\/\" data-type=\"link\" data-id=\"https:\/\/adeochrono.fr\/index.php\/2025-resultats-accrorun-5300m-canicross-long-samedi\/\" target=\"_blank\" rel=\"noreferrer noopener\">Classement g\u00e9n\u00e9ral 4840m CaniCross long<\/a><\/p>\n\n\n\n<p><a href=\"https:\/\/adeochrono.fr\/index.php\/2025-resultats-accrorun-3500m-canicross-court-cadets-samedi\/\" data-type=\"link\" data-id=\"https:\/\/adeochrono.fr\/index.php\/2025-resultats-accrorun-3500m-canicross-court-cadets-samedi\/\" target=\"_blank\" rel=\"noreferrer noopener\">Classement g\u00e9n\u00e9ral 3000m CaniCross Court<\/a><\/p>\n\n\n\n<p><a href=\"https:\/\/adeochrono.fr\/index.php\/2025-resultats-accrorun-3500m-canicross-court-cadets-samedi-2\/\" data-type=\"link\" data-id=\"https:\/\/adeochrono.fr\/index.php\/2025-resultats-accrorun-3500m-canicross-court-cadets-samedi-2\/\" target=\"_blank\" rel=\"noreferrer noopener\">Classement g\u00e9n\u00e9ral 3000m Canicross Cadets<\/a><\/p>\n\n\n\n<p><a href=\"https:\/\/adeochrono.fr\/index.php\/2025-resultats-accrorun-2200m-canicross-minimes\/\" data-type=\"page\" data-id=\"8645\" target=\"_blank\" rel=\"noreferrer noopener\">Classement g\u00e9n\u00e9ral 2200m CaniCross Minimes<\/a><\/p>\n\n\n\n<p><a href=\"https:\/\/adeochrono.fr\/index.php\/2025-resultats-accrorun-1500m-canicross-benjamins-samedi\/\" data-type=\"link\" data-id=\"https:\/\/adeochrono.fr\/index.php\/2025-resultats-accrorun-1500m-canicross-benjamins-samedi\/\" target=\"_blank\" rel=\"noreferrer noopener\">Classement g\u00e9n\u00e9ral 1500 Canicross Benjamins<\/a><\/p>\n\n\n\n<div style=\"height:50px\" aria-hidden=\"true\" class=\"wp-block-spacer\"><\/div>\n\n\n\n<p class=\"has-text-align-center has-medium-font-size\"><strong>Classements du Dimanche <\/strong>:<\/p>\n\n\n\n<div style=\"height:29px\" aria-hidden=\"true\" class=\"wp-block-spacer\"><\/div>\n\n\n\n<p><a href=\"https:\/\/adeochrono.fr\/index.php\/2025-resultats-accrorun-5300m-canivtt-dimanche\/\" data-type=\"link\" data-id=\"https:\/\/adeochrono.fr\/index.php\/2025-resultats-accrorun-5300m-canivtt-dimanche\/\" target=\"_blank\" rel=\"noreferrer noopener\">Classement g\u00e9n\u00e9ral 4840m CaniVTT<\/a><\/p>\n\n\n\n<p><a href=\"https:\/\/adeochrono.fr\/index.php\/2025-resultats-accrorun-5300m-canitrott-dimanche\/\" data-type=\"link\" data-id=\"https:\/\/adeochrono.fr\/index.php\/2025-resultats-accrorun-5300m-canitrott-dimanche\/\" target=\"_blank\" rel=\"noreferrer noopener\">Classement g\u00e9n\u00e9ral 4840m CaniTrott<\/a><\/p>\n\n\n\n<p><a href=\"https:\/\/adeochrono.fr\/index.php\/2025-resultats-accrorun-5300m-canicross-dimanche\/\" data-type=\"link\" data-id=\"https:\/\/adeochrono.fr\/index.php\/2025-resultats-accrorun-5300m-canicross-dimanche\/\" target=\"_blank\" rel=\"noreferrer noopener\">Classement g\u00e9n\u00e9ral 4840m CaniCross Long<\/a><\/p>\n\n\n\n<p><a href=\"https:\/\/adeochrono.fr\/index.php\/2025-resultats-accrorun-3500m-canicross-court-dimanche\/\" data-type=\"link\" data-id=\"https:\/\/adeochrono.fr\/index.php\/2025-resultats-accrorun-3500m-canicross-court-dimanche\/\" target=\"_blank\" rel=\"noreferrer noopener\">Classement g\u00e9n\u00e9ral 3000m CaniCross Court<\/a><\/p>\n\n\n\n<div style=\"height:50px\" aria-hidden=\"true\" class=\"wp-block-spacer\"><\/div>\n\n\n\n<p class=\"has-text-align-center has-medium-font-size\"><strong>R\u00e9sultats des challenges<\/strong> :<\/p>\n\n\n\n<div style=\"height:29px\" aria-hidden=\"true\" class=\"wp-block-spacer\"><\/div>\n\n\n\n<p><a href=\"https:\/\/adeochrono.fr\/index.php\/2025-resultats-accrorun-challenge-canivtt\/\" data-type=\"link\" data-id=\"https:\/\/adeochrono.fr\/index.php\/2025-resultats-accrorun-challenge-canivtt\/\" target=\"_blank\" rel=\"noreferrer noopener\">Challenge CaniVTT<\/a><\/p>\n\n\n\n<p><a href=\"https:\/\/adeochrono.fr\/index.php\/2025-resultats-accrorun-challenge-canitrott\/\" data-type=\"link\" data-id=\"https:\/\/adeochrono.fr\/index.php\/2025-resultats-accrorun-challenge-canitrott\/\" target=\"_blank\" rel=\"noreferrer noopener\">Challenge CaniTrott<\/a><\/p>\n\n\n\n<p><a href=\"https:\/\/adeochrono.fr\/index.php\/2025-resultats-accrorun-challenge-canicross\/\" data-type=\"link\" data-id=\"https:\/\/adeochrono.fr\/index.php\/2025-resultats-accrorun-challenge-canicross\/\" target=\"_blank\" rel=\"noreferrer noopener\">Challenge Canicross Long<\/a><\/p>\n\n\n\n<p><a href=\"https:\/\/adeochrono.fr\/index.php\/2025-resultats-accrorun-challenge-canicross-2\/\" data-type=\"link\" data-id=\"https:\/\/adeochrono.fr\/index.php\/2025-resultats-accrorun-challenge-canicross-2\/\" target=\"_blank\" rel=\"noreferrer noopener\">Challenge Canicross Court<\/a><\/p>\n","protected":false},"excerpt":{"rendered":"<p>Classements Accro&rsquo;Run Retrouvez vous en photo sur notre page Facebook! Cliquez-ici! Classements du samedi : Classement g\u00e9n\u00e9ral 4840m CaniVTT Classement g\u00e9n\u00e9ral 4840m CaniTrott Classement g\u00e9n\u00e9ral 4840m CaniCross long Classement g\u00e9n\u00e9ral &#8230;<\/p>\n","protected":false},"author":1,"featured_media":0,"parent":0,"menu_order":0,"comment_status":"closed","ping_status":"closed","template":"","meta":{"footnotes":""},"class_list":["post-8614","page","type-page","status-publish","hentry"],"_links":{"self":[{"href":"https:\/\/adeochrono.fr\/index.php\/wp-json\/wp\/v2\/pages\/8614","targetHints":{"allow":["GET"]}}],"collection":[{"href":"https:\/\/adeochrono.fr\/index.php\/wp-json\/wp\/v2\/pages"}],"about":[{"href":"https:\/\/adeochrono.fr\/index.php\/wp-json\/wp\/v2\/types\/page"}],"author":[{"embeddable":true,"href":"https:\/\/adeochrono.fr\/index.php\/wp-json\/wp\/v2\/users\/1"}],"replies":[{"embeddable":true,"href":"https:\/\/adeochrono.fr\/index.php\/wp-json\/wp\/v2\/comments?post=8614"}],"version-history":[{"count":22,"href":"https:\/\/adeochrono.fr\/index.php\/wp-json\/wp\/v2\/pages\/8614\/revisions"}],"predecessor-version":[{"id":8844,"href":"https:\/\/adeochrono.fr\/index.php\/wp-json\/wp\/v2\/pages\/8614\/revisions\/8844"}],"wp:attachment":[{"href":"https:\/\/adeochrono.fr\/index.php\/wp-json\/wp\/v2\/media?parent=8614"}],"curies":[{"name":"wp","href":"https:\/\/api.w.org\/{rel}","templated":true}]}}