{"id":8526,"date":"2025-11-17T13:09:30","date_gmt":"2025-11-17T12:09:30","guid":{"rendered":"https:\/\/adeochrono.fr\/?page_id=8526"},"modified":"2025-11-20T13:42:34","modified_gmt":"2025-11-20T12:42:34","slug":"2025-resultats-cross-unss-93","status":"publish","type":"page","link":"https:\/\/adeochrono.fr\/index.php\/2025-resultats-cross-unss-93\/","title":{"rendered":"2025. R\u00e9sultats. Cross UNSS 93"},"content":{"rendered":"\n<h2 class=\"wp-block-heading\">Cross UNSS 93 &#8211; 2025<\/h2>\n\n\n\n<div style=\"height:54px\" aria-hidden=\"true\" class=\"wp-block-spacer\"><\/div>\n\n\n\n<p><a href=\"https:\/\/adeochrono.fr\/index.php\/2025-unss-93-benjamins\/\" data-type=\"link\" data-id=\"https:\/\/adeochrono.fr\/index.php\/2025-unss-93-benjamins\/\" target=\"_blank\" rel=\"noreferrer noopener\">Classement Benjamins<\/a><\/p>\n\n\n\n<p><a href=\"https:\/\/adeochrono.fr\/index.php\/2025-unss-93-benjamines\/\" data-type=\"link\" data-id=\"https:\/\/adeochrono.fr\/index.php\/2025-unss-93-benjamines\/\" target=\"_blank\" rel=\"noreferrer noopener\">Classement Benjamines<\/a><\/p>\n\n\n\n<p><a href=\"https:\/\/adeochrono.fr\/index.php\/2025-unss-93-minimes-garcons\/\" data-type=\"link\" data-id=\"https:\/\/adeochrono.fr\/index.php\/2025-unss-93-minimes-garcons\/\" target=\"_blank\" rel=\"noreferrer noopener\">Classement Minimes Gar\u00e7ons<\/a><\/p>\n\n\n\n<p><a href=\"https:\/\/adeochrono.fr\/index.php\/2025-unss-93-minimes-filles\/\" data-type=\"link\" data-id=\"https:\/\/adeochrono.fr\/index.php\/2025-unss-93-minimes-filles\/\" target=\"_blank\" rel=\"noreferrer noopener\">Classement Minimes Filles<\/a><\/p>\n\n\n\n<p><a href=\"https:\/\/adeochrono.fr\/index.php\/2025-unss-93-lycees-filles\/\" data-type=\"link\" data-id=\"https:\/\/adeochrono.fr\/index.php\/2025-unss-93-lycees-filles\/\" target=\"_blank\" rel=\"noreferrer noopener\">Classement Lyc\u00e9e Filles<\/a><\/p>\n\n\n\n<p><a href=\"https:\/\/adeochrono.fr\/index.php\/2025-unss-93-lycees-garcons\/\" data-type=\"link\" data-id=\"https:\/\/adeochrono.fr\/index.php\/2025-unss-93-lycees-garcons\/\" target=\"_blank\" rel=\"noreferrer noopener\">Classement Lyc\u00e9e Gar\u00e7ons<\/a><\/p>\n\n\n\n<div style=\"height:32px\" aria-hidden=\"true\" class=\"wp-block-spacer\"><\/div>\n\n\n\n<p><a href=\"https:\/\/adeochrono.fr\/index.php\/2025-unss-93-equipes-mixtes-benjamins\/\" data-type=\"link\" data-id=\"https:\/\/adeochrono.fr\/index.php\/2025-unss-93-equipes-mixtes-benjamins\/\" target=\"_blank\" rel=\"noreferrer noopener\">Classement \u00e9quipes Mixte Benjamins<\/a><\/p>\n\n\n\n<p><a href=\"https:\/\/adeochrono.fr\/index.php\/2025-unss-93-equipes-mixtes-minimes\/\" data-type=\"link\" data-id=\"https:\/\/adeochrono.fr\/index.php\/2025-unss-93-equipes-mixtes-minimes\/\" target=\"_blank\" rel=\"noreferrer noopener\">Classement \u00e9quipes Mixte Coll\u00e8ges<\/a><\/p>\n\n\n\n<p><a href=\"https:\/\/adeochrono.fr\/index.php\/2025-unss-93-lycees-professionnels\/\" data-type=\"link\" data-id=\"https:\/\/adeochrono.fr\/index.php\/2025-unss-93-lycees-professionnels\/\" target=\"_blank\" rel=\"noreferrer noopener\">Classement Lyc\u00e9es professionnels<\/a><\/p>\n\n\n\n<p><a href=\"https:\/\/adeochrono.fr\/index.php\/2025-unss-93-lycees-mixtes\/\" data-type=\"link\" data-id=\"https:\/\/adeochrono.fr\/index.php\/2025-unss-93-lycees-mixtes\/\" target=\"_blank\" rel=\"noreferrer noopener\">Classement Lyc\u00e9es Mixtes<\/a><\/p>\n\n\n\n<p><a href=\"https:\/\/adeochrono.fr\/index.php\/2025-unss-93-sport-partage\/\" data-type=\"link\" data-id=\"https:\/\/adeochrono.fr\/index.php\/2025-unss-93-sport-partage\/\" target=\"_blank\" rel=\"noreferrer noopener\">Classement sport partag\u00e9<\/a><\/p>\n","protected":false},"excerpt":{"rendered":"<p>Cross UNSS 93 &#8211; 2025 Classement Benjamins Classement Benjamines Classement Minimes Gar\u00e7ons Classement Minimes Filles Classement Lyc\u00e9e Filles Classement Lyc\u00e9e Gar\u00e7ons Classement \u00e9quipes Mixte Benjamins Classement \u00e9quipes Mixte Coll\u00e8ges Classement &#8230;<\/p>\n","protected":false},"author":1,"featured_media":0,"parent":0,"menu_order":0,"comment_status":"closed","ping_status":"closed","template":"","meta":{"footnotes":""},"class_list":["post-8526","page","type-page","status-publish","hentry"],"_links":{"self":[{"href":"https:\/\/adeochrono.fr\/index.php\/wp-json\/wp\/v2\/pages\/8526","targetHints":{"allow":["GET"]}}],"collection":[{"href":"https:\/\/adeochrono.fr\/index.php\/wp-json\/wp\/v2\/pages"}],"about":[{"href":"https:\/\/adeochrono.fr\/index.php\/wp-json\/wp\/v2\/types\/page"}],"author":[{"embeddable":true,"href":"https:\/\/adeochrono.fr\/index.php\/wp-json\/wp\/v2\/users\/1"}],"replies":[{"embeddable":true,"href":"https:\/\/adeochrono.fr\/index.php\/wp-json\/wp\/v2\/comments?post=8526"}],"version-history":[{"count":11,"href":"https:\/\/adeochrono.fr\/index.php\/wp-json\/wp\/v2\/pages\/8526\/revisions"}],"predecessor-version":[{"id":8599,"href":"https:\/\/adeochrono.fr\/index.php\/wp-json\/wp\/v2\/pages\/8526\/revisions\/8599"}],"wp:attachment":[{"href":"https:\/\/adeochrono.fr\/index.php\/wp-json\/wp\/v2\/media?parent=8526"}],"curies":[{"name":"wp","href":"https:\/\/api.w.org\/{rel}","templated":true}]}}