{"id":8463,"date":"2025-11-09T08:12:50","date_gmt":"2025-11-09T07:12:50","guid":{"rendered":"https:\/\/adeochrono.fr\/?page_id=8463"},"modified":"2025-11-09T08:20:14","modified_gmt":"2025-11-09T07:20:14","slug":"2025-resultats-13-unis","status":"publish","type":"page","link":"https:\/\/adeochrono.fr\/index.php\/2025-resultats-13-unis\/","title":{"rendered":"2025. R\u00e9sultats. 13-Unis"},"content":{"rendered":"\n<h2 class=\"wp-block-heading\">13-Unis. Course de la Libert\u00e9<\/h2>\n\n\n\n<div style=\"height:54px\" aria-hidden=\"true\" class=\"wp-block-spacer\"><\/div>\n\n\n\n<p><a href=\"https:\/\/adeochrono.fr\/index.php\/2025-resultats-15km-13-unis\/\" data-type=\"link\" data-id=\"https:\/\/adeochrono.fr\/index.php\/2025-resultats-15km-13-unis\/\" target=\"_blank\" rel=\"noreferrer noopener\">15Km. Classement G\u00e9n\u00e9ral<\/a><\/p>\n\n\n\n<div style=\"height:54px\" aria-hidden=\"true\" class=\"wp-block-spacer\"><\/div>\n","protected":false},"excerpt":{"rendered":"<p>13-Unis. Course de la Libert\u00e9 15Km. Classement G\u00e9n\u00e9ral<\/p>\n","protected":false},"author":1,"featured_media":0,"parent":0,"menu_order":0,"comment_status":"closed","ping_status":"closed","template":"","meta":{"footnotes":""},"class_list":["post-8463","page","type-page","status-publish","hentry"],"_links":{"self":[{"href":"https:\/\/adeochrono.fr\/index.php\/wp-json\/wp\/v2\/pages\/8463","targetHints":{"allow":["GET"]}}],"collection":[{"href":"https:\/\/adeochrono.fr\/index.php\/wp-json\/wp\/v2\/pages"}],"about":[{"href":"https:\/\/adeochrono.fr\/index.php\/wp-json\/wp\/v2\/types\/page"}],"author":[{"embeddable":true,"href":"https:\/\/adeochrono.fr\/index.php\/wp-json\/wp\/v2\/users\/1"}],"replies":[{"embeddable":true,"href":"https:\/\/adeochrono.fr\/index.php\/wp-json\/wp\/v2\/comments?post=8463"}],"version-history":[{"count":2,"href":"https:\/\/adeochrono.fr\/index.php\/wp-json\/wp\/v2\/pages\/8463\/revisions"}],"predecessor-version":[{"id":8470,"href":"https:\/\/adeochrono.fr\/index.php\/wp-json\/wp\/v2\/pages\/8463\/revisions\/8470"}],"wp:attachment":[{"href":"https:\/\/adeochrono.fr\/index.php\/wp-json\/wp\/v2\/media?parent=8463"}],"curies":[{"name":"wp","href":"https:\/\/api.w.org\/{rel}","templated":true}]}}