{"id":8250,"date":"2025-10-07T20:08:56","date_gmt":"2025-10-07T18:08:56","guid":{"rendered":"https:\/\/adeochrono.fr\/?page_id=8250"},"modified":"2025-10-07T20:16:07","modified_gmt":"2025-10-07T18:16:07","slug":"2025-resultats-la-spinassienne","status":"publish","type":"page","link":"https:\/\/adeochrono.fr\/index.php\/2025-resultats-la-spinassienne\/","title":{"rendered":"2025. R\u00e9sultats. La Spinassienne"},"content":{"rendered":"\n<div style=\"height:54px\" aria-hidden=\"true\" class=\"wp-block-spacer\"><\/div>\n\n\n\n<h2 class=\"wp-block-heading\">La Spinassienne<\/h2>\n\n\n\n<div style=\"height:54px\" aria-hidden=\"true\" class=\"wp-block-spacer\"><\/div>\n\n\n\n<p><a href=\"https:\/\/adeochrono.fr\/index.php\/2025-resultats-21km100-la-spinassienne\/\" data-type=\"link\" data-id=\"https:\/\/adeochrono.fr\/index.php\/2025-resultats-21km100-la-spinassienne\/\" target=\"_blank\" rel=\"noreferrer noopener\">Classement G\u00e9n\u00e9ral 21Km100<\/a><\/p>\n\n\n\n<p><a href=\"https:\/\/adeochrono.fr\/index.php\/2025-resultats-10km-la-spinassienne\/\" data-type=\"link\" data-id=\"https:\/\/adeochrono.fr\/index.php\/2025-resultats-10km-la-spinassienne\/\" target=\"_blank\" rel=\"noreferrer noopener\">Classement G\u00e9n\u00e9ral 10Km<\/a><\/p>\n\n\n\n<p><a href=\"https:\/\/adeochrono.fr\/index.php\/2025-resultats-3km800-la-spinassienne\/\" data-type=\"link\" data-id=\"https:\/\/adeochrono.fr\/index.php\/2025-resultats-3km800-la-spinassienne\/\" target=\"_blank\" rel=\"noreferrer noopener\">Classement G\u00e9n\u00e9ral 3Km800<\/a><\/p>\n\n\n\n<div style=\"height:54px\" aria-hidden=\"true\" class=\"wp-block-spacer\"><\/div>\n","protected":false},"excerpt":{"rendered":"<p>La Spinassienne Classement G\u00e9n\u00e9ral 21Km100 Classement G\u00e9n\u00e9ral 10Km Classement G\u00e9n\u00e9ral 3Km800<\/p>\n","protected":false},"author":1,"featured_media":0,"parent":0,"menu_order":0,"comment_status":"closed","ping_status":"closed","template":"","meta":{"footnotes":""},"class_list":["post-8250","page","type-page","status-publish","hentry"],"_links":{"self":[{"href":"https:\/\/adeochrono.fr\/index.php\/wp-json\/wp\/v2\/pages\/8250","targetHints":{"allow":["GET"]}}],"collection":[{"href":"https:\/\/adeochrono.fr\/index.php\/wp-json\/wp\/v2\/pages"}],"about":[{"href":"https:\/\/adeochrono.fr\/index.php\/wp-json\/wp\/v2\/types\/page"}],"author":[{"embeddable":true,"href":"https:\/\/adeochrono.fr\/index.php\/wp-json\/wp\/v2\/users\/1"}],"replies":[{"embeddable":true,"href":"https:\/\/adeochrono.fr\/index.php\/wp-json\/wp\/v2\/comments?post=8250"}],"version-history":[{"count":4,"href":"https:\/\/adeochrono.fr\/index.php\/wp-json\/wp\/v2\/pages\/8250\/revisions"}],"predecessor-version":[{"id":8264,"href":"https:\/\/adeochrono.fr\/index.php\/wp-json\/wp\/v2\/pages\/8250\/revisions\/8264"}],"wp:attachment":[{"href":"https:\/\/adeochrono.fr\/index.php\/wp-json\/wp\/v2\/media?parent=8250"}],"curies":[{"name":"wp","href":"https:\/\/api.w.org\/{rel}","templated":true}]}}