{"id":8227,"date":"2025-10-07T19:19:13","date_gmt":"2025-10-07T17:19:13","guid":{"rendered":"https:\/\/adeochrono.fr\/?page_id=8227"},"modified":"2025-10-07T19:35:28","modified_gmt":"2025-10-07T17:35:28","slug":"2025-resultats-la-casse-pattes","status":"publish","type":"page","link":"https:\/\/adeochrono.fr\/index.php\/2025-resultats-la-casse-pattes\/","title":{"rendered":"2025. R\u00e9sultats. La Casse Pattes"},"content":{"rendered":"\n<p><\/p>\n\n\n\n<h2 class=\"wp-block-heading\">La Casse Pattes 2025<\/h2>\n\n\n\n<div style=\"height:52px\" aria-hidden=\"true\" class=\"wp-block-spacer\"><\/div>\n\n\n\n<p><a href=\"https:\/\/adeochrono.fr\/index.php\/2025-1km500-la-casse-pattes\/\" data-type=\"link\" data-id=\"https:\/\/adeochrono.fr\/index.php\/2025-1km500-la-casse-pattes\/\" target=\"_blank\" rel=\"noreferrer noopener\">Classement G\u00e9n\u00e9ral 1Km500<\/a><\/p>\n\n\n\n<p><a href=\"https:\/\/adeochrono.fr\/index.php\/2025-2km500-be-la-casse-pattes\/\" data-type=\"link\" data-id=\"https:\/\/adeochrono.fr\/index.php\/2025-2km500-be-la-casse-pattes\/\" target=\"_blank\" rel=\"noreferrer noopener\">Classement G\u00e9n\u00e9ral 2Km500 Benjamins Benjamines<\/a><\/p>\n\n\n\n<p><a href=\"https:\/\/adeochrono.fr\/index.php\/2025-2km500-mi-la-casse-pattes\/\" data-type=\"link\" data-id=\"https:\/\/adeochrono.fr\/index.php\/2025-2km500-mi-la-casse-pattes\/\" target=\"_blank\" rel=\"noreferrer noopener\">Classement G\u00e9n\u00e9ral 2Km500 Minimes<\/a><\/p>\n\n\n\n<p><a href=\"https:\/\/adeochrono.fr\/index.php\/2025-10km-la-casse-pattes\/\" data-type=\"link\" data-id=\"https:\/\/adeochrono.fr\/index.php\/2025-10km-la-casse-pattes\/\" target=\"_blank\" rel=\"noreferrer noopener\">Classement G\u00e9n\u00e9ral 10Km<\/a><\/p>\n\n\n\n<p><a href=\"https:\/\/adeochrono.fr\/index.php\/2025-10km-relais-la-casse-pattes\/\" data-type=\"link\" data-id=\"https:\/\/adeochrono.fr\/index.php\/2025-10km-relais-la-casse-pattes\/\">Classement G\u00e9n\u00e9ral 10Km Relais<\/a><\/p>\n\n\n\n<p><\/p>\n","protected":false},"excerpt":{"rendered":"<p>La Casse Pattes 2025 Classement G\u00e9n\u00e9ral 1Km500 Classement G\u00e9n\u00e9ral 2Km500 Benjamins Benjamines Classement G\u00e9n\u00e9ral 2Km500 Minimes Classement G\u00e9n\u00e9ral 10Km Classement G\u00e9n\u00e9ral 10Km Relais<\/p>\n","protected":false},"author":1,"featured_media":0,"parent":0,"menu_order":0,"comment_status":"closed","ping_status":"closed","template":"","meta":{"footnotes":""},"class_list":["post-8227","page","type-page","status-publish","hentry"],"_links":{"self":[{"href":"https:\/\/adeochrono.fr\/index.php\/wp-json\/wp\/v2\/pages\/8227","targetHints":{"allow":["GET"]}}],"collection":[{"href":"https:\/\/adeochrono.fr\/index.php\/wp-json\/wp\/v2\/pages"}],"about":[{"href":"https:\/\/adeochrono.fr\/index.php\/wp-json\/wp\/v2\/types\/page"}],"author":[{"embeddable":true,"href":"https:\/\/adeochrono.fr\/index.php\/wp-json\/wp\/v2\/users\/1"}],"replies":[{"embeddable":true,"href":"https:\/\/adeochrono.fr\/index.php\/wp-json\/wp\/v2\/comments?post=8227"}],"version-history":[{"count":6,"href":"https:\/\/adeochrono.fr\/index.php\/wp-json\/wp\/v2\/pages\/8227\/revisions"}],"predecessor-version":[{"id":8249,"href":"https:\/\/adeochrono.fr\/index.php\/wp-json\/wp\/v2\/pages\/8227\/revisions\/8249"}],"wp:attachment":[{"href":"https:\/\/adeochrono.fr\/index.php\/wp-json\/wp\/v2\/media?parent=8227"}],"curies":[{"name":"wp","href":"https:\/\/api.w.org\/{rel}","templated":true}]}}