{"id":820,"date":"2023-10-23T17:51:48","date_gmt":"2023-10-23T15:51:48","guid":{"rendered":"https:\/\/adeochrono.fr\/?page_id=820"},"modified":"2023-10-23T17:53:08","modified_gmt":"2023-10-23T15:53:08","slug":"2023-resultats-les-foulees-canaveroises","status":"publish","type":"page","link":"https:\/\/adeochrono.fr\/index.php\/2023-resultats-les-foulees-canaveroises\/","title":{"rendered":"2023. R\u00e9sultats. Les Foul\u00e9es Canav\u00e9roises"},"content":{"rendered":"\n<h2 class=\"wp-block-heading\">Les Foul\u00e9es Canav\u00e9roises<\/h2>\n\n\n\n<div style=\"height:54px\" aria-hidden=\"true\" class=\"wp-block-spacer\"><\/div>\n\n\n\n<p><a href=\"https:\/\/adeochrono.fr\/index.php\/2023-8km-les-foulees-canaveroises\/\" data-type=\"link\" data-id=\"https:\/\/adeochrono.fr\/index.php\/2023-8km-les-foulees-canaveroises\/\" target=\"_blank\" rel=\"noreferrer noopener\">Classement 8km<\/a><\/p>\n\n\n\n<p><a href=\"https:\/\/adeochrono.fr\/index.php\/2023-4km-les-foulees-canaveroises\/\" data-type=\"link\" data-id=\"https:\/\/adeochrono.fr\/index.php\/2023-4km-les-foulees-canaveroises\/\" target=\"_blank\" rel=\"noreferrer noopener\">Classement 4km<\/a><\/p>\n","protected":false},"excerpt":{"rendered":"<p>Les Foul\u00e9es Canav\u00e9roises Classement 8km Classement 4km<\/p>\n","protected":false},"author":1,"featured_media":0,"parent":0,"menu_order":0,"comment_status":"closed","ping_status":"closed","template":"","meta":{"footnotes":""},"class_list":["post-820","page","type-page","status-publish","hentry"],"_links":{"self":[{"href":"https:\/\/adeochrono.fr\/index.php\/wp-json\/wp\/v2\/pages\/820","targetHints":{"allow":["GET"]}}],"collection":[{"href":"https:\/\/adeochrono.fr\/index.php\/wp-json\/wp\/v2\/pages"}],"about":[{"href":"https:\/\/adeochrono.fr\/index.php\/wp-json\/wp\/v2\/types\/page"}],"author":[{"embeddable":true,"href":"https:\/\/adeochrono.fr\/index.php\/wp-json\/wp\/v2\/users\/1"}],"replies":[{"embeddable":true,"href":"https:\/\/adeochrono.fr\/index.php\/wp-json\/wp\/v2\/comments?post=820"}],"version-history":[{"count":2,"href":"https:\/\/adeochrono.fr\/index.php\/wp-json\/wp\/v2\/pages\/820\/revisions"}],"predecessor-version":[{"id":822,"href":"https:\/\/adeochrono.fr\/index.php\/wp-json\/wp\/v2\/pages\/820\/revisions\/822"}],"wp:attachment":[{"href":"https:\/\/adeochrono.fr\/index.php\/wp-json\/wp\/v2\/media?parent=820"}],"curies":[{"name":"wp","href":"https:\/\/api.w.org\/{rel}","templated":true}]}}