{"id":8191,"date":"2025-10-03T12:57:44","date_gmt":"2025-10-03T10:57:44","guid":{"rendered":"https:\/\/adeochrono.fr\/?page_id=8191"},"modified":"2025-10-03T13:07:17","modified_gmt":"2025-10-03T11:07:17","slug":"2025-resultats-les-foulees-cannaveroises","status":"publish","type":"page","link":"https:\/\/adeochrono.fr\/index.php\/2025-resultats-les-foulees-cannaveroises\/","title":{"rendered":"2025. R\u00e9sultats. Les Foul\u00e9es Cannav\u00e9roises"},"content":{"rendered":"\n<p><\/p>\n\n\n\n<h2 class=\"wp-block-heading\">Les foul\u00e9es canav\u00e9roises 2025<\/h2>\n\n\n\n<div style=\"height:52px\" aria-hidden=\"true\" class=\"wp-block-spacer\"><\/div>\n\n\n\n<p><a href=\"https:\/\/adeochrono.fr\/index.php\/2025-8km-les-foulees-canaveroises\/\" data-type=\"link\" data-id=\"https:\/\/adeochrono.fr\/index.php\/2025-8km-les-foulees-canaveroises\/\" target=\"_blank\" rel=\"noreferrer noopener\">Classement G\u00e9n\u00e9ral 8Km<\/a><\/p>\n\n\n\n<p><a href=\"https:\/\/adeochrono.fr\/index.php\/2025-4km-les-foulees-canaveroises\/\" data-type=\"link\" data-id=\"https:\/\/adeochrono.fr\/index.php\/2025-4km-les-foulees-canaveroises\/\" target=\"_blank\" rel=\"noreferrer noopener\">Classement G\u00e9n\u00e9ral 4Km<\/a><\/p>\n\n\n\n<p><\/p>\n","protected":false},"excerpt":{"rendered":"<p>Les foul\u00e9es canav\u00e9roises 2025 Classement G\u00e9n\u00e9ral 8Km Classement G\u00e9n\u00e9ral 4Km<\/p>\n","protected":false},"author":1,"featured_media":0,"parent":0,"menu_order":0,"comment_status":"closed","ping_status":"closed","template":"","meta":{"footnotes":""},"class_list":["post-8191","page","type-page","status-publish","hentry"],"_links":{"self":[{"href":"https:\/\/adeochrono.fr\/index.php\/wp-json\/wp\/v2\/pages\/8191","targetHints":{"allow":["GET"]}}],"collection":[{"href":"https:\/\/adeochrono.fr\/index.php\/wp-json\/wp\/v2\/pages"}],"about":[{"href":"https:\/\/adeochrono.fr\/index.php\/wp-json\/wp\/v2\/types\/page"}],"author":[{"embeddable":true,"href":"https:\/\/adeochrono.fr\/index.php\/wp-json\/wp\/v2\/users\/1"}],"replies":[{"embeddable":true,"href":"https:\/\/adeochrono.fr\/index.php\/wp-json\/wp\/v2\/comments?post=8191"}],"version-history":[{"count":3,"href":"https:\/\/adeochrono.fr\/index.php\/wp-json\/wp\/v2\/pages\/8191\/revisions"}],"predecessor-version":[{"id":8201,"href":"https:\/\/adeochrono.fr\/index.php\/wp-json\/wp\/v2\/pages\/8191\/revisions\/8201"}],"wp:attachment":[{"href":"https:\/\/adeochrono.fr\/index.php\/wp-json\/wp\/v2\/media?parent=8191"}],"curies":[{"name":"wp","href":"https:\/\/api.w.org\/{rel}","templated":true}]}}