{"id":8123,"date":"2025-10-03T09:14:32","date_gmt":"2025-10-03T07:14:32","guid":{"rendered":"https:\/\/adeochrono.fr\/?page_id=8123"},"modified":"2025-10-03T09:18:18","modified_gmt":"2025-10-03T07:18:18","slug":"2025-resultats-37eme-tour-de-ballainvilliers","status":"publish","type":"page","link":"https:\/\/adeochrono.fr\/index.php\/2025-resultats-37eme-tour-de-ballainvilliers\/","title":{"rendered":"2025. R\u00e9sultats. 37\u00e8me tour de Ballainvilliers"},"content":{"rendered":"\n<p><\/p>\n\n\n\n<h2 class=\"wp-block-heading\">38\u00e8me tour de Ballainvilliers<\/h2>\n\n\n\n<div style=\"height:52px\" aria-hidden=\"true\" class=\"wp-block-spacer\"><\/div>\n\n\n\n<p><a href=\"https:\/\/adeochrono.fr\/index.php\/2025-5km-38eme-tour-de-ballainvilliers\/\" data-type=\"link\" data-id=\"https:\/\/adeochrono.fr\/index.php\/2025-5km-38eme-tour-de-ballainvilliers\/\" target=\"_blank\" rel=\"noreferrer noopener\">Classement G\u00e9n\u00e9ral 5 Km<\/a><\/p>\n\n\n\n<p><a href=\"https:\/\/adeochrono.fr\/index.php\/2025-10km-38eme-tour-de-ballainvilliers\/\" data-type=\"link\" data-id=\"https:\/\/adeochrono.fr\/index.php\/2025-10km-38eme-tour-de-ballainvilliers\/\" target=\"_blank\" rel=\"noreferrer noopener\">Classement G\u00e9n\u00e9ral 10 Km<\/a><\/p>\n","protected":false},"excerpt":{"rendered":"<p>38\u00e8me tour de Ballainvilliers Classement G\u00e9n\u00e9ral 5 Km Classement G\u00e9n\u00e9ral 10 Km<\/p>\n","protected":false},"author":1,"featured_media":0,"parent":0,"menu_order":0,"comment_status":"closed","ping_status":"closed","template":"","meta":{"footnotes":""},"class_list":["post-8123","page","type-page","status-publish","hentry"],"_links":{"self":[{"href":"https:\/\/adeochrono.fr\/index.php\/wp-json\/wp\/v2\/pages\/8123","targetHints":{"allow":["GET"]}}],"collection":[{"href":"https:\/\/adeochrono.fr\/index.php\/wp-json\/wp\/v2\/pages"}],"about":[{"href":"https:\/\/adeochrono.fr\/index.php\/wp-json\/wp\/v2\/types\/page"}],"author":[{"embeddable":true,"href":"https:\/\/adeochrono.fr\/index.php\/wp-json\/wp\/v2\/users\/1"}],"replies":[{"embeddable":true,"href":"https:\/\/adeochrono.fr\/index.php\/wp-json\/wp\/v2\/comments?post=8123"}],"version-history":[{"count":3,"href":"https:\/\/adeochrono.fr\/index.php\/wp-json\/wp\/v2\/pages\/8123\/revisions"}],"predecessor-version":[{"id":8133,"href":"https:\/\/adeochrono.fr\/index.php\/wp-json\/wp\/v2\/pages\/8123\/revisions\/8133"}],"wp:attachment":[{"href":"https:\/\/adeochrono.fr\/index.php\/wp-json\/wp\/v2\/media?parent=8123"}],"curies":[{"name":"wp","href":"https:\/\/api.w.org\/{rel}","templated":true}]}}