{"id":7686,"date":"2025-08-11T16:43:31","date_gmt":"2025-08-11T14:43:31","guid":{"rendered":"https:\/\/adeochrono.fr\/?page_id=7686"},"modified":"2025-08-11T16:52:23","modified_gmt":"2025-08-11T14:52:23","slug":"2025-presentation-grand-cross-de-massy","status":"publish","type":"page","link":"https:\/\/adeochrono.fr\/index.php\/2025-presentation-grand-cross-de-massy\/","title":{"rendered":"2025. Pr\u00e9sentation &#8211; Grand cross de Massy"},"content":{"rendered":"<div class=\"wp-block-image\">\n<figure class=\"aligncenter size-large is-resized\"><img loading=\"lazy\" decoding=\"async\" width=\"1024\" height=\"536\" src=\"https:\/\/adeochrono.fr\/wp-content\/uploads\/2024\/10\/Couverture-event-FB-1024x536.jpg\" alt=\"\" class=\"wp-image-4636\" style=\"width:674px;height:auto\" srcset=\"https:\/\/adeochrono.fr\/wp-content\/uploads\/2024\/10\/Couverture-event-FB-1024x536.jpg 1024w, https:\/\/adeochrono.fr\/wp-content\/uploads\/2024\/10\/Couverture-event-FB-300x157.jpg 300w, https:\/\/adeochrono.fr\/wp-content\/uploads\/2024\/10\/Couverture-event-FB-768x402.jpg 768w, https:\/\/adeochrono.fr\/wp-content\/uploads\/2024\/10\/Couverture-event-FB-1536x804.jpg 1536w, https:\/\/adeochrono.fr\/wp-content\/uploads\/2024\/10\/Couverture-event-FB.jpg 1600w\" sizes=\"auto, (max-width: 1024px) 100vw, 1024px\" \/><\/figure>\n<\/div>\n\n\n<div style=\"height:50px\" aria-hidden=\"true\" class=\"wp-block-spacer\"><\/div>\n\n\n\n<p class=\"has-text-align-center has-text-color has-link-color has-large-font-size wp-elements-47de9f376dfba96a8874ede18cfac547\" style=\"color:#131368\"><strong>Dimanche 7 d\u00e9cembre 2025<\/strong><\/p>\n\n\n\n<div class=\"wp-block-buttons is-content-justification-center is-layout-flex wp-container-core-buttons-is-layout-16018d1d wp-block-buttons-is-layout-flex\">\n<div class=\"wp-block-button\"><a class=\"wp-block-button__link has-luminous-vivid-amber-background-color has-text-color has-background has-text-align-center wp-element-button\" href=\"https:\/\/cross-de-massy.adeorun.com\/inscription\" style=\"color:#131368\" target=\"_blank\" rel=\"noreferrer noopener\"><strong>Inscriptions<\/strong><\/a><\/div>\n\n\n\n<div class=\"wp-block-button\"><a class=\"wp-block-button__link has-luminous-vivid-amber-background-color has-text-color has-background has-text-align-center wp-element-button\" href=\"https:\/\/dcr2ikgls5h9r.cloudfront.net\/event\/clnu7fadl02t5p9uk53xvxjae\/reglement.pdf\" style=\"color:#131368\" target=\"_blank\" rel=\"noreferrer noopener\"><strong>R\u00e8glement<\/strong><\/a><\/div>\n\n\n\n<div class=\"wp-block-button\"><a class=\"wp-block-button__link has-luminous-vivid-amber-background-color has-text-color has-background has-text-align-center wp-element-button\" href=\"https:\/\/pps.athle.fr\/\" style=\"color:#131368\" target=\"_blank\" rel=\"noreferrer noopener\"><strong>PPS<\/strong><\/a><\/div>\n\n\n\n<div class=\"wp-block-button\"><a class=\"wp-block-button__link has-luminous-vivid-amber-background-color has-text-color has-background has-link-color wp-element-button\" href=\"https:\/\/adeochrono.fr\/index.php\/resultats\/\" style=\"color:#131368\" target=\"_blank\" rel=\"noreferrer noopener\"><strong>Classements<\/strong><\/a><\/div>\n<\/div>\n\n\n\n<div style=\"height:50px\" aria-hidden=\"true\" class=\"wp-block-spacer\"><\/div>\n\n\n\n<p class=\"has-text-align-center has-text-color has-large-font-size\" style=\"color:#131368\"><strong>Programme :<\/strong><\/p>\n\n\n<div class=\"wp-block-image\">\n<figure class=\"aligncenter size-full\"><img loading=\"lazy\" decoding=\"async\" width=\"610\" height=\"232\" src=\"https:\/\/adeochrono.fr\/wp-content\/uploads\/2025\/08\/image.png\" alt=\"\" class=\"wp-image-7687\" srcset=\"https:\/\/adeochrono.fr\/wp-content\/uploads\/2025\/08\/image.png 610w, https:\/\/adeochrono.fr\/wp-content\/uploads\/2025\/08\/image-300x114.png 300w\" sizes=\"auto, (max-width: 610px) 100vw, 610px\" \/><\/figure>\n<\/div>\n\n\n<p class=\"has-text-align-center has-medium-font-size\"><\/p>\n\n\n\n<p class=\"has-text-align-center has-black-color has-text-color has-medium-font-size\">Pour toutes les courses chronom\u00e9tr\u00e9es : <strong><a href=\"https:\/\/pps.athle.fr\/\" data-type=\"link\" data-id=\"https:\/\/pps.athle.fr\/\" target=\"_blank\" rel=\"noreferrer noopener\">PPS<\/a> <\/strong>obligatoire pour les non licenci\u00e9s FFA <br>ou autorisation parentale pour les mineurs.<\/p>\n\n\n\n<div style=\"height:50px\" aria-hidden=\"true\" class=\"wp-block-spacer\"><\/div>\n\n\n\n<p class=\"has-text-align-center has-text-color has-large-font-size\" style=\"color:#131368\"><strong>Inscriptions clubs :<\/strong><\/p>\n\n\n\n<p class=\"has-text-align-center has-medium-font-size\"><strong>Faites la demande du fichier \u00e0 remplir en cliquant <a href=\"https:\/\/adeochrono.fr\/index.php\/contact\/\" data-type=\"link\" data-id=\"https:\/\/adeochrono.fr\/index.php\/contact\/\" target=\"_blank\" rel=\"noreferrer noopener\">ici<\/a><\/strong><\/p>\n\n\n\n<p class=\"has-text-align-center has-medium-font-size\">Suite \u00e0 votre demande, nous vous enverrons tr\u00e8s rapidement un fichier type \u00e0 remplir dans sa totalit\u00e9 et \u00e0 nous renvoyer afin d&rsquo;inscrire l&rsquo;ensemble de vos athl\u00e8tes en une seule fois.<\/p>\n\n\n\n<p class=\"has-text-align-center has-medium-font-size\">Nous vous donnerons ensuite un acc\u00e8s \u00e0 la plateforme ADEORUN pour t\u00e9l\u00e9charger votre facture et r\u00e9gler le montant de vos inscriptions par CB ou virement. <\/p>\n\n\n\n<p class=\"has-text-align-center has-medium-font-size\">Attention cette m\u00e9thode oblige le paiement depuis la plateforme ADEORUN, dans le cas contraire nous vous invitons \u00e0 passer par les formulaires standard d&rsquo;inscription.<\/p>\n\n\n\n<div style=\"height:50px\" aria-hidden=\"true\" class=\"wp-block-spacer\"><\/div>\n\n\n\n<p class=\"has-text-align-center has-text-color has-large-font-size\" style=\"color:#131368\"><strong>Tarifs :<\/strong><\/p>\n\n\n<div class=\"wp-block-image\">\n<figure class=\"aligncenter size-full\"><img loading=\"lazy\" decoding=\"async\" width=\"619\" height=\"168\" src=\"https:\/\/adeochrono.fr\/wp-content\/uploads\/2025\/08\/image-1.png\" alt=\"\" class=\"wp-image-7688\" srcset=\"https:\/\/adeochrono.fr\/wp-content\/uploads\/2025\/08\/image-1.png 619w, https:\/\/adeochrono.fr\/wp-content\/uploads\/2025\/08\/image-1-300x81.png 300w\" sizes=\"auto, (max-width: 619px) 100vw, 619px\" \/><\/figure>\n<\/div>\n\n\n<p class=\"has-medium-font-size\"><\/p>\n\n\n\n<p class=\"has-text-align-center has-text-color has-large-font-size\" style=\"color:#131368\"><strong>Pour plus d&rsquo;informations  :<\/strong><\/p>\n\n\n\n<p class=\"has-text-align-center has-medium-font-size\"><a href=\"http:\/\/www.massy-athle.fr\" target=\"_blank\" rel=\"noreferrer noopener\">http:\/\/www.massy-athle.fr<\/a><\/p>\n","protected":false},"excerpt":{"rendered":"<p>Dimanche 7 d\u00e9cembre 2025 Programme : Pour toutes les courses chronom\u00e9tr\u00e9es : PPS obligatoire pour les non licenci\u00e9s FFA ou autorisation parentale pour les mineurs. Inscriptions clubs : Faites la &#8230;<\/p>\n","protected":false},"author":1,"featured_media":0,"parent":0,"menu_order":0,"comment_status":"closed","ping_status":"closed","template":"","meta":{"footnotes":""},"class_list":["post-7686","page","type-page","status-publish","hentry"],"_links":{"self":[{"href":"https:\/\/adeochrono.fr\/index.php\/wp-json\/wp\/v2\/pages\/7686","targetHints":{"allow":["GET"]}}],"collection":[{"href":"https:\/\/adeochrono.fr\/index.php\/wp-json\/wp\/v2\/pages"}],"about":[{"href":"https:\/\/adeochrono.fr\/index.php\/wp-json\/wp\/v2\/types\/page"}],"author":[{"embeddable":true,"href":"https:\/\/adeochrono.fr\/index.php\/wp-json\/wp\/v2\/users\/1"}],"replies":[{"embeddable":true,"href":"https:\/\/adeochrono.fr\/index.php\/wp-json\/wp\/v2\/comments?post=7686"}],"version-history":[{"count":2,"href":"https:\/\/adeochrono.fr\/index.php\/wp-json\/wp\/v2\/pages\/7686\/revisions"}],"predecessor-version":[{"id":7690,"href":"https:\/\/adeochrono.fr\/index.php\/wp-json\/wp\/v2\/pages\/7686\/revisions\/7690"}],"wp:attachment":[{"href":"https:\/\/adeochrono.fr\/index.php\/wp-json\/wp\/v2\/media?parent=7686"}],"curies":[{"name":"wp","href":"https:\/\/api.w.org\/{rel}","templated":true}]}}