{"id":7602,"date":"2025-07-22T16:55:29","date_gmt":"2025-07-22T14:55:29","guid":{"rendered":"https:\/\/adeochrono.fr\/?page_id=7602"},"modified":"2025-09-30T12:19:32","modified_gmt":"2025-09-30T10:19:32","slug":"2025-presentation-trail-de-la-pontoise-2","status":"publish","type":"page","link":"https:\/\/adeochrono.fr\/index.php\/2025-presentation-trail-de-la-pontoise-2\/","title":{"rendered":"2025 &#8211; Pr\u00e9sentation &#8211; Trail de la Pont&rsquo;Oise"},"content":{"rendered":"\n<div style=\"height:60px\" aria-hidden=\"true\" class=\"wp-block-spacer\"><\/div>\n\n\n\n<h2 class=\"wp-block-heading has-text-align-center has-black-color has-text-color has-link-color has-large-font-size wp-elements-4bd76ebd21ff9152df70d48045118e67\"><strong>Trail de la Pont&rsquo;Oise<\/strong><\/h2>\n\n\n\n<p class=\"has-text-align-center has-black-color has-text-color has-link-color has-large-font-size wp-elements-2c8d207f5b4f410810d3debf19789db4\"><strong>Samedi 22 novembre 2025<\/strong><\/p>\n\n\n\n<div style=\"height:60px\" aria-hidden=\"true\" class=\"wp-block-spacer\"><\/div>\n\n\n\n<figure class=\"wp-block-gallery has-nested-images columns-default is-cropped wp-block-gallery-1 is-layout-flex wp-block-gallery-is-layout-flex\">\n<figure class=\"wp-block-image size-large\"><img loading=\"lazy\" decoding=\"async\" width=\"1024\" height=\"1024\" data-id=\"4064\" src=\"https:\/\/adeochrono.fr\/wp-content\/uploads\/2024\/09\/Pontoise-840x560-1-1024x1024.jpg\" alt=\"\" class=\"wp-image-4064\" srcset=\"https:\/\/adeochrono.fr\/wp-content\/uploads\/2024\/09\/Pontoise-840x560-1-1024x1024.jpg 1024w, https:\/\/adeochrono.fr\/wp-content\/uploads\/2024\/09\/Pontoise-840x560-1-300x300.jpg 300w, https:\/\/adeochrono.fr\/wp-content\/uploads\/2024\/09\/Pontoise-840x560-1-150x150.jpg 150w, https:\/\/adeochrono.fr\/wp-content\/uploads\/2024\/09\/Pontoise-840x560-1-768x768.jpg 768w, https:\/\/adeochrono.fr\/wp-content\/uploads\/2024\/09\/Pontoise-840x560-1-1536x1536.jpg 1536w, https:\/\/adeochrono.fr\/wp-content\/uploads\/2024\/09\/Pontoise-840x560-1-2048x2048.jpg 2048w\" sizes=\"auto, (max-width: 1024px) 100vw, 1024px\" \/><\/figure>\n\n\n\n<figure class=\"wp-block-image size-full\"><img loading=\"lazy\" decoding=\"async\" width=\"840\" height=\"560\" data-id=\"4066\" src=\"https:\/\/adeochrono.fr\/wp-content\/uploads\/2024\/09\/840x560-photo-2.jpg\" alt=\"\" class=\"wp-image-4066\" srcset=\"https:\/\/adeochrono.fr\/wp-content\/uploads\/2024\/09\/840x560-photo-2.jpg 840w, https:\/\/adeochrono.fr\/wp-content\/uploads\/2024\/09\/840x560-photo-2-300x200.jpg 300w, https:\/\/adeochrono.fr\/wp-content\/uploads\/2024\/09\/840x560-photo-2-768x512.jpg 768w\" sizes=\"auto, (max-width: 840px) 100vw, 840px\" \/><\/figure>\n\n\n\n<figure class=\"wp-block-image size-large\"><img loading=\"lazy\" decoding=\"async\" width=\"840\" height=\"560\" data-id=\"4067\" src=\"https:\/\/adeochrono.fr\/wp-content\/uploads\/2024\/09\/840x560-photo-3.jpg\" alt=\"\" class=\"wp-image-4067\" srcset=\"https:\/\/adeochrono.fr\/wp-content\/uploads\/2024\/09\/840x560-photo-3.jpg 840w, https:\/\/adeochrono.fr\/wp-content\/uploads\/2024\/09\/840x560-photo-3-300x200.jpg 300w, https:\/\/adeochrono.fr\/wp-content\/uploads\/2024\/09\/840x560-photo-3-768x512.jpg 768w\" sizes=\"auto, (max-width: 840px) 100vw, 840px\" \/><\/figure>\n<\/figure>\n\n\n\n<div style=\"height:60px\" aria-hidden=\"true\" class=\"wp-block-spacer\"><\/div>\n\n\n\n<div class=\"wp-block-buttons is-content-justification-center is-layout-flex wp-container-core-buttons-is-layout-16018d1d wp-block-buttons-is-layout-flex\">\n<div class=\"wp-block-button is-style-fill\"><a class=\"wp-block-button__link has-vivid-cyan-blue-color has-black-background-color has-text-color has-background has-link-color wp-element-button\" href=\"https:\/\/trail-de-la-pontoise.adeorun.com\/\" target=\"_blank\" rel=\"noreferrer noopener\"><strong>Inscriptions<\/strong><\/a><\/div>\n\n\n\n<div class=\"wp-block-button\"><a class=\"wp-block-button__link has-vivid-cyan-blue-color has-black-background-color has-text-color has-background has-link-color wp-element-button\" href=\"https:\/\/dcr2ikgls5h9r.cloudfront.net\/event\/cm0mdvv600gn18cg640h8jlgi\/reglement.pdf\" target=\"_blank\" rel=\"noreferrer noopener\"><strong>R\u00e8glement<\/strong><\/a><\/div>\n\n\n\n<div class=\"wp-block-button\"><a class=\"wp-block-button__link has-vivid-cyan-blue-color has-black-background-color has-text-color has-background has-link-color wp-element-button\" href=\"https:\/\/pps.athle.fr\/\" target=\"_blank\" rel=\"noreferrer noopener\"><strong>PPS<\/strong><\/a><\/div>\n\n\n\n<div class=\"wp-block-button\"><a class=\"wp-block-button__link has-vivid-cyan-blue-color has-black-background-color has-text-color has-background has-link-color wp-element-button\" href=\"https:\/\/adeochrono.fr\/index.php\/resultats\/\" target=\"_blank\" rel=\"noreferrer noopener\"><strong>R\u00e9sultats<\/strong><\/a><\/div>\n<\/div>\n\n\n\n<div style=\"height:60px\" aria-hidden=\"true\" class=\"wp-block-spacer\"><\/div>\n\n\n<div class=\"hurrytimer-cdt hurrytimer-cdt--4068 hurrytimer-campaign hurryt-loading hurrytimer-campaign-4068\" data-config=\"{&quot;id&quot;:4068,&quot;run_in_background&quot;:false,&quot;sticky&quot;:false,&quot;product_ids&quot;:[],&quot;actions&quot;:[{&quot;id&quot;:1,&quot;redirectUrl&quot;:&quot;&quot;,&quot;message&quot;:&quot;&quot;,&quot;coupon&quot;:&quot;&quot;,&quot;wcStockStatus&quot;:&quot;instock&quot;}],&quot;template&quot;:&quot;&lt;div class=\\&quot;hurrytimer-timer-block hurrytimer-cdt__dur\\&quot;&gt;&lt;div class=\\&quot;hurrytimer-timer-digit hurrytimer-cdt__time\\&quot;&gt;%m&lt;\\\/div&gt;&lt;div class=\\&quot;hurrytimer-timer-label hurrytimer-cdt__label\\&quot; &gt;Mois&lt;\\\/div&gt;&lt;\\\/div&gt;&lt;div class=\\&quot;hurrytimer-cdt__sep hurrytimer-timer-sep\\&quot;&gt;:&lt;\\\/div&gt;&lt;div class=\\&quot;hurrytimer-timer-block hurrytimer-cdt__dur\\&quot;&gt;&lt;div class=\\&quot;hurrytimer-timer-digit hurrytimer-cdt__time\\&quot;&gt;%n&lt;\\\/div&gt;&lt;div class=\\&quot;hurrytimer-timer-label hurrytimer-cdt__label\\&quot; &gt;Jours&lt;\\\/div&gt;&lt;\\\/div&gt;&lt;div class=\\&quot;hurrytimer-cdt__sep hurrytimer-timer-sep\\&quot;&gt;:&lt;\\\/div&gt;&lt;div class=\\&quot;hurrytimer-timer-block hurrytimer-cdt__dur\\&quot;&gt;&lt;div class=\\&quot;hurrytimer-timer-digit hurrytimer-cdt__time\\&quot;&gt;%H&lt;\\\/div&gt;&lt;div class=\\&quot;hurrytimer-timer-label hurrytimer-cdt__label\\&quot; &gt;H&lt;\\\/div&gt;&lt;\\\/div&gt;&lt;div class=\\&quot;hurrytimer-cdt__sep hurrytimer-timer-sep\\&quot;&gt;:&lt;\\\/div&gt;&lt;div class=\\&quot;hurrytimer-timer-block hurrytimer-cdt__dur\\&quot;&gt;&lt;div class=\\&quot;hurrytimer-timer-digit hurrytimer-cdt__time\\&quot;&gt;%M&lt;\\\/div&gt;&lt;div class=\\&quot;hurrytimer-timer-label hurrytimer-cdt__label\\&quot; &gt;M&lt;\\\/div&gt;&lt;\\\/div&gt;&lt;div class=\\&quot;hurrytimer-cdt__sep hurrytimer-timer-sep\\&quot;&gt;:&lt;\\\/div&gt;&lt;div class=\\&quot;hurrytimer-timer-block hurrytimer-cdt__dur\\&quot;&gt;&lt;div class=\\&quot;hurrytimer-timer-digit hurrytimer-cdt__time\\&quot;&gt;%S&lt;\\\/div&gt;&lt;div class=\\&quot;hurrytimer-timer-label hurrytimer-cdt__label\\&quot; &gt;S&lt;\\\/div&gt;&lt;\\\/div&gt;&quot;,&quot;methods&quot;:[1,2],&quot;mode&quot;:&quot;one_time&quot;,&quot;sticky_bar_hide_timeout&quot;:7,&quot;recurr&quot;:false,&quot;timeToNextRecurrence&quot;:0,&quot;isRegular&quot;:true,&quot;endDate&quot;:1763679540000}\" ><div class=\"hurrytimer-cdt__headline hurrytimer-headline\">Fin des inscriptions dans<\/div><div class=\"hurrytimer-cdt__inner hurrytimer-timer\"><\/div><\/div>\n\n\n\n<div style=\"height:60px\" aria-hidden=\"true\" class=\"wp-block-spacer\"><\/div>\n\n\n\n<p class=\"has-text-align-center has-medium-font-size\"><strong>D\u00e9part et arriv\u00e9e, au Gymnase la Salamandre rue du stade et pour les enfants d\u00e9part rue Charles Frigaux&nbsp;arriv\u00e9e rue du stade<\/strong><\/p>\n\n\n\n<div style=\"height:60px\" aria-hidden=\"true\" class=\"wp-block-spacer\"><\/div>\n\n\n\n<p class=\"has-text-align-center has-vivid-cyan-blue-color has-text-color has-link-color has-large-font-size wp-elements-f87807db41aa5c778640996e969cd264\"><strong>Horaires, Distances et Tarifs :<\/strong><\/p>\n\n\n\n<ul class=\"wp-block-list\">\n<li><strong>16h00 <\/strong>&#8211; Trail 25 km &#8211; 19 euros <\/li>\n\n\n\n<li><strong>17h00 <\/strong>&#8211; Trail 15km \u2013 15 euros<\/li>\n\n\n\n<li><strong>17h15 <\/strong>&#8211; Trail 8Km \u2013 10 euros&nbsp;<\/li>\n\n\n\n<li><strong>16h15 <\/strong>&#8211; Randonn\u00e9e 10 km  &#8211; 5 euros<\/li>\n\n\n\n<li><strong>16h45 <\/strong>Courses enfants \/ Jeunes &#8211; 2 euros<\/li>\n<\/ul>\n\n\n\n<div style=\"height:60px\" aria-hidden=\"true\" class=\"wp-block-spacer\"><\/div>\n\n\n\n<p class=\"has-text-align-center has-black-color has-text-color has-link-color has-medium-font-size wp-elements-c65cc70506b57a04db9e4e6352d03620\"><strong>Pour toutes les courses chronom\u00e9tr\u00e9es : <\/strong><\/p>\n\n\n\n<p class=\"has-text-align-center has-medium-font-size\"><a href=\"https:\/\/pps.athle.fr\/\" target=\"_blank\" rel=\"noreferrer noopener\"><strong>PPS <\/strong><\/a><strong>obligatoire pour les non licenci\u00e9s FFA dat\u00e9 de moins de 3 mois ou <a href=\"http:\/\/adeochrono.fr\/wp-content\/uploads\/2024\/10\/2024.-Autorisation-parentale-necessaire-pour-mineur.pdf\" data-type=\"link\" data-id=\"http:\/\/adeochrono.fr\/wp-content\/uploads\/2024\/10\/2024.-Autorisation-parentale-necessaire-pour-mineur.pdf\" target=\"_blank\" rel=\"noreferrer noopener\">autorisation parentale<\/a> pour les mineurs<\/strong>.<\/p>\n\n\n\n<div style=\"height:60px\" aria-hidden=\"true\" class=\"wp-block-spacer\"><\/div>\n\n\n\n<p class=\"has-text-align-center has-vivid-cyan-blue-color has-text-color has-link-color has-large-font-size wp-elements-b803dd5895e4637a2f518472fd864127\"><strong>Acc\u00e8s  :<\/strong><\/p>\n\n\n\n<ul class=\"wp-block-list\">\n<li><strong>Depuis Paris ou Compi\u00e8gne&nbsp;<\/strong>&#8211; Autoroute A1, sortie Senlis, \u00e0&nbsp;<strong>15\/20km&nbsp;au nord de Roissy, puis suivre Pont-Sainte-Maxence<\/strong><\/li>\n\n\n\n<li><strong>Depuis Beauvais&nbsp;<\/strong>&#8211; Direction Clermont, Creil puis Pont-Sainte-Maxence<\/li>\n\n\n\n<li><strong>Depuis Cergy Pontoise&nbsp;<\/strong>&#8211; Direction A\u00e9roport Charles de Gaulle, sortie Senlis, Pont-Sainte-Maxence<\/li>\n\n\n\n<li><strong>Depuis Soissons&nbsp;<\/strong>&#8211; Direction Compi\u00e8gne, puis Pont-Sainte-Maxence<\/li>\n<\/ul>\n\n\n\n<div style=\"height:65px\" aria-hidden=\"true\" class=\"wp-block-spacer\"><\/div>\n\n\n\n<p class=\"has-text-align-center has-vivid-cyan-blue-color has-text-color has-link-color has-large-font-size wp-elements-3646cb7fc609531b5489e8f0152c7745\"><strong>Renseignements&nbsp;et contacts :<\/strong><\/p>\n\n\n\n<p class=\"has-text-align-center has-small-font-size\"><strong>Mail :&nbsp;<\/strong><a href=\"mailto:mairie.dvacs@pontsaintemaxence.fr\" target=\"_blank\" rel=\"noreferrer noopener\">mairie.dvacs@pontsaintemaxence.fr<\/a>&nbsp;<\/p>\n\n\n\n<p class=\"has-text-align-center\"><strong>Site&nbsp;<\/strong>:&nbsp;<a href=\"http:\/\/www.pontsaintemaxence.fr\/\" target=\"_blank\" rel=\"noreferrer noopener\">www.pontsaintemaxence.fr<\/a><\/p>\n\n\n\n<p class=\"has-text-align-center\"><strong>T\u00e9l :<\/strong> 03 44 53 12 75<\/p>\n\n\n\n<p class=\"has-text-align-center\"><br>Direction de la Vie Associative Culturelle et Sportive Ch\u00e2teau Richard&nbsp;<br>20 rue Louis Boilet CS 46000 60721 Pont-Sainte-Maxence<\/p>\n\n\n\n<div style=\"height:65px\" aria-hidden=\"true\" class=\"wp-block-spacer\"><\/div>\n\n\n<div class=\"wp-block-image\">\n<figure class=\"aligncenter size-full is-resized\"><img loading=\"lazy\" decoding=\"async\" width=\"700\" height=\"900\" src=\"https:\/\/adeochrono.fr\/wp-content\/uploads\/2025\/09\/2025.-Pontoise-affiche-new-new.jpg\" alt=\"\" class=\"wp-image-8085\" style=\"width:548px;height:auto\" srcset=\"https:\/\/adeochrono.fr\/wp-content\/uploads\/2025\/09\/2025.-Pontoise-affiche-new-new.jpg 700w, https:\/\/adeochrono.fr\/wp-content\/uploads\/2025\/09\/2025.-Pontoise-affiche-new-new-233x300.jpg 233w\" sizes=\"auto, (max-width: 700px) 100vw, 700px\" \/><\/figure>\n<\/div>","protected":false},"excerpt":{"rendered":"<p>Trail de la Pont&rsquo;Oise Samedi 22 novembre 2025 D\u00e9part et arriv\u00e9e, au Gymnase la Salamandre rue du stade et pour les enfants d\u00e9part rue Charles Frigaux&nbsp;arriv\u00e9e rue du stade Horaires, &#8230;<\/p>\n","protected":false},"author":1,"featured_media":0,"parent":0,"menu_order":0,"comment_status":"closed","ping_status":"closed","template":"","meta":{"footnotes":""},"class_list":["post-7602","page","type-page","status-publish","hentry"],"_links":{"self":[{"href":"https:\/\/adeochrono.fr\/index.php\/wp-json\/wp\/v2\/pages\/7602","targetHints":{"allow":["GET"]}}],"collection":[{"href":"https:\/\/adeochrono.fr\/index.php\/wp-json\/wp\/v2\/pages"}],"about":[{"href":"https:\/\/adeochrono.fr\/index.php\/wp-json\/wp\/v2\/types\/page"}],"author":[{"embeddable":true,"href":"https:\/\/adeochrono.fr\/index.php\/wp-json\/wp\/v2\/users\/1"}],"replies":[{"embeddable":true,"href":"https:\/\/adeochrono.fr\/index.php\/wp-json\/wp\/v2\/comments?post=7602"}],"version-history":[{"count":5,"href":"https:\/\/adeochrono.fr\/index.php\/wp-json\/wp\/v2\/pages\/7602\/revisions"}],"predecessor-version":[{"id":8086,"href":"https:\/\/adeochrono.fr\/index.php\/wp-json\/wp\/v2\/pages\/7602\/revisions\/8086"}],"wp:attachment":[{"href":"https:\/\/adeochrono.fr\/index.php\/wp-json\/wp\/v2\/media?parent=7602"}],"curies":[{"name":"wp","href":"https:\/\/api.w.org\/{rel}","templated":true}]}}