{"id":7405,"date":"2025-06-19T11:24:13","date_gmt":"2025-06-19T09:24:13","guid":{"rendered":"https:\/\/adeochrono.fr\/?page_id=7405"},"modified":"2025-06-29T14:34:39","modified_gmt":"2025-06-29T12:34:39","slug":"2025-resultats-les-foulees-thillaysiennes","status":"publish","type":"page","link":"https:\/\/adeochrono.fr\/index.php\/2025-resultats-les-foulees-thillaysiennes\/","title":{"rendered":"2025. R\u00e9sultats. Les Foul\u00e9es Thillaysiennes"},"content":{"rendered":"\n<p><\/p>\n\n\n\n<h2 class=\"wp-block-heading\">Les Foul\u00e9es Thillaysiennes 2025<\/h2>\n\n\n\n<div style=\"height:52px\" aria-hidden=\"true\" class=\"wp-block-spacer\"><\/div>\n\n\n\n<p><a href=\"https:\/\/adeochrono.fr\/index.php\/2025-resultats-les-foulees-thillaysienne-5km\/\" data-type=\"link\" data-id=\"https:\/\/adeochrono.fr\/index.php\/2025-resultats-les-foulees-thillaysienne-5km\/\" target=\"_blank\" rel=\"noreferrer noopener\">5Km Classement G\u00e9n\u00e9ral<\/a><\/p>\n\n\n\n<p><a href=\"https:\/\/adeochrono.fr\/index.php\/2025-resultats-les-foulees-thillaysienne-10km\/\" data-type=\"link\" data-id=\"https:\/\/adeochrono.fr\/index.php\/2025-resultats-les-foulees-thillaysienne-10km\/\" target=\"_blank\" rel=\"noreferrer noopener\">10Km Classement G\u00e9n\u00e9ral<\/a><\/p>\n\n\n\n<p><\/p>\n","protected":false},"excerpt":{"rendered":"<p>Les Foul\u00e9es Thillaysiennes 2025 5Km Classement G\u00e9n\u00e9ral 10Km Classement G\u00e9n\u00e9ral<\/p>\n","protected":false},"author":1,"featured_media":0,"parent":0,"menu_order":0,"comment_status":"closed","ping_status":"closed","template":"","meta":{"footnotes":""},"class_list":["post-7405","page","type-page","status-publish","hentry"],"_links":{"self":[{"href":"https:\/\/adeochrono.fr\/index.php\/wp-json\/wp\/v2\/pages\/7405","targetHints":{"allow":["GET"]}}],"collection":[{"href":"https:\/\/adeochrono.fr\/index.php\/wp-json\/wp\/v2\/pages"}],"about":[{"href":"https:\/\/adeochrono.fr\/index.php\/wp-json\/wp\/v2\/types\/page"}],"author":[{"embeddable":true,"href":"https:\/\/adeochrono.fr\/index.php\/wp-json\/wp\/v2\/users\/1"}],"replies":[{"embeddable":true,"href":"https:\/\/adeochrono.fr\/index.php\/wp-json\/wp\/v2\/comments?post=7405"}],"version-history":[{"count":5,"href":"https:\/\/adeochrono.fr\/index.php\/wp-json\/wp\/v2\/pages\/7405\/revisions"}],"predecessor-version":[{"id":7563,"href":"https:\/\/adeochrono.fr\/index.php\/wp-json\/wp\/v2\/pages\/7405\/revisions\/7563"}],"wp:attachment":[{"href":"https:\/\/adeochrono.fr\/index.php\/wp-json\/wp\/v2\/media?parent=7405"}],"curies":[{"name":"wp","href":"https:\/\/api.w.org\/{rel}","templated":true}]}}