{"id":7207,"date":"2025-06-13T10:10:28","date_gmt":"2025-06-13T08:10:28","guid":{"rendered":"https:\/\/adeochrono.fr\/?page_id=7207"},"modified":"2025-06-13T10:15:19","modified_gmt":"2025-06-13T08:15:19","slug":"2025-resultats-la-villepatrail","status":"publish","type":"page","link":"https:\/\/adeochrono.fr\/index.php\/2025-resultats-la-villepatrail\/","title":{"rendered":"2025. R\u00e9sultats. La Villepa&rsquo;Trail"},"content":{"rendered":"\n<p><\/p>\n\n\n\n<h2 class=\"wp-block-heading\">La Villepa&rsquo;Trail 2025<\/h2>\n\n\n\n<div style=\"height:52px\" aria-hidden=\"true\" class=\"wp-block-spacer\"><\/div>\n\n\n\n<p><a href=\"https:\/\/adeochrono.fr\/index.php\/2025-resultats-la-villepatrail-22km\/\" data-type=\"link\" data-id=\"https:\/\/adeochrono.fr\/index.php\/2025-resultats-la-villepatrail-22km\/\" target=\"_blank\" rel=\"noreferrer noopener\">Classement g\u00e9n\u00e9ral 22km<\/a><\/p>\n\n\n\n<p><a href=\"https:\/\/adeochrono.fr\/index.php\/2025-resultats-la-villepatrail-12km\/\" data-type=\"link\" data-id=\"https:\/\/adeochrono.fr\/index.php\/2025-resultats-la-villepatrail-12km\/\" target=\"_blank\" rel=\"noreferrer noopener\">Classement g\u00e9n\u00e9ral 12km<\/a><\/p>\n\n\n\n<p><a href=\"https:\/\/adeochrono.fr\/index.php\/2025-resultats-la-villepatrail-marche-nordique-12km\/\" data-type=\"link\" data-id=\"https:\/\/adeochrono.fr\/index.php\/2025-resultats-la-villepatrail-marche-nordique-12km\/\" target=\"_blank\" rel=\"noreferrer noopener\">Classement g\u00e9n\u00e9ral Marche Nordique 12km<\/a><\/p>\n","protected":false},"excerpt":{"rendered":"<p>La Villepa&rsquo;Trail 2025 Classement g\u00e9n\u00e9ral 22km Classement g\u00e9n\u00e9ral 12km Classement g\u00e9n\u00e9ral Marche Nordique 12km<\/p>\n","protected":false},"author":1,"featured_media":0,"parent":0,"menu_order":0,"comment_status":"closed","ping_status":"closed","template":"","meta":{"footnotes":""},"class_list":["post-7207","page","type-page","status-publish","hentry"],"_links":{"self":[{"href":"https:\/\/adeochrono.fr\/index.php\/wp-json\/wp\/v2\/pages\/7207","targetHints":{"allow":["GET"]}}],"collection":[{"href":"https:\/\/adeochrono.fr\/index.php\/wp-json\/wp\/v2\/pages"}],"about":[{"href":"https:\/\/adeochrono.fr\/index.php\/wp-json\/wp\/v2\/types\/page"}],"author":[{"embeddable":true,"href":"https:\/\/adeochrono.fr\/index.php\/wp-json\/wp\/v2\/users\/1"}],"replies":[{"embeddable":true,"href":"https:\/\/adeochrono.fr\/index.php\/wp-json\/wp\/v2\/comments?post=7207"}],"version-history":[{"count":3,"href":"https:\/\/adeochrono.fr\/index.php\/wp-json\/wp\/v2\/pages\/7207\/revisions"}],"predecessor-version":[{"id":7221,"href":"https:\/\/adeochrono.fr\/index.php\/wp-json\/wp\/v2\/pages\/7207\/revisions\/7221"}],"wp:attachment":[{"href":"https:\/\/adeochrono.fr\/index.php\/wp-json\/wp\/v2\/media?parent=7207"}],"curies":[{"name":"wp","href":"https:\/\/api.w.org\/{rel}","templated":true}]}}