{"id":7169,"date":"2025-06-10T11:22:29","date_gmt":"2025-06-10T09:22:29","guid":{"rendered":"https:\/\/adeochrono.fr\/?page_id=7169"},"modified":"2025-06-10T12:37:29","modified_gmt":"2025-06-10T10:37:29","slug":"2025-resultats-la-noctureine","status":"publish","type":"page","link":"https:\/\/adeochrono.fr\/index.php\/2025-resultats-la-noctureine\/","title":{"rendered":"2025. R\u00e9sultats. La Noctureine"},"content":{"rendered":"\n<p><\/p>\n\n\n\n<h2 class=\"wp-block-heading\">La Noctureine 2025<\/h2>\n\n\n\n<div style=\"height:52px\" aria-hidden=\"true\" class=\"wp-block-spacer\"><\/div>\n\n\n\n<p><a href=\"https:\/\/adeochrono.fr\/index.php\/2025-resultats-la-noctureine-5km\/\" data-type=\"link\" data-id=\"https:\/\/adeochrono.fr\/index.php\/2025-resultats-la-noctureine-5km\/\" target=\"_blank\" rel=\"noreferrer noopener\">5Km Classement G\u00e9n\u00e9ral<\/a><\/p>\n\n\n\n<p><a href=\"https:\/\/adeochrono.fr\/index.php\/2025-resultats-la-noctureine-10km\/\" data-type=\"link\" data-id=\"https:\/\/adeochrono.fr\/index.php\/2025-resultats-la-noctureine-10km\/\" target=\"_blank\" rel=\"noreferrer noopener\">10Km Classement G\u00e9n\u00e9ral<\/a><\/p>\n","protected":false},"excerpt":{"rendered":"<p>La Noctureine 2025 5Km Classement G\u00e9n\u00e9ral 10Km Classement G\u00e9n\u00e9ral<\/p>\n","protected":false},"author":1,"featured_media":0,"parent":0,"menu_order":0,"comment_status":"closed","ping_status":"closed","template":"","meta":{"footnotes":""},"class_list":["post-7169","page","type-page","status-publish","hentry"],"_links":{"self":[{"href":"https:\/\/adeochrono.fr\/index.php\/wp-json\/wp\/v2\/pages\/7169","targetHints":{"allow":["GET"]}}],"collection":[{"href":"https:\/\/adeochrono.fr\/index.php\/wp-json\/wp\/v2\/pages"}],"about":[{"href":"https:\/\/adeochrono.fr\/index.php\/wp-json\/wp\/v2\/types\/page"}],"author":[{"embeddable":true,"href":"https:\/\/adeochrono.fr\/index.php\/wp-json\/wp\/v2\/users\/1"}],"replies":[{"embeddable":true,"href":"https:\/\/adeochrono.fr\/index.php\/wp-json\/wp\/v2\/comments?post=7169"}],"version-history":[{"count":3,"href":"https:\/\/adeochrono.fr\/index.php\/wp-json\/wp\/v2\/pages\/7169\/revisions"}],"predecessor-version":[{"id":7183,"href":"https:\/\/adeochrono.fr\/index.php\/wp-json\/wp\/v2\/pages\/7169\/revisions\/7183"}],"wp:attachment":[{"href":"https:\/\/adeochrono.fr\/index.php\/wp-json\/wp\/v2\/media?parent=7169"}],"curies":[{"name":"wp","href":"https:\/\/api.w.org\/{rel}","templated":true}]}}