{"id":6906,"date":"2025-05-13T13:43:42","date_gmt":"2025-05-13T11:43:42","guid":{"rendered":"https:\/\/adeochrono.fr\/?page_id=6906"},"modified":"2025-05-13T14:15:05","modified_gmt":"2025-05-13T12:15:05","slug":"2025-resultats-trail-des-pyramides-noires","status":"publish","type":"page","link":"https:\/\/adeochrono.fr\/index.php\/2025-resultats-trail-des-pyramides-noires\/","title":{"rendered":"2025. R\u00e9sultats. Trail des pyramides noires"},"content":{"rendered":"\n<p><\/p>\n\n\n\n<h2 class=\"wp-block-heading\">Le Trail des Pyramides Noires<\/h2>\n\n\n\n<div style=\"height:54px\" aria-hidden=\"true\" class=\"wp-block-spacer\"><\/div>\n\n\n\n<p class=\"has-text-align-center has-large-font-size\"><strong>Solo :<\/strong><\/p>\n\n\n\n<p><a href=\"https:\/\/adeochrono.fr\/index.php\/2025-resultats-trail-des-pyramides-noires-115km\/\" data-type=\"link\" data-id=\"https:\/\/adeochrono.fr\/index.php\/2025-resultats-trail-des-pyramides-noires-115km\/\" target=\"_blank\" rel=\"noreferrer noopener\">Classement g\u00e9n\u00e9ral 115Km<\/a><\/p>\n\n\n\n<p><a href=\"https:\/\/adeochrono.fr\/index.php\/2025-resultats-trail-des-pyramides-noires-70km\/\" data-type=\"link\" data-id=\"https:\/\/adeochrono.fr\/index.php\/2025-resultats-trail-des-pyramides-noires-70km\/\" target=\"_blank\" rel=\"noreferrer noopener\">Classement g\u00e9n\u00e9ral 70Km<\/a><\/p>\n\n\n\n<p><a href=\"https:\/\/adeochrono.fr\/index.php\/2025-resultats-trail-des-pyramides-noires-46km\/\" data-type=\"link\" data-id=\"https:\/\/adeochrono.fr\/index.php\/2025-resultats-trail-des-pyramides-noires-46km\/\" target=\"_blank\" rel=\"noreferrer noopener\">Classement g\u00e9n\u00e9ral 46Km<\/a><\/p>\n\n\n\n<p><a href=\"https:\/\/adeochrono.fr\/index.php\/2025-resultats-trail-des-pyramides-noires-22km\/\" data-type=\"link\" data-id=\"https:\/\/adeochrono.fr\/index.php\/2025-resultats-trail-des-pyramides-noires-22km\/\" target=\"_blank\" rel=\"noreferrer noopener\">Classement g\u00e9n\u00e9ral 22Km<\/a><\/p>\n\n\n\n<p><a href=\"https:\/\/adeochrono.fr\/index.php\/2025-resultats-trail-des-pyramides-noires-22km-mn\/\" data-type=\"link\" data-id=\"https:\/\/adeochrono.fr\/index.php\/2025-resultats-trail-des-pyramides-noires-22km-mn\/\" target=\"_blank\" rel=\"noreferrer noopener\">Classement g\u00e9n\u00e9ral 22Km Marche Nordique<\/a><\/p>\n\n\n\n<p><a href=\"https:\/\/adeochrono.fr\/index.php\/2025-resultats-trail-des-pyramides-noires-10km\/\" data-type=\"link\" data-id=\"https:\/\/adeochrono.fr\/index.php\/2025-resultats-trail-des-pyramides-noires-10km\/\" target=\"_blank\" rel=\"noreferrer noopener\">Classement g\u00e9n\u00e9ral 10Km<\/a><\/p>\n\n\n\n<p class=\"has-text-align-center has-large-font-size\"><strong>Relais<\/strong> <strong>:<\/strong><\/p>\n\n\n\n<p><a href=\"https:\/\/adeochrono.fr\/index.php\/2025-resultats-trail-des-pyramides-noires-115km-relais\/\" data-type=\"link\" data-id=\"https:\/\/adeochrono.fr\/index.php\/2025-resultats-trail-des-pyramides-noires-115km-relais\/\" target=\"_blank\" rel=\"noreferrer noopener\">Classement g\u00e9n\u00e9ral Relais 115km<\/a><\/p>\n\n\n\n<p><a href=\"https:\/\/adeochrono.fr\/index.php\/2025-resultats-trail-des-pyramides-noires-70km-relais\/\" data-type=\"link\" data-id=\"https:\/\/adeochrono.fr\/index.php\/2025-resultats-trail-des-pyramides-noires-70km-relais\/\" target=\"_blank\" rel=\"noreferrer noopener\">Classement g\u00e9n\u00e9ral Relais 70km<\/a><\/p>\n\n\n\n<p><a href=\"https:\/\/adeochrono.fr\/index.php\/2025-resultats-trail-des-pyramides-noires-46km-relais\/\" data-type=\"link\" data-id=\"https:\/\/adeochrono.fr\/index.php\/2025-resultats-trail-des-pyramides-noires-46km-relais\/\" target=\"_blank\" rel=\"noreferrer noopener\">Classement g\u00e9n\u00e9ral Relais 46km<\/a><\/p>\n","protected":false},"excerpt":{"rendered":"<p>Le Trail des Pyramides Noires Solo : Classement g\u00e9n\u00e9ral 115Km Classement g\u00e9n\u00e9ral 70Km Classement g\u00e9n\u00e9ral 46Km Classement g\u00e9n\u00e9ral 22Km Classement g\u00e9n\u00e9ral 22Km Marche Nordique Classement g\u00e9n\u00e9ral 10Km Relais : Classement &#8230;<\/p>\n","protected":false},"author":1,"featured_media":0,"parent":0,"menu_order":0,"comment_status":"closed","ping_status":"closed","template":"","meta":{"footnotes":""},"class_list":["post-6906","page","type-page","status-publish","hentry"],"_links":{"self":[{"href":"https:\/\/adeochrono.fr\/index.php\/wp-json\/wp\/v2\/pages\/6906","targetHints":{"allow":["GET"]}}],"collection":[{"href":"https:\/\/adeochrono.fr\/index.php\/wp-json\/wp\/v2\/pages"}],"about":[{"href":"https:\/\/adeochrono.fr\/index.php\/wp-json\/wp\/v2\/types\/page"}],"author":[{"embeddable":true,"href":"https:\/\/adeochrono.fr\/index.php\/wp-json\/wp\/v2\/users\/1"}],"replies":[{"embeddable":true,"href":"https:\/\/adeochrono.fr\/index.php\/wp-json\/wp\/v2\/comments?post=6906"}],"version-history":[{"count":10,"href":"https:\/\/adeochrono.fr\/index.php\/wp-json\/wp\/v2\/pages\/6906\/revisions"}],"predecessor-version":[{"id":6959,"href":"https:\/\/adeochrono.fr\/index.php\/wp-json\/wp\/v2\/pages\/6906\/revisions\/6959"}],"wp:attachment":[{"href":"https:\/\/adeochrono.fr\/index.php\/wp-json\/wp\/v2\/media?parent=6906"}],"curies":[{"name":"wp","href":"https:\/\/api.w.org\/{rel}","templated":true}]}}