{"id":6824,"date":"2025-05-06T19:51:08","date_gmt":"2025-05-06T17:51:08","guid":{"rendered":"https:\/\/adeochrono.fr\/?page_id=6824"},"modified":"2025-05-06T19:52:14","modified_gmt":"2025-05-06T17:52:14","slug":"2025-resultats-les-foulees-noiseennes-10km","status":"publish","type":"page","link":"https:\/\/adeochrono.fr\/index.php\/2025-resultats-les-foulees-noiseennes-10km\/","title":{"rendered":"2025 &#8211; R\u00e9sultats &#8211; Les foul\u00e9es Nois\u00e9ennes 10Km"},"content":{"rendered":"\n<p><\/p>\n\n\n\n<p class=\"has-medium-font-size\"><strong>Classement g\u00e9n\u00e9ral 10Km<\/strong><\/p>\n\n\n\n<div style=\"height:56px\" aria-hidden=\"true\" class=\"wp-block-spacer\"><\/div>\n\n\n<div id=\"footable_parent_6827\"\n         class=\" footable_parent ninja_table_wrapper loading_ninja_table wp_table_data_press_parent semantic_ui \">\n                <table data-ninja_table_instance=\"ninja_table_instance_0\" data-footable_id=\"6827\" data-filter-delay=\"1000\" aria-label=\"2025. Les foul\u00e9es Nois\u00e9ennes 10km\"            id=\"footable_6827\"\n           data-unique_identifier=\"ninja_table_unique_id_3010614087_6827\"\n           class=\" foo-table ninja_footable foo_table_6827 ninja_table_unique_id_3010614087_6827 ui table  nt_type_ajax_table selectable striped vertical_centered  footable-paging-right ninja_table_pro\">\n                <colgroup>\n                            <col class=\"ninja_column_0 \">\n                            <col class=\"ninja_column_1 xs sm\">\n                            <col class=\"ninja_column_2 \">\n                            <col class=\"ninja_column_3 \">\n                            <col class=\"ninja_column_4 xs sm\">\n                            <col class=\"ninja_column_5 xs sm\">\n                            <col class=\"ninja_column_6 \">\n                            <col class=\"ninja_column_7 xs sm\">\n                            <col class=\"ninja_column_8 xs sm\">\n                            <col class=\"ninja_column_9 xs sm\">\n                            <col class=\"ninja_column_10 xs sm\">\n                            <col class=\"ninja_column_11 xs sm\">\n                    <\/colgroup>\n            <\/table>\n    \n    \n    \n<\/div>\n\n","protected":false},"excerpt":{"rendered":"<p>Classement g\u00e9n\u00e9ral 10Km<\/p>\n","protected":false},"author":1,"featured_media":0,"parent":0,"menu_order":0,"comment_status":"closed","ping_status":"closed","template":"","meta":{"footnotes":""},"class_list":["post-6824","page","type-page","status-publish","hentry"],"_links":{"self":[{"href":"https:\/\/adeochrono.fr\/index.php\/wp-json\/wp\/v2\/pages\/6824","targetHints":{"allow":["GET"]}}],"collection":[{"href":"https:\/\/adeochrono.fr\/index.php\/wp-json\/wp\/v2\/pages"}],"about":[{"href":"https:\/\/adeochrono.fr\/index.php\/wp-json\/wp\/v2\/types\/page"}],"author":[{"embeddable":true,"href":"https:\/\/adeochrono.fr\/index.php\/wp-json\/wp\/v2\/users\/1"}],"replies":[{"embeddable":true,"href":"https:\/\/adeochrono.fr\/index.php\/wp-json\/wp\/v2\/comments?post=6824"}],"version-history":[{"count":2,"href":"https:\/\/adeochrono.fr\/index.php\/wp-json\/wp\/v2\/pages\/6824\/revisions"}],"predecessor-version":[{"id":6828,"href":"https:\/\/adeochrono.fr\/index.php\/wp-json\/wp\/v2\/pages\/6824\/revisions\/6828"}],"wp:attachment":[{"href":"https:\/\/adeochrono.fr\/index.php\/wp-json\/wp\/v2\/media?parent=6824"}],"curies":[{"name":"wp","href":"https:\/\/api.w.org\/{rel}","templated":true}]}}