{"id":6805,"date":"2025-05-06T19:44:07","date_gmt":"2025-05-06T17:44:07","guid":{"rendered":"https:\/\/adeochrono.fr\/?page_id=6805"},"modified":"2025-05-06T19:53:20","modified_gmt":"2025-05-06T17:53:20","slug":"2025-resultats-les-foulees-noiseennes","status":"publish","type":"page","link":"https:\/\/adeochrono.fr\/index.php\/2025-resultats-les-foulees-noiseennes\/","title":{"rendered":"2025. R\u00e9sultats. Les Foul\u00e9es Nois\u00e9ennes"},"content":{"rendered":"\n<p><\/p>\n\n\n\n<h2 class=\"wp-block-heading\">Les Foul\u00e9es Nois\u00e9ennes<\/h2>\n\n\n\n<div style=\"height:54px\" aria-hidden=\"true\" class=\"wp-block-spacer\"><\/div>\n\n\n\n<p><a href=\"https:\/\/adeochrono.fr\/index.php\/2025-resultats-les-foulees-noiseennes-1500m\/\" data-type=\"link\" data-id=\"https:\/\/adeochrono.fr\/index.php\/2025-resultats-les-foulees-noiseennes-1500m\/\" target=\"_blank\" rel=\"noreferrer noopener\">Classement g\u00e9n\u00e9ral 1500m<\/a><\/p>\n\n\n\n<p><a href=\"https:\/\/adeochrono.fr\/index.php\/2025-resultats-les-foulees-noiseennes-handisport-4km\/\" data-type=\"link\" data-id=\"https:\/\/adeochrono.fr\/index.php\/2025-resultats-les-foulees-noiseennes-handisport-4km\/\" target=\"_blank\" rel=\"noreferrer noopener\">Classement Handisport 4km<\/a><\/p>\n\n\n\n<p><a href=\"https:\/\/adeochrono.fr\/index.php\/2025-resultats-les-foulees-noiseennes-5km\/\" data-type=\"link\" data-id=\"https:\/\/adeochrono.fr\/index.php\/2025-resultats-les-foulees-noiseennes-5km\/\" target=\"_blank\" rel=\"noreferrer noopener\">Classement g\u00e9n\u00e9ral 5Km<\/a><\/p>\n\n\n\n<p><a href=\"https:\/\/adeochrono.fr\/index.php\/2025-resultats-les-foulees-noiseennes-10km\/\" data-type=\"link\" data-id=\"https:\/\/adeochrono.fr\/index.php\/2025-resultats-les-foulees-noiseennes-10km\/\" target=\"_blank\" rel=\"noreferrer noopener\">Classement g\u00e9n\u00e9ral 10Km<\/a><\/p>\n","protected":false},"excerpt":{"rendered":"<p>Les Foul\u00e9es Nois\u00e9ennes Classement g\u00e9n\u00e9ral 1500m Classement Handisport 4km Classement g\u00e9n\u00e9ral 5Km Classement g\u00e9n\u00e9ral 10Km<\/p>\n","protected":false},"author":1,"featured_media":0,"parent":0,"menu_order":0,"comment_status":"closed","ping_status":"closed","template":"","meta":{"footnotes":""},"class_list":["post-6805","page","type-page","status-publish","hentry"],"_links":{"self":[{"href":"https:\/\/adeochrono.fr\/index.php\/wp-json\/wp\/v2\/pages\/6805","targetHints":{"allow":["GET"]}}],"collection":[{"href":"https:\/\/adeochrono.fr\/index.php\/wp-json\/wp\/v2\/pages"}],"about":[{"href":"https:\/\/adeochrono.fr\/index.php\/wp-json\/wp\/v2\/types\/page"}],"author":[{"embeddable":true,"href":"https:\/\/adeochrono.fr\/index.php\/wp-json\/wp\/v2\/users\/1"}],"replies":[{"embeddable":true,"href":"https:\/\/adeochrono.fr\/index.php\/wp-json\/wp\/v2\/comments?post=6805"}],"version-history":[{"count":6,"href":"https:\/\/adeochrono.fr\/index.php\/wp-json\/wp\/v2\/pages\/6805\/revisions"}],"predecessor-version":[{"id":6829,"href":"https:\/\/adeochrono.fr\/index.php\/wp-json\/wp\/v2\/pages\/6805\/revisions\/6829"}],"wp:attachment":[{"href":"https:\/\/adeochrono.fr\/index.php\/wp-json\/wp\/v2\/media?parent=6805"}],"curies":[{"name":"wp","href":"https:\/\/api.w.org\/{rel}","templated":true}]}}