{"id":679,"date":"2023-10-18T23:57:39","date_gmt":"2023-10-18T21:57:39","guid":{"rendered":"https:\/\/adeochrono.fr\/?page_id=679"},"modified":"2023-10-18T23:57:39","modified_gmt":"2023-10-18T21:57:39","slug":"2023-la-crepynoise-5km-general","status":"publish","type":"page","link":"https:\/\/adeochrono.fr\/index.php\/2023-la-crepynoise-5km-general\/","title":{"rendered":"2023. La Cr\u00e9pynoise 5km G\u00e9n\u00e9ral"},"content":{"rendered":"\n<h2 class=\"wp-block-heading\">5Km. La Cr\u00e9pynoise<\/h2>\n\n\n\n<div style=\"height:16px\" aria-hidden=\"true\" class=\"wp-block-spacer\"><\/div>\n\n\n<div id=\"footable_parent_671\"\n         class=\" footable_parent ninja_table_wrapper loading_ninja_table wp_table_data_press_parent semantic_ui \">\n                <table data-ninja_table_instance=\"ninja_table_instance_0\" data-footable_id=\"671\" data-filter-delay=\"1000\" aria-label=\"2023. 5Km La Cr\u00e9pynoise\"            id=\"footable_671\"\n           data-unique_identifier=\"ninja_table_unique_id_2480016780_671\"\n           class=\" foo-table ninja_footable foo_table_671 ninja_table_unique_id_2480016780_671 ui table  nt_type_ajax_table selectable striped vertical_centered  footable-paging-right ninja_table_pro\">\n                <colgroup>\n                            <col class=\"ninja_column_0 \">\n                            <col class=\"ninja_column_1 xs\">\n                            <col class=\"ninja_column_2 \">\n                            <col class=\"ninja_column_3 \">\n                            <col class=\"ninja_column_4 xs sm\">\n                            <col class=\"ninja_column_5 xs sm\">\n                            <col class=\"ninja_column_6 xs\">\n                            <col class=\"ninja_column_7 xs sm\">\n                            <col class=\"ninja_column_8 xs sm\">\n                            <col class=\"ninja_column_9 xs sm md lg\">\n                    <\/colgroup>\n            <\/table>\n    \n    \n    \n<\/div>\n\n","protected":false},"excerpt":{"rendered":"<p>5Km. La Cr\u00e9pynoise<\/p>\n","protected":false},"author":1,"featured_media":0,"parent":0,"menu_order":0,"comment_status":"closed","ping_status":"closed","template":"","meta":{"footnotes":""},"class_list":["post-679","page","type-page","status-publish","hentry"],"_links":{"self":[{"href":"https:\/\/adeochrono.fr\/index.php\/wp-json\/wp\/v2\/pages\/679","targetHints":{"allow":["GET"]}}],"collection":[{"href":"https:\/\/adeochrono.fr\/index.php\/wp-json\/wp\/v2\/pages"}],"about":[{"href":"https:\/\/adeochrono.fr\/index.php\/wp-json\/wp\/v2\/types\/page"}],"author":[{"embeddable":true,"href":"https:\/\/adeochrono.fr\/index.php\/wp-json\/wp\/v2\/users\/1"}],"replies":[{"embeddable":true,"href":"https:\/\/adeochrono.fr\/index.php\/wp-json\/wp\/v2\/comments?post=679"}],"version-history":[{"count":1,"href":"https:\/\/adeochrono.fr\/index.php\/wp-json\/wp\/v2\/pages\/679\/revisions"}],"predecessor-version":[{"id":683,"href":"https:\/\/adeochrono.fr\/index.php\/wp-json\/wp\/v2\/pages\/679\/revisions\/683"}],"wp:attachment":[{"href":"https:\/\/adeochrono.fr\/index.php\/wp-json\/wp\/v2\/media?parent=679"}],"curies":[{"name":"wp","href":"https:\/\/api.w.org\/{rel}","templated":true}]}}