{"id":678,"date":"2023-10-18T23:53:33","date_gmt":"2023-10-18T21:53:33","guid":{"rendered":"https:\/\/adeochrono.fr\/?page_id=678"},"modified":"2023-10-18T23:53:33","modified_gmt":"2023-10-18T21:53:33","slug":"2023-la-crepynoise-10km-general","status":"publish","type":"page","link":"https:\/\/adeochrono.fr\/index.php\/2023-la-crepynoise-10km-general\/","title":{"rendered":"2023. La Cr\u00e9pynoise 10km G\u00e9n\u00e9ral"},"content":{"rendered":"\n<h2 class=\"wp-block-heading\">10Km. La Cr\u00e9pynoise<\/h2>\n\n\n\n<div style=\"height:20px\" aria-hidden=\"true\" class=\"wp-block-spacer\"><\/div>\n\n\n<div id=\"footable_parent_680\"\n         class=\" footable_parent ninja_table_wrapper loading_ninja_table wp_table_data_press_parent semantic_ui \">\n                <table data-ninja_table_instance=\"ninja_table_instance_0\" data-footable_id=\"680\" data-filter-delay=\"1000\" aria-label=\"2023. 10Km La Cr\u00e9pynoise\"            id=\"footable_680\"\n           data-unique_identifier=\"ninja_table_unique_id_2794678453_680\"\n           class=\" foo-table ninja_footable foo_table_680 ninja_table_unique_id_2794678453_680 ui table  nt_type_ajax_table selectable striped vertical_centered  footable-paging-right ninja_table_pro\">\n                <colgroup>\n                            <col class=\"ninja_column_0 \">\n                            <col class=\"ninja_column_1 xs\">\n                            <col class=\"ninja_column_2 \">\n                            <col class=\"ninja_column_3 \">\n                            <col class=\"ninja_column_4 xs sm\">\n                            <col class=\"ninja_column_5 xs sm\">\n                            <col class=\"ninja_column_6 xs sm\">\n                            <col class=\"ninja_column_7 xs\">\n                            <col class=\"ninja_column_8 xs sm\">\n                            <col class=\"ninja_column_9 xs sm\">\n                            <col class=\"ninja_column_10 xs sm md lg\">\n                    <\/colgroup>\n            <\/table>\n    \n    \n    \n<\/div>\n\n","protected":false},"excerpt":{"rendered":"<p>10Km. La Cr\u00e9pynoise<\/p>\n","protected":false},"author":1,"featured_media":0,"parent":0,"menu_order":0,"comment_status":"closed","ping_status":"closed","template":"","meta":{"footnotes":""},"class_list":["post-678","page","type-page","status-publish","hentry"],"_links":{"self":[{"href":"https:\/\/adeochrono.fr\/index.php\/wp-json\/wp\/v2\/pages\/678","targetHints":{"allow":["GET"]}}],"collection":[{"href":"https:\/\/adeochrono.fr\/index.php\/wp-json\/wp\/v2\/pages"}],"about":[{"href":"https:\/\/adeochrono.fr\/index.php\/wp-json\/wp\/v2\/types\/page"}],"author":[{"embeddable":true,"href":"https:\/\/adeochrono.fr\/index.php\/wp-json\/wp\/v2\/users\/1"}],"replies":[{"embeddable":true,"href":"https:\/\/adeochrono.fr\/index.php\/wp-json\/wp\/v2\/comments?post=678"}],"version-history":[{"count":1,"href":"https:\/\/adeochrono.fr\/index.php\/wp-json\/wp\/v2\/pages\/678\/revisions"}],"predecessor-version":[{"id":681,"href":"https:\/\/adeochrono.fr\/index.php\/wp-json\/wp\/v2\/pages\/678\/revisions\/681"}],"wp:attachment":[{"href":"https:\/\/adeochrono.fr\/index.php\/wp-json\/wp\/v2\/media?parent=678"}],"curies":[{"name":"wp","href":"https:\/\/api.w.org\/{rel}","templated":true}]}}