{"id":6777,"date":"2025-05-06T17:47:49","date_gmt":"2025-05-06T15:47:49","guid":{"rendered":"https:\/\/adeochrono.fr\/?page_id=6777"},"modified":"2025-05-06T17:48:23","modified_gmt":"2025-05-06T15:48:23","slug":"2025-resultats-37eme-edition-de-la-ronde-de-levallois-ce2-filles","status":"publish","type":"page","link":"https:\/\/adeochrono.fr\/index.php\/2025-resultats-37eme-edition-de-la-ronde-de-levallois-ce2-filles\/","title":{"rendered":"2025 &#8211; R\u00e9sultats &#8211; 37\u00e8me \u00e9dition de La Ronde de Levallois CE2 Filles"},"content":{"rendered":"\n<p><\/p>\n\n\n\n<p class=\"has-medium-font-size\"><strong>Classement g\u00e9n\u00e9ral CE2 Filles<\/strong><\/p>\n\n\n\n<div style=\"height:56px\" aria-hidden=\"true\" class=\"wp-block-spacer\"><\/div>\n\n\n<div id=\"footable_parent_6780\"\n         class=\" footable_parent ninja_table_wrapper loading_ninja_table wp_table_data_press_parent semantic_ui \">\n                <table data-ninja_table_instance=\"ninja_table_instance_0\" data-footable_id=\"6780\" data-filter-delay=\"1000\" aria-label=\"2025. 37eme \u00e9dition de la ronde de levallois CE2 Filles\"            id=\"footable_6780\"\n           data-unique_identifier=\"ninja_table_unique_id_14839070_6780\"\n           class=\" foo-table ninja_footable foo_table_6780 ninja_table_unique_id_14839070_6780 ui table  nt_type_ajax_table selectable striped vertical_centered  footable-paging-right ninja_table_pro\">\n                <colgroup>\n                            <col class=\"ninja_column_0 \">\n                            <col class=\"ninja_column_1 xs sm\">\n                            <col class=\"ninja_column_2 \">\n                            <col class=\"ninja_column_3 \">\n                            <col class=\"ninja_column_4 xs sm\">\n                            <col class=\"ninja_column_5 \">\n                            <col class=\"ninja_column_6 xs sm md lg\">\n                            <col class=\"ninja_column_7 xs sm md lg\">\n                            <col class=\"ninja_column_8 xs sm md lg\">\n                            <col class=\"ninja_column_9 xs sm md lg\">\n                            <col class=\"ninja_column_10 xs sm md lg\">\n                    <\/colgroup>\n            <\/table>\n    \n    \n    \n<\/div>\n\n","protected":false},"excerpt":{"rendered":"<p>Classement g\u00e9n\u00e9ral CE2 Filles<\/p>\n","protected":false},"author":1,"featured_media":0,"parent":0,"menu_order":0,"comment_status":"closed","ping_status":"closed","template":"","meta":{"footnotes":""},"class_list":["post-6777","page","type-page","status-publish","hentry"],"_links":{"self":[{"href":"https:\/\/adeochrono.fr\/index.php\/wp-json\/wp\/v2\/pages\/6777","targetHints":{"allow":["GET"]}}],"collection":[{"href":"https:\/\/adeochrono.fr\/index.php\/wp-json\/wp\/v2\/pages"}],"about":[{"href":"https:\/\/adeochrono.fr\/index.php\/wp-json\/wp\/v2\/types\/page"}],"author":[{"embeddable":true,"href":"https:\/\/adeochrono.fr\/index.php\/wp-json\/wp\/v2\/users\/1"}],"replies":[{"embeddable":true,"href":"https:\/\/adeochrono.fr\/index.php\/wp-json\/wp\/v2\/comments?post=6777"}],"version-history":[{"count":2,"href":"https:\/\/adeochrono.fr\/index.php\/wp-json\/wp\/v2\/pages\/6777\/revisions"}],"predecessor-version":[{"id":6781,"href":"https:\/\/adeochrono.fr\/index.php\/wp-json\/wp\/v2\/pages\/6777\/revisions\/6781"}],"wp:attachment":[{"href":"https:\/\/adeochrono.fr\/index.php\/wp-json\/wp\/v2\/media?parent=6777"}],"curies":[{"name":"wp","href":"https:\/\/api.w.org\/{rel}","templated":true}]}}