{"id":5477,"date":"2025-01-15T15:24:26","date_gmt":"2025-01-15T14:24:26","guid":{"rendered":"https:\/\/adeochrono.fr\/?page_id=5477"},"modified":"2025-02-03T12:26:11","modified_gmt":"2025-02-03T11:26:11","slug":"2025-presentation-ronde-des-aulnes","status":"publish","type":"page","link":"https:\/\/adeochrono.fr\/index.php\/2025-presentation-ronde-des-aulnes\/","title":{"rendered":"2025 &#8211; Pr\u00e9sentation Ronde des Aulnes"},"content":{"rendered":"\n<div style=\"height:60px\" aria-hidden=\"true\" class=\"wp-block-spacer\"><\/div>\n\n\n<div class=\"wp-block-image\">\n<figure class=\"aligncenter size-full\"><a href=\"www.ville-aulnat.fr\" target=\"_blank\" rel=\"noreferrer noopener\"><img loading=\"lazy\" decoding=\"async\" width=\"234\" height=\"100\" src=\"https:\/\/adeochrono.fr\/wp-content\/uploads\/2024\/01\/Aulnat-Logo.png\" alt=\"\" class=\"wp-image-1661\"\/><\/a><\/figure>\n<\/div>\n\n\n<div style=\"height:60px\" aria-hidden=\"true\" class=\"wp-block-spacer\"><\/div>\n\n\n\n<div class=\"wp-block-buttons is-content-justification-center is-layout-flex wp-container-core-buttons-is-layout-16018d1d wp-block-buttons-is-layout-flex\">\n<div class=\"wp-block-button is-style-fill\"><a class=\"wp-block-button__link has-text-color has-background has-link-color wp-element-button\" href=\"https:\/\/la-ronde-des-aulnes.adeorun.com\/\" style=\"color:#993d66;background-color:#ccd499\" target=\"_blank\" rel=\"noreferrer noopener\"><strong>Inscriptions<\/strong><\/a><\/div>\n\n\n\n<div class=\"wp-block-button\"><a class=\"wp-block-button__link has-text-color has-background has-link-color wp-element-button\" href=\"https:\/\/dcr2ikgls5h9r.cloudfront.net\/event\/clrt23qld0hbj149zqphei955\/reglement.pdf\" style=\"color:#993d66;background-color:#ccd499\" target=\"_blank\" rel=\"noreferrer noopener\"><strong>R\u00e8glement<\/strong><\/a><\/div>\n\n\n\n<div class=\"wp-block-button\"><a class=\"wp-block-button__link has-text-color has-background has-link-color wp-element-button\" href=\"https:\/\/pps.athle.fr\/\" style=\"color:#993d66;background-color:#ccd499\" target=\"_blank\" rel=\"noreferrer noopener\"><strong>PPS<\/strong><\/a><\/div>\n\n\n\n<div class=\"wp-block-button\"><a class=\"wp-block-button__link has-text-color has-background has-link-color wp-element-button\" href=\"https:\/\/adeochrono.fr\/index.php\/resultats\/\" style=\"color:#993d66;background-color:#ccd499\" target=\"_blank\" rel=\"noreferrer noopener\"><strong>R\u00e9sultats<\/strong><\/a><\/div>\n<\/div>\n\n\n\n<div style=\"height:60px\" aria-hidden=\"true\" class=\"wp-block-spacer\"><\/div>\n\n\n<div class=\"hurrytimer-cdt hurrytimer-cdt--1687 hurrytimer-campaign hurryt-loading hurrytimer-campaign-1687\" data-config=\"{&quot;id&quot;:1687,&quot;run_in_background&quot;:false,&quot;sticky&quot;:false,&quot;product_ids&quot;:[],&quot;actions&quot;:[{&quot;id&quot;:1,&quot;redirectUrl&quot;:&quot;&quot;,&quot;message&quot;:&quot;&quot;,&quot;coupon&quot;:&quot;&quot;,&quot;wcStockStatus&quot;:&quot;instock&quot;}],&quot;template&quot;:&quot;&lt;div class=\\&quot;hurrytimer-timer-block hurrytimer-cdt__dur\\&quot;&gt;&lt;div class=\\&quot;hurrytimer-timer-digit hurrytimer-cdt__time\\&quot;&gt;%m&lt;\\\/div&gt;&lt;div class=\\&quot;hurrytimer-timer-label hurrytimer-cdt__label\\&quot; &gt;Mois&lt;\\\/div&gt;&lt;\\\/div&gt;&lt;div class=\\&quot;hurrytimer-cdt__sep hurrytimer-timer-sep\\&quot;&gt;:&lt;\\\/div&gt;&lt;div class=\\&quot;hurrytimer-timer-block hurrytimer-cdt__dur\\&quot;&gt;&lt;div class=\\&quot;hurrytimer-timer-digit hurrytimer-cdt__time\\&quot;&gt;%n&lt;\\\/div&gt;&lt;div class=\\&quot;hurrytimer-timer-label hurrytimer-cdt__label\\&quot; &gt;Jours&lt;\\\/div&gt;&lt;\\\/div&gt;&lt;div class=\\&quot;hurrytimer-cdt__sep hurrytimer-timer-sep\\&quot;&gt;:&lt;\\\/div&gt;&lt;div class=\\&quot;hurrytimer-timer-block hurrytimer-cdt__dur\\&quot;&gt;&lt;div class=\\&quot;hurrytimer-timer-digit hurrytimer-cdt__time\\&quot;&gt;%H&lt;\\\/div&gt;&lt;div class=\\&quot;hurrytimer-timer-label hurrytimer-cdt__label\\&quot; &gt;H&lt;\\\/div&gt;&lt;\\\/div&gt;&lt;div class=\\&quot;hurrytimer-cdt__sep hurrytimer-timer-sep\\&quot;&gt;:&lt;\\\/div&gt;&lt;div class=\\&quot;hurrytimer-timer-block hurrytimer-cdt__dur\\&quot;&gt;&lt;div class=\\&quot;hurrytimer-timer-digit hurrytimer-cdt__time\\&quot;&gt;%M&lt;\\\/div&gt;&lt;div class=\\&quot;hurrytimer-timer-label hurrytimer-cdt__label\\&quot; &gt;M&lt;\\\/div&gt;&lt;\\\/div&gt;&lt;div class=\\&quot;hurrytimer-cdt__sep hurrytimer-timer-sep\\&quot;&gt;:&lt;\\\/div&gt;&lt;div class=\\&quot;hurrytimer-timer-block hurrytimer-cdt__dur\\&quot;&gt;&lt;div class=\\&quot;hurrytimer-timer-digit hurrytimer-cdt__time\\&quot;&gt;%S&lt;\\\/div&gt;&lt;div class=\\&quot;hurrytimer-timer-label hurrytimer-cdt__label\\&quot; &gt;S&lt;\\\/div&gt;&lt;\\\/div&gt;&quot;,&quot;methods&quot;:[1,2],&quot;mode&quot;:&quot;one_time&quot;,&quot;sticky_bar_hide_timeout&quot;:7,&quot;recurr&quot;:false,&quot;timeToNextRecurrence&quot;:0,&quot;isRegular&quot;:true,&quot;endDate&quot;:1741906740000}\" ><div class=\"hurrytimer-cdt__headline hurrytimer-headline\">Fin des inscriptions dans<\/div><div class=\"hurrytimer-cdt__inner hurrytimer-timer\"><\/div><\/div>\n\n\n\n<div style=\"height:60px\" aria-hidden=\"true\" class=\"wp-block-spacer\"><\/div>\n\n\n\n<p class=\"has-text-align-center has-text-color has-link-color has-medium-font-size wp-elements-6026e25ee454f0439fb9f57c07234a56\" style=\"color:#993d66\"><strong>Horaires et distances :<\/strong><\/p>\n\n\n\n<p class=\"has-text-align-center has-black-color has-text-color has-link-color wp-elements-8ae2985f6b574824218d9c29e2a0d7f4\"><strong>9h00 : 10 km<\/strong><\/p>\n\n\n\n<p class=\"has-text-align-center has-black-color has-text-color has-link-color wp-elements-fad395e0df0949abf7ea7ca1ec854d7c\"><strong>10h00 : 5 km + concours de d\u00e9guisement<\/strong><\/p>\n\n\n\n<p class=\"has-text-align-center has-black-color has-text-color has-link-color wp-elements-af6c705afd3f3cd1114101a5c91ada8e\"><strong>A partir de<\/strong> <strong>11h00 : 3 Courses enfants (de \u00e9veil athl\u00e9tique \u00e0 poussins)<\/strong><\/p>\n\n\n\n<div style=\"height:60px\" aria-hidden=\"true\" class=\"wp-block-spacer\"><\/div>\n\n\n\n<p class=\"has-text-align-center has-text-color has-link-color has-medium-font-size wp-elements-4dcdb110d844de7dfeff3d1028c8d97d\" style=\"color:#993d66\"><strong>Tarifs :<\/strong><\/p>\n\n\n\n<p class=\"has-text-align-center has-black-color has-text-color has-link-color wp-elements-56b9b3808d82283aa9fdcd022fbbb0b2\"><strong>10 km : 11\u20ac en ligne \/ 14\u20ac sur place<\/strong><\/p>\n\n\n\n<p class=\"has-text-align-center has-black-color has-text-color has-link-color wp-elements-72b3e1faa613bbd30751bb2a931d02c4\"><strong>5 km : 8\u20ac en ligne \/ 11\u20ac sur place<\/strong><\/p>\n\n\n\n<p class=\"has-text-align-center has-black-color has-text-color has-link-color wp-elements-2dd4378640bd983b9e907975d1a0cdbb\"><strong>Courses enfants gratuites<\/strong><\/p>\n\n\n\n<div style=\"height:15px\" aria-hidden=\"true\" class=\"wp-block-spacer\"><\/div>\n\n\n\n<p class=\"has-text-align-center has-vivid-red-color has-text-color has-link-color wp-elements-07579292a966cc1ff6fa2d7e152280f4\"><strong>Inscriptions en ligne jusqu&rsquo;au 13 mars <\/strong><strong>23h59 <\/strong>\/ <strong>Pas d&rsquo;inscriptions par t\u00e9l\u00e9phones<\/strong><\/p>\n\n\n\n<p class=\"has-text-align-center has-vivid-red-color has-text-color has-link-color wp-elements-6be74b60662b49a38b79634c5e680d83\"><strong>Inscriptions sur place le samedi 15 mars de 14h \u00e0 18 et le jour de la course \u00e0 partir de 7h30<\/strong><\/p>\n\n\n\n<div style=\"height:60px\" aria-hidden=\"true\" class=\"wp-block-spacer\"><\/div>\n\n\n\n<p class=\"has-text-align-center has-text-color has-link-color has-medium-font-size wp-elements-da1af106cdb9d6aefaccfe0178902c92\" style=\"color:#993d66\"><strong>Retrait des dossards :<\/strong><\/p>\n\n\n\n<p class=\"has-text-align-center\"><strong>A l&rsquo;espace Raymond Ameilbonne (salle polyvalente) le samedi pr\u00e9c\u00e9dent la course de 14h \u00e0 18h ou le matin de la course \u00e0 partir de 7h30 <\/strong><\/p>\n\n\n\n<div style=\"height:60px\" aria-hidden=\"true\" class=\"wp-block-spacer\"><\/div>\n\n\n\n<p class=\"has-text-align-center has-text-color has-link-color has-medium-font-size wp-elements-c70fd85adb995c4395c3cc09ed8c03bb\" style=\"color:#993d66\"><strong>Acc\u00e8s et parcours :<\/strong><\/p>\n\n\n\n<p class=\"has-text-align-center has-black-color has-text-color has-link-color wp-elements-a6e5df6821a4e8efbf1e34fe500cf2ca\"><strong><a href=\"https:\/\/fr.mappy.com\/plan#\/Avenue%20Pierre%20de%20Coubertin%2C%2063510%20Aulnat\" data-type=\"link\" data-id=\"https:\/\/fr.mappy.com\/plan#\/Avenue%20Pierre%20de%20Coubertin%2C%2063510%20Aulnat\">Espace Raymond Ameilbonne, 63510 Aulnat<\/a><\/strong><\/p>\n\n\n<div class=\"wp-block-image\">\n<figure class=\"aligncenter size-full is-resized\"><img loading=\"lazy\" decoding=\"async\" width=\"634\" height=\"478\" src=\"https:\/\/adeochrono.fr\/wp-content\/uploads\/2024\/01\/parcours-Aulnat-2024.jpg\" alt=\"\" class=\"wp-image-1663\" style=\"width:668px;height:auto\" srcset=\"https:\/\/adeochrono.fr\/wp-content\/uploads\/2024\/01\/parcours-Aulnat-2024.jpg 634w, https:\/\/adeochrono.fr\/wp-content\/uploads\/2024\/01\/parcours-Aulnat-2024-300x226.jpg 300w\" sizes=\"auto, (max-width: 634px) 100vw, 634px\" \/><\/figure>\n<\/div>\n\n\n<div style=\"height:60px\" aria-hidden=\"true\" class=\"wp-block-spacer\"><\/div>\n\n\n\n<p class=\"has-text-align-center\"><strong>Site officiel<\/strong> : <a href=\"https:\/\/www.ville-aulnat.fr\/agendas\/ronde-aulnes-3\" target=\"_blank\" rel=\"noreferrer noopener\">RONDE DES AULNES | Aulnat<\/a><\/p>\n\n\n\n<p><\/p>\n","protected":false},"excerpt":{"rendered":"<p>Horaires et distances : 9h00 : 10 km 10h00 : 5 km + concours de d\u00e9guisement A partir de 11h00 : 3 Courses enfants (de \u00e9veil athl\u00e9tique \u00e0 poussins) Tarifs &#8230;<\/p>\n","protected":false},"author":1,"featured_media":0,"parent":0,"menu_order":0,"comment_status":"closed","ping_status":"closed","template":"","meta":{"footnotes":""},"class_list":["post-5477","page","type-page","status-publish","hentry"],"_links":{"self":[{"href":"https:\/\/adeochrono.fr\/index.php\/wp-json\/wp\/v2\/pages\/5477","targetHints":{"allow":["GET"]}}],"collection":[{"href":"https:\/\/adeochrono.fr\/index.php\/wp-json\/wp\/v2\/pages"}],"about":[{"href":"https:\/\/adeochrono.fr\/index.php\/wp-json\/wp\/v2\/types\/page"}],"author":[{"embeddable":true,"href":"https:\/\/adeochrono.fr\/index.php\/wp-json\/wp\/v2\/users\/1"}],"replies":[{"embeddable":true,"href":"https:\/\/adeochrono.fr\/index.php\/wp-json\/wp\/v2\/comments?post=5477"}],"version-history":[{"count":12,"href":"https:\/\/adeochrono.fr\/index.php\/wp-json\/wp\/v2\/pages\/5477\/revisions"}],"predecessor-version":[{"id":5601,"href":"https:\/\/adeochrono.fr\/index.php\/wp-json\/wp\/v2\/pages\/5477\/revisions\/5601"}],"wp:attachment":[{"href":"https:\/\/adeochrono.fr\/index.php\/wp-json\/wp\/v2\/media?parent=5477"}],"curies":[{"name":"wp","href":"https:\/\/api.w.org\/{rel}","templated":true}]}}