{"id":5119,"date":"2024-12-06T10:41:30","date_gmt":"2024-12-06T09:41:30","guid":{"rendered":"https:\/\/adeochrono.fr\/?page_id=5119"},"modified":"2024-12-06T10:45:58","modified_gmt":"2024-12-06T09:45:58","slug":"2024-resultats-sur-la-piste-du-pere-noel","status":"publish","type":"page","link":"https:\/\/adeochrono.fr\/index.php\/2024-resultats-sur-la-piste-du-pere-noel\/","title":{"rendered":"2024. R\u00e9sultats. Sur la Piste du p\u00e8re No\u00ebl"},"content":{"rendered":"\n<h2 class=\"wp-block-heading\">Sur la Piste du p\u00e8re No\u00ebl<\/h2>\n\n\n\n<div style=\"height:54px\" aria-hidden=\"true\" class=\"wp-block-spacer\"><\/div>\n\n\n\n<p><a href=\"https:\/\/adeochrono.fr\/index.php\/2024-12km-sur-la-piste-du-pere-noel\/\" data-type=\"link\" data-id=\"https:\/\/adeochrono.fr\/index.php\/2024-12km-sur-la-piste-du-pere-noel\/\">Classement 12Km<\/a><\/p>\n\n\n\n<p><\/p>\n","protected":false},"excerpt":{"rendered":"<p>Sur la Piste du p\u00e8re No\u00ebl Classement 12Km<\/p>\n","protected":false},"author":1,"featured_media":0,"parent":0,"menu_order":0,"comment_status":"closed","ping_status":"closed","template":"","meta":{"footnotes":""},"class_list":["post-5119","page","type-page","status-publish","hentry"],"_links":{"self":[{"href":"https:\/\/adeochrono.fr\/index.php\/wp-json\/wp\/v2\/pages\/5119","targetHints":{"allow":["GET"]}}],"collection":[{"href":"https:\/\/adeochrono.fr\/index.php\/wp-json\/wp\/v2\/pages"}],"about":[{"href":"https:\/\/adeochrono.fr\/index.php\/wp-json\/wp\/v2\/types\/page"}],"author":[{"embeddable":true,"href":"https:\/\/adeochrono.fr\/index.php\/wp-json\/wp\/v2\/users\/1"}],"replies":[{"embeddable":true,"href":"https:\/\/adeochrono.fr\/index.php\/wp-json\/wp\/v2\/comments?post=5119"}],"version-history":[{"count":2,"href":"https:\/\/adeochrono.fr\/index.php\/wp-json\/wp\/v2\/pages\/5119\/revisions"}],"predecessor-version":[{"id":5133,"href":"https:\/\/adeochrono.fr\/index.php\/wp-json\/wp\/v2\/pages\/5119\/revisions\/5133"}],"wp:attachment":[{"href":"https:\/\/adeochrono.fr\/index.php\/wp-json\/wp\/v2\/media?parent=5119"}],"curies":[{"name":"wp","href":"https:\/\/api.w.org\/{rel}","templated":true}]}}