{"id":5115,"date":"2024-12-06T10:38:38","date_gmt":"2024-12-06T09:38:38","guid":{"rendered":"https:\/\/adeochrono.fr\/?page_id=5115"},"modified":"2024-12-06T11:09:02","modified_gmt":"2024-12-06T10:09:02","slug":"2024-resultats-cross-unss-academie-paris","status":"publish","type":"page","link":"https:\/\/adeochrono.fr\/index.php\/2024-resultats-cross-unss-academie-paris\/","title":{"rendered":"2024. R\u00e9sultats. Cross UNSS Acad\u00e9mie Paris"},"content":{"rendered":"\n<h2 class=\"wp-block-heading\">Cross UNSS Acad\u00e9mie de Paris<\/h2>\n\n\n\n<div style=\"height:54px\" aria-hidden=\"true\" class=\"wp-block-spacer\"><\/div>\n\n\n\n<p><a href=\"https:\/\/adeochrono.fr\/index.php\/2024-unss75-course-1-juniors-et-seniors-garcons\/\" data-type=\"link\" data-id=\"https:\/\/adeochrono.fr\/index.php\/2024-unss75-course-1-juniors-et-seniors-garcons\/\" target=\"_blank\" rel=\"noreferrer noopener\">Course 1. Juniors et S\u00e9niors Gar\u00e7ons 4070m<\/a><\/p>\n\n\n\n<p><a href=\"https:\/\/adeochrono.fr\/index.php\/2024-unss75-course-2-cadets-et-minimes-lycee-garcons-4070m\/\" data-type=\"link\" data-id=\"https:\/\/adeochrono.fr\/index.php\/2024-unss75-course-2-cadets-et-minimes-lycee-garcons-4070m\/\" target=\"_blank\" rel=\"noreferrer noopener\">Course 2. Cadets et Minimes Lyc\u00e9e Gar\u00e7ons 4070m<\/a><\/p>\n\n\n\n<p><a href=\"https:\/\/adeochrono.fr\/index.php\/2024-unss75-course-3-cadettes-et-minimes-lycee-juniors-seniors-filles-2780m\/\" data-type=\"link\" data-id=\"https:\/\/adeochrono.fr\/index.php\/2024-unss75-course-3-cadettes-et-minimes-lycee-juniors-seniors-filles-2780m\/\" target=\"_blank\" rel=\"noreferrer noopener\">Course 3. Cadettes, Minimes Lyc\u00e9e, Juniors, S\u00e9niors Filles 2780m<\/a><\/p>\n\n\n\n<p><a href=\"https:\/\/adeochrono.fr\/index.php\/2024-unss75-course-4-minimes-cadets-garcons-college-2780m\/\" data-type=\"link\" data-id=\"https:\/\/adeochrono.fr\/index.php\/2024-unss75-course-4-minimes-cadets-garcons-college-2780m\/\" target=\"_blank\" rel=\"noreferrer noopener\">Course 4. Minimes, Cadets Gar\u00e7ons Coll\u00e8ge 2780m<\/a><\/p>\n\n\n\n<p><a href=\"https:\/\/adeochrono.fr\/index.php\/2024-unss75-course-5-benjamins-2200m\/\" data-type=\"link\" data-id=\"https:\/\/adeochrono.fr\/index.php\/2024-unss75-course-5-benjamins-2200m\/\" target=\"_blank\" rel=\"noreferrer noopener\">Course 5. Benjamins 2200m<\/a><\/p>\n\n\n\n<p><a href=\"https:\/\/adeochrono.fr\/index.php\/2024-unss75-course-6-minimes-cadettes-filles-college-2200m\/\" data-type=\"link\" data-id=\"https:\/\/adeochrono.fr\/index.php\/2024-unss75-course-6-minimes-cadettes-filles-college-2200m\/\" target=\"_blank\" rel=\"noreferrer noopener\">Course 6. Minimes, Cadettes Filles Coll\u00e8ge 2200m<\/a><\/p>\n\n\n\n<p><a href=\"https:\/\/adeochrono.fr\/index.php\/2024-unss75-course-7-benjamines\/\" data-type=\"link\" data-id=\"https:\/\/adeochrono.fr\/index.php\/2024-unss75-course-7-benjamines\/\" target=\"_blank\" rel=\"noreferrer noopener\">Course 7. Benjamines 2000m<\/a><\/p>\n","protected":false},"excerpt":{"rendered":"<p>Cross UNSS Acad\u00e9mie de Paris Course 1. Juniors et S\u00e9niors Gar\u00e7ons 4070m Course 2. Cadets et Minimes Lyc\u00e9e Gar\u00e7ons 4070m Course 3. Cadettes, Minimes Lyc\u00e9e, Juniors, S\u00e9niors Filles 2780m Course &#8230;<\/p>\n","protected":false},"author":1,"featured_media":0,"parent":0,"menu_order":0,"comment_status":"closed","ping_status":"closed","template":"","meta":{"footnotes":""},"class_list":["post-5115","page","type-page","status-publish","hentry"],"_links":{"self":[{"href":"https:\/\/adeochrono.fr\/index.php\/wp-json\/wp\/v2\/pages\/5115","targetHints":{"allow":["GET"]}}],"collection":[{"href":"https:\/\/adeochrono.fr\/index.php\/wp-json\/wp\/v2\/pages"}],"about":[{"href":"https:\/\/adeochrono.fr\/index.php\/wp-json\/wp\/v2\/types\/page"}],"author":[{"embeddable":true,"href":"https:\/\/adeochrono.fr\/index.php\/wp-json\/wp\/v2\/users\/1"}],"replies":[{"embeddable":true,"href":"https:\/\/adeochrono.fr\/index.php\/wp-json\/wp\/v2\/comments?post=5115"}],"version-history":[{"count":10,"href":"https:\/\/adeochrono.fr\/index.php\/wp-json\/wp\/v2\/pages\/5115\/revisions"}],"predecessor-version":[{"id":5159,"href":"https:\/\/adeochrono.fr\/index.php\/wp-json\/wp\/v2\/pages\/5115\/revisions\/5159"}],"wp:attachment":[{"href":"https:\/\/adeochrono.fr\/index.php\/wp-json\/wp\/v2\/media?parent=5115"}],"curies":[{"name":"wp","href":"https:\/\/api.w.org\/{rel}","templated":true}]}}