{"id":5111,"date":"2024-12-05T23:08:15","date_gmt":"2024-12-05T22:08:15","guid":{"rendered":"https:\/\/adeochrono.fr\/?page_id=5111"},"modified":"2024-12-05T23:08:16","modified_gmt":"2024-12-05T22:08:16","slug":"2024-unss-academie-creteil-lycee-garcons","status":"publish","type":"page","link":"https:\/\/adeochrono.fr\/index.php\/2024-unss-academie-creteil-lycee-garcons\/","title":{"rendered":"2024 UNSS Acad\u00e9mie Cr\u00e9teil. Lyc\u00e9e Gar\u00e7ons"},"content":{"rendered":"\n<h2 class=\"wp-block-heading\">Lyc\u00e9e Gar\u00e7ons. UNSS Acad\u00e9mie de Cr\u00e9teil<\/h2>\n\n\n\n<div style=\"height:20px\" aria-hidden=\"true\" class=\"wp-block-spacer\"><\/div>\n\n\n<div id=\"footable_parent_5092\"\n         class=\" footable_parent ninja_table_wrapper loading_ninja_table wp_table_data_press_parent semantic_ui \">\n                <table data-ninja_table_instance=\"ninja_table_instance_0\" data-footable_id=\"5092\" data-filter-delay=\"1000\" aria-label=\"2024. Cross UNSS Acad\u00e9mie Cr\u00e9teil. Lyc\u00e9e Gar\u00e7ons Course 6\"            id=\"footable_5092\"\n           data-unique_identifier=\"ninja_table_unique_id_1640823624_5092\"\n           class=\" foo-table ninja_footable foo_table_5092 ninja_table_unique_id_1640823624_5092 ui table  nt_type_ajax_table selectable striped vertical_centered  footable-paging-right ninja_table_pro\">\n                <colgroup>\n                            <col class=\"ninja_column_0 \">\n                            <col class=\"ninja_column_1 xs sm\">\n                            <col class=\"ninja_column_2 \">\n                            <col class=\"ninja_column_3 \">\n                            <col class=\"ninja_column_4 xs sm\">\n                            <col class=\"ninja_column_5 \">\n                            <col class=\"ninja_column_6 xs sm md lg\">\n                            <col class=\"ninja_column_7 xs sm\">\n                            <col class=\"ninja_column_8 xs\">\n                    <\/colgroup>\n            <\/table>\n    \n    \n    \n<\/div>\n\n","protected":false},"excerpt":{"rendered":"<p>Lyc\u00e9e Gar\u00e7ons. UNSS Acad\u00e9mie de Cr\u00e9teil<\/p>\n","protected":false},"author":1,"featured_media":0,"parent":0,"menu_order":0,"comment_status":"closed","ping_status":"closed","template":"","meta":{"footnotes":""},"class_list":["post-5111","page","type-page","status-publish","hentry"],"_links":{"self":[{"href":"https:\/\/adeochrono.fr\/index.php\/wp-json\/wp\/v2\/pages\/5111","targetHints":{"allow":["GET"]}}],"collection":[{"href":"https:\/\/adeochrono.fr\/index.php\/wp-json\/wp\/v2\/pages"}],"about":[{"href":"https:\/\/adeochrono.fr\/index.php\/wp-json\/wp\/v2\/types\/page"}],"author":[{"embeddable":true,"href":"https:\/\/adeochrono.fr\/index.php\/wp-json\/wp\/v2\/users\/1"}],"replies":[{"embeddable":true,"href":"https:\/\/adeochrono.fr\/index.php\/wp-json\/wp\/v2\/comments?post=5111"}],"version-history":[{"count":1,"href":"https:\/\/adeochrono.fr\/index.php\/wp-json\/wp\/v2\/pages\/5111\/revisions"}],"predecessor-version":[{"id":5112,"href":"https:\/\/adeochrono.fr\/index.php\/wp-json\/wp\/v2\/pages\/5111\/revisions\/5112"}],"wp:attachment":[{"href":"https:\/\/adeochrono.fr\/index.php\/wp-json\/wp\/v2\/media?parent=5111"}],"curies":[{"name":"wp","href":"https:\/\/api.w.org\/{rel}","templated":true}]}}