{"id":4917,"date":"2024-11-22T11:56:43","date_gmt":"2024-11-22T10:56:43","guid":{"rendered":"https:\/\/adeochrono.fr\/?page_id=4917"},"modified":"2024-11-22T12:02:30","modified_gmt":"2024-11-22T11:02:30","slug":"2024-resultats-20-bornes-dandresy","status":"publish","type":"page","link":"https:\/\/adeochrono.fr\/index.php\/2024-resultats-20-bornes-dandresy\/","title":{"rendered":"2024. R\u00e9sultats. 20 bornes d&rsquo;Andr\u00e9sy"},"content":{"rendered":"\n<h2 class=\"wp-block-heading\">20 bornes d&rsquo;Andr\u00e9sy<\/h2>\n\n\n\n<div style=\"height:54px\" aria-hidden=\"true\" class=\"wp-block-spacer\"><\/div>\n\n\n\n<p><a href=\"https:\/\/adeochrono.fr\/index.php\/2024-21-km-20-bornes-dandresy\/\" data-type=\"link\" data-id=\"https:\/\/adeochrono.fr\/index.php\/2024-21-km-20-bornes-dandresy\/\" target=\"_blank\" rel=\"noreferrer noopener\">Classement g\u00e9n\u00e9ral 21 km 100<\/a><\/p>\n\n\n\n<p><a href=\"https:\/\/adeochrono.fr\/index.php\/2024-10-km-bornes-dandresy\/\" data-type=\"link\" data-id=\"https:\/\/adeochrono.fr\/index.php\/2024-10-km-bornes-dandresy\/\" target=\"_blank\" rel=\"noreferrer noopener\">Classement g\u00e9n\u00e9ral 10 km<\/a><\/p>\n\n\n\n<p><a href=\"https:\/\/adeochrono.fr\/index.php\/2024-5-km-bornes-dandresy\/\" data-type=\"link\" data-id=\"https:\/\/adeochrono.fr\/index.php\/2024-5-km-bornes-dandresy\/\" target=\"_blank\" rel=\"noreferrer noopener\">Classement g\u00e9n\u00e9ral 5 km<\/a><\/p>\n\n\n\n<p><a href=\"https:\/\/adeochrono.fr\/index.php\/2024-2-km-bornes-dandresy\/\" data-type=\"link\" data-id=\"https:\/\/adeochrono.fr\/index.php\/2024-2-km-bornes-dandresy\/\" target=\"_blank\" rel=\"noreferrer noopener\">Classement g\u00e9n\u00e9ral 2 km<\/a><\/p>\n\n\n\n<p><\/p>\n","protected":false},"excerpt":{"rendered":"<p>20 bornes d&rsquo;Andr\u00e9sy Classement g\u00e9n\u00e9ral 21 km 100 Classement g\u00e9n\u00e9ral 10 km Classement g\u00e9n\u00e9ral 5 km Classement g\u00e9n\u00e9ral 2 km<\/p>\n","protected":false},"author":1,"featured_media":0,"parent":0,"menu_order":0,"comment_status":"closed","ping_status":"closed","template":"","meta":{"footnotes":""},"class_list":["post-4917","page","type-page","status-publish","hentry"],"_links":{"self":[{"href":"https:\/\/adeochrono.fr\/index.php\/wp-json\/wp\/v2\/pages\/4917","targetHints":{"allow":["GET"]}}],"collection":[{"href":"https:\/\/adeochrono.fr\/index.php\/wp-json\/wp\/v2\/pages"}],"about":[{"href":"https:\/\/adeochrono.fr\/index.php\/wp-json\/wp\/v2\/types\/page"}],"author":[{"embeddable":true,"href":"https:\/\/adeochrono.fr\/index.php\/wp-json\/wp\/v2\/users\/1"}],"replies":[{"embeddable":true,"href":"https:\/\/adeochrono.fr\/index.php\/wp-json\/wp\/v2\/comments?post=4917"}],"version-history":[{"count":4,"href":"https:\/\/adeochrono.fr\/index.php\/wp-json\/wp\/v2\/pages\/4917\/revisions"}],"predecessor-version":[{"id":4937,"href":"https:\/\/adeochrono.fr\/index.php\/wp-json\/wp\/v2\/pages\/4917\/revisions\/4937"}],"wp:attachment":[{"href":"https:\/\/adeochrono.fr\/index.php\/wp-json\/wp\/v2\/media?parent=4917"}],"curies":[{"name":"wp","href":"https:\/\/api.w.org\/{rel}","templated":true}]}}