{"id":4804,"date":"2024-11-18T18:01:25","date_gmt":"2024-11-18T17:01:25","guid":{"rendered":"https:\/\/adeochrono.fr\/?page_id=4804"},"modified":"2024-11-21T14:29:07","modified_gmt":"2024-11-21T13:29:07","slug":"2024-resultats-cross-unss-93","status":"publish","type":"page","link":"https:\/\/adeochrono.fr\/index.php\/2024-resultats-cross-unss-93\/","title":{"rendered":"2024. R\u00e9sultats. Cross UNSS 93"},"content":{"rendered":"\n<h2 class=\"wp-block-heading\">Cross UNSS 93 &#8211; 2024<\/h2>\n\n\n\n<div style=\"height:54px\" aria-hidden=\"true\" class=\"wp-block-spacer\"><\/div>\n\n\n\n<p><a href=\"https:\/\/adeochrono.fr\/index.php\/2024-unss-93-benjamins\/\" data-type=\"link\" data-id=\"https:\/\/adeochrono.fr\/index.php\/2024-unss-93-benjamins\/\" target=\"_blank\" rel=\"noreferrer noopener\">Classement Benjamins<\/a><\/p>\n\n\n\n<p><a href=\"https:\/\/adeochrono.fr\/index.php\/2024-unss-93-benjamines\/\" data-type=\"link\" data-id=\"https:\/\/adeochrono.fr\/index.php\/2024-unss-93-benjamines\/\" target=\"_blank\" rel=\"noreferrer noopener\">Classement Benjamines<\/a><\/p>\n\n\n\n<p><a href=\"https:\/\/adeochrono.fr\/index.php\/2024-unss-93-minimes-garconc\/\" data-type=\"link\" data-id=\"https:\/\/adeochrono.fr\/index.php\/2024-unss-93-minimes-garconc\/\" target=\"_blank\" rel=\"noreferrer noopener\">Classement Minimes Gar\u00e7ons<\/a><\/p>\n\n\n\n<p><a href=\"https:\/\/adeochrono.fr\/index.php\/2024-unss-93-minimes-filles\/\" data-type=\"link\" data-id=\"https:\/\/adeochrono.fr\/index.php\/2024-unss-93-minimes-filles\/\" target=\"_blank\" rel=\"noreferrer noopener\">Classement Minimes Filles<\/a><\/p>\n\n\n\n<p><a href=\"https:\/\/adeochrono.fr\/index.php\/2024-unss-93-lycee-filles\/\" data-type=\"link\" data-id=\"https:\/\/adeochrono.fr\/index.php\/2024-unss-93-lycee-filles\/\" target=\"_blank\" rel=\"noreferrer noopener\">Classement Lyc\u00e9e Filles<\/a><\/p>\n\n\n\n<p><a href=\"https:\/\/adeochrono.fr\/index.php\/2024-unss-93-lycee-garcons\/\" data-type=\"link\" data-id=\"https:\/\/adeochrono.fr\/index.php\/2024-unss-93-lycee-garcons\/\" target=\"_blank\" rel=\"noreferrer noopener\">Classement Lyc\u00e9e Gar\u00e7ons<\/a><\/p>\n\n\n\n<div style=\"height:32px\" aria-hidden=\"true\" class=\"wp-block-spacer\"><\/div>\n\n\n\n<p><a href=\"https:\/\/adeochrono.fr\/index.php\/2024-unss-93-equipes-mixtes-benjamins\/\" data-type=\"link\" data-id=\"https:\/\/adeochrono.fr\/index.php\/2024-unss-93-equipes-mixtes-benjamins\/\">Classement \u00e9quipes Mixte Benjamins<\/a><\/p>\n\n\n\n<p><a href=\"https:\/\/adeochrono.fr\/index.php\/2024-unss-93-equipes-mixtes-minimes\/\" data-type=\"link\" data-id=\"https:\/\/adeochrono.fr\/index.php\/2024-unss-93-equipes-mixtes-minimes\/\" target=\"_blank\" rel=\"noreferrer noopener\">Classement \u00e9quipes Mixte Minimes<\/a><\/p>\n\n\n\n<p><a href=\"https:\/\/adeochrono.fr\/index.php\/2024-unss-93-equipes-lycees-pro\/\" data-type=\"link\" data-id=\"https:\/\/adeochrono.fr\/index.php\/2024-unss-93-equipes-lycees-pro\/\" target=\"_blank\" rel=\"noreferrer noopener\">Classement Lyc\u00e9es professionnels<\/a><\/p>\n\n\n\n<p><a href=\"https:\/\/adeochrono.fr\/index.php\/2024-unss-93-equipes-lycees-mixtes\/\" data-type=\"link\" data-id=\"https:\/\/adeochrono.fr\/index.php\/2024-unss-93-equipes-lycees-mixtes\/\" target=\"_blank\" rel=\"noreferrer noopener\">Classement Lyc\u00e9es Mixtes<\/a><\/p>\n\n\n\n<p><a href=\"https:\/\/adeochrono.fr\/index.php\/2024-unss-93-equipes-sport-partage\/\" data-type=\"link\" data-id=\"https:\/\/adeochrono.fr\/index.php\/2024-unss-93-equipes-sport-partage\/\" target=\"_blank\" rel=\"noreferrer noopener\">Classement sport partag\u00e9<\/a><\/p>\n\n\n\n<p><\/p>\n","protected":false},"excerpt":{"rendered":"<p>Cross UNSS 93 &#8211; 2024 Classement Benjamins Classement Benjamines Classement Minimes Gar\u00e7ons Classement Minimes Filles Classement Lyc\u00e9e Filles Classement Lyc\u00e9e Gar\u00e7ons Classement \u00e9quipes Mixte Benjamins Classement \u00e9quipes Mixte Minimes Classement &#8230;<\/p>\n","protected":false},"author":1,"featured_media":0,"parent":0,"menu_order":0,"comment_status":"closed","ping_status":"closed","template":"","meta":{"footnotes":""},"class_list":["post-4804","page","type-page","status-publish","hentry"],"_links":{"self":[{"href":"https:\/\/adeochrono.fr\/index.php\/wp-json\/wp\/v2\/pages\/4804","targetHints":{"allow":["GET"]}}],"collection":[{"href":"https:\/\/adeochrono.fr\/index.php\/wp-json\/wp\/v2\/pages"}],"about":[{"href":"https:\/\/adeochrono.fr\/index.php\/wp-json\/wp\/v2\/types\/page"}],"author":[{"embeddable":true,"href":"https:\/\/adeochrono.fr\/index.php\/wp-json\/wp\/v2\/users\/1"}],"replies":[{"embeddable":true,"href":"https:\/\/adeochrono.fr\/index.php\/wp-json\/wp\/v2\/comments?post=4804"}],"version-history":[{"count":14,"href":"https:\/\/adeochrono.fr\/index.php\/wp-json\/wp\/v2\/pages\/4804\/revisions"}],"predecessor-version":[{"id":4899,"href":"https:\/\/adeochrono.fr\/index.php\/wp-json\/wp\/v2\/pages\/4804\/revisions\/4899"}],"wp:attachment":[{"href":"https:\/\/adeochrono.fr\/index.php\/wp-json\/wp\/v2\/media?parent=4804"}],"curies":[{"name":"wp","href":"https:\/\/api.w.org\/{rel}","templated":true}]}}