{"id":4414,"date":"2024-10-02T18:19:12","date_gmt":"2024-10-02T16:19:12","guid":{"rendered":"https:\/\/adeochrono.fr\/?page_id=4414"},"modified":"2024-10-02T18:22:40","modified_gmt":"2024-10-02T16:22:40","slug":"2024-resultats-37eme-tour-de-ballainvilliers","status":"publish","type":"page","link":"https:\/\/adeochrono.fr\/index.php\/2024-resultats-37eme-tour-de-ballainvilliers\/","title":{"rendered":"2024. R\u00e9sultats. 37\u00e8me tour de Ballainvilliers"},"content":{"rendered":"\n<p><\/p>\n\n\n\n<h2 class=\"wp-block-heading\">37\u00e8me tour de Ballainvilliers<\/h2>\n\n\n\n<div style=\"height:52px\" aria-hidden=\"true\" class=\"wp-block-spacer\"><\/div>\n\n\n\n<p><a href=\"https:\/\/adeochrono.fr\/index.php\/2024-5km-37eme-tour-de-ballainvilliers\/\" data-type=\"link\" data-id=\"https:\/\/adeochrono.fr\/index.php\/2024-5km-37eme-tour-de-ballainvilliers\/\" target=\"_blank\" rel=\"noreferrer noopener\">Classement G\u00e9n\u00e9ral 5 Km<\/a><\/p>\n\n\n\n<p><a href=\"https:\/\/adeochrono.fr\/index.php\/2024-10km-37eme-tour-de-ballainvilliers\/\" data-type=\"link\" data-id=\"https:\/\/adeochrono.fr\/index.php\/2024-10km-37eme-tour-de-ballainvilliers\/\" target=\"_blank\" rel=\"noreferrer noopener\">Classement G\u00e9n\u00e9ral 10 Km<\/a><\/p>\n\n\n\n<p><\/p>\n","protected":false},"excerpt":{"rendered":"<p>37\u00e8me tour de Ballainvilliers Classement G\u00e9n\u00e9ral 5 Km Classement G\u00e9n\u00e9ral 10 Km<\/p>\n","protected":false},"author":1,"featured_media":0,"parent":0,"menu_order":0,"comment_status":"closed","ping_status":"closed","template":"","meta":{"footnotes":""},"class_list":["post-4414","page","type-page","status-publish","hentry"],"_links":{"self":[{"href":"https:\/\/adeochrono.fr\/index.php\/wp-json\/wp\/v2\/pages\/4414","targetHints":{"allow":["GET"]}}],"collection":[{"href":"https:\/\/adeochrono.fr\/index.php\/wp-json\/wp\/v2\/pages"}],"about":[{"href":"https:\/\/adeochrono.fr\/index.php\/wp-json\/wp\/v2\/types\/page"}],"author":[{"embeddable":true,"href":"https:\/\/adeochrono.fr\/index.php\/wp-json\/wp\/v2\/users\/1"}],"replies":[{"embeddable":true,"href":"https:\/\/adeochrono.fr\/index.php\/wp-json\/wp\/v2\/comments?post=4414"}],"version-history":[{"count":3,"href":"https:\/\/adeochrono.fr\/index.php\/wp-json\/wp\/v2\/pages\/4414\/revisions"}],"predecessor-version":[{"id":4421,"href":"https:\/\/adeochrono.fr\/index.php\/wp-json\/wp\/v2\/pages\/4414\/revisions\/4421"}],"wp:attachment":[{"href":"https:\/\/adeochrono.fr\/index.php\/wp-json\/wp\/v2\/media?parent=4414"}],"curies":[{"name":"wp","href":"https:\/\/api.w.org\/{rel}","templated":true}]}}