{"id":4400,"date":"2024-10-02T16:20:29","date_gmt":"2024-10-02T14:20:29","guid":{"rendered":"https:\/\/adeochrono.fr\/?page_id=4400"},"modified":"2024-10-02T16:29:06","modified_gmt":"2024-10-02T14:29:06","slug":"2024-resultats-les-foulees-cannaveroises","status":"publish","type":"page","link":"https:\/\/adeochrono.fr\/index.php\/2024-resultats-les-foulees-cannaveroises\/","title":{"rendered":"2024. R\u00e9sultats. Les Foul\u00e9es Cannav\u00e9roises"},"content":{"rendered":"\n<p><\/p>\n\n\n\n<h2 class=\"wp-block-heading\">Les foul\u00e9es canav\u00e9roises 2024<\/h2>\n\n\n\n<div style=\"height:52px\" aria-hidden=\"true\" class=\"wp-block-spacer\"><\/div>\n\n\n\n<p><a href=\"https:\/\/adeochrono.fr\/index.php\/2024-8km-les-foulees-canaveroises\/\" data-type=\"link\" data-id=\"https:\/\/adeochrono.fr\/index.php\/2024-8km-les-foulees-canaveroises\/\" target=\"_blank\" rel=\"noreferrer noopener\">Classement G\u00e9n\u00e9ral 8Km<\/a><\/p>\n\n\n\n<p><a href=\"https:\/\/adeochrono.fr\/index.php\/2024-4km-les-foulees-canaveroises\/\" data-type=\"link\" data-id=\"https:\/\/adeochrono.fr\/index.php\/2024-4km-les-foulees-canaveroises\/\" target=\"_blank\" rel=\"noreferrer noopener\">Classement G\u00e9n\u00e9ral 4Km<\/a><\/p>\n\n\n\n<p><\/p>\n","protected":false},"excerpt":{"rendered":"<p>Les foul\u00e9es canav\u00e9roises 2024 Classement G\u00e9n\u00e9ral 8Km Classement G\u00e9n\u00e9ral 4Km<\/p>\n","protected":false},"author":1,"featured_media":0,"parent":0,"menu_order":0,"comment_status":"closed","ping_status":"closed","template":"","meta":{"footnotes":""},"class_list":["post-4400","page","type-page","status-publish","hentry"],"_links":{"self":[{"href":"https:\/\/adeochrono.fr\/index.php\/wp-json\/wp\/v2\/pages\/4400","targetHints":{"allow":["GET"]}}],"collection":[{"href":"https:\/\/adeochrono.fr\/index.php\/wp-json\/wp\/v2\/pages"}],"about":[{"href":"https:\/\/adeochrono.fr\/index.php\/wp-json\/wp\/v2\/types\/page"}],"author":[{"embeddable":true,"href":"https:\/\/adeochrono.fr\/index.php\/wp-json\/wp\/v2\/users\/1"}],"replies":[{"embeddable":true,"href":"https:\/\/adeochrono.fr\/index.php\/wp-json\/wp\/v2\/comments?post=4400"}],"version-history":[{"count":4,"href":"https:\/\/adeochrono.fr\/index.php\/wp-json\/wp\/v2\/pages\/4400\/revisions"}],"predecessor-version":[{"id":4408,"href":"https:\/\/adeochrono.fr\/index.php\/wp-json\/wp\/v2\/pages\/4400\/revisions\/4408"}],"wp:attachment":[{"href":"https:\/\/adeochrono.fr\/index.php\/wp-json\/wp\/v2\/media?parent=4400"}],"curies":[{"name":"wp","href":"https:\/\/api.w.org\/{rel}","templated":true}]}}