{"id":438,"date":"2023-10-12T03:01:32","date_gmt":"2023-10-12T01:01:32","guid":{"rendered":"https:\/\/adeochrono.fr\/?page_id=438"},"modified":"2025-08-25T16:08:52","modified_gmt":"2025-08-25T14:08:52","slug":"qui-sommes-nous","status":"publish","type":"page","link":"https:\/\/adeochrono.fr\/index.php\/qui-sommes-nous\/","title":{"rendered":"Qui sommes nous ?"},"content":{"rendered":"\n<p><\/p>\n\n\n\n<h1 class=\"wp-block-heading has-text-align-center\">Bienvenue chez ADEOCHRONO<\/h1>\n\n\n\n<h1 class=\"wp-block-heading has-text-align-center\">Votre Partenaire de Chronom\u00e9trage \u00c9lectronique<\/h1>\n\n\n\n<div style=\"height:51px\" aria-hidden=\"true\" class=\"wp-block-spacer\"><\/div>\n\n\n\n<h2 class=\"wp-block-heading has-text-align-center\">\u00c0 Propos de Nous<\/h2>\n\n\n\n<p class=\"has-text-align-center\">ADEOCHRONO est une soci\u00e9t\u00e9 d\u00e9di\u00e9e \u00e0 fournir des solutions de chronom\u00e9trage sportif \u00e9lectronique de pointe, garantissant pr\u00e9cision, fiabilit\u00e9 et satisfaction pour chaque \u00e9v\u00e9nement. Petits ou grands, nous sommes fiers de soutenir une vaste gamme d&rsquo;\u00e9v\u00e9nements sportifs.<\/p>\n\n\n\n<div style=\"height:51px\" aria-hidden=\"true\" class=\"wp-block-spacer\"><\/div>\n\n\n\n<h2 class=\"wp-block-heading has-text-align-center\">Notre Engagement<\/h2>\n\n\n\n<p class=\"has-text-align-center\">Offrir \u00e0 nos clients des services de chronom\u00e9trage de la plus haute qualit\u00e9. Nous comprenons l&rsquo;importance de la pr\u00e9cision et de la ponctualit\u00e9 dans chaque \u00e9v\u00e9nement sportif, et c&rsquo;est pourquoi nous travaillons sans rel\u00e2che pour garantir que chaque course soit chronom\u00e9tr\u00e9e avec une exactitude absolue.<\/p>\n\n\n\n<div style=\"height:51px\" aria-hidden=\"true\" class=\"wp-block-spacer\"><\/div>\n\n\n\n<h2 class=\"wp-block-heading has-text-align-center\">Nos Services<\/h2>\n\n\n\n<ul class=\"wp-block-list\">\n<li><strong>Chronom\u00e9trage Professionnel<\/strong>: Gr\u00e2ce \u00e0 notre expertise dans le syst\u00e8me Race Result, nous fournissons un chronom\u00e9trage professionnel pour une grande vari\u00e9t\u00e9 de sports, y compris la course sur route, trail, cross, cyclisme, triathlon, cani cross.<\/li>\n\n\n\n<li><strong>Adaptation<\/strong>: Nous comprenons que chaque \u00e9v\u00e9nement a des besoins uniques. C&rsquo;est pourquoi nous offrons des solutions de chronom\u00e9trage enti\u00e8rement personnalisables pour r\u00e9pondre aux exigences sp\u00e9cifiques de chacun.<\/li>\n\n\n\n<li><strong>Ensemble<\/strong>: Pr\u00e9sent pour vous accompagner \u00e0 chaque \u00e9tape , de la planification initiale au jour de l&rsquo;\u00e9v\u00e9nement, de l&rsquo;inscription en ligne \u00e0 la mise en avant de votre manifestation, nous restons disponible pour r\u00e9pondre \u00e0 vos questions et vous assurer une exp\u00e9rience plus sereine.<\/li>\n<\/ul>\n\n\n\n<div style=\"height:51px\" aria-hidden=\"true\" class=\"wp-block-spacer\"><\/div>\n\n\n\n<h2 class=\"wp-block-heading has-text-align-center\">Pourquoi Choisir ADEOCHRONO<\/h2>\n\n\n\n<ul class=\"wp-block-list\">\n<li><strong>Race Result<\/strong>: En tant qu&rsquo;utilisateurs chevronn\u00e9s du syst\u00e8me Race Result, nous garantissons une ma\u00eetrise totale de cette technologie de pointe, assurant ainsi des r\u00e9sultats pr\u00e9cis et fiables \u00e0 chaque course.<\/li>\n\n\n\n<li><strong>Flexibilit\u00e9 et Adaptabilit\u00e9<\/strong>: Que vous organisiez un petit \u00e9v\u00e9nement local ou un grand championnat national, nous avons les comp\u00e9tences et les ressources pour r\u00e9pondre \u00e0 vos besoins.<\/li>\n<\/ul>\n\n\n\n<div style=\"height:51px\" aria-hidden=\"true\" class=\"wp-block-spacer\"><\/div>\n\n\n\n<h2 class=\"wp-block-heading has-text-align-center\">Pr\u00eat \u00e0 prendre le d\u00e9part et \u00e0 franchir la ligne d&rsquo;arriv\u00e9e en toute confiance avec ADEOCHRONO  ?<\/h2>\n\n\n\n<p class=\"has-text-align-center\">Contactez nous d\u00e8s aujourd&rsquo;hui pour discuter de vos besoins et d\u00e9couvrons comment ADEOCHRONO peut vous aider<\/p>\n\n\n\n<div style=\"height:51px\" aria-hidden=\"true\" class=\"wp-block-spacer\"><\/div>\n\n\n\n<figure class=\"wp-block-video\"><video height=\"720\" style=\"aspect-ratio: 1280 \/ 720;\" width=\"1280\" controls src=\"https:\/\/adeochrono.fr\/wp-content\/uploads\/2023\/10\/f2mp_default_facebook_video_255021787017533-1-1.mp4\"><\/video><\/figure>\n\n\n<div class=\"wp-block-image\">\n<figure class=\"aligncenter size-large is-resized\"><img loading=\"lazy\" decoding=\"async\" width=\"1024\" height=\"540\" src=\"https:\/\/adeochrono.fr\/wp-content\/uploads\/2025\/08\/Label_chronometrie_ATHLE-bleu-1024x540.png\" alt=\"\" class=\"wp-image-7720\" style=\"aspect-ratio:2.0317460317460316;width:226px;height:auto\" srcset=\"https:\/\/adeochrono.fr\/wp-content\/uploads\/2025\/08\/Label_chronometrie_ATHLE-bleu-1024x540.png 1024w, https:\/\/adeochrono.fr\/wp-content\/uploads\/2025\/08\/Label_chronometrie_ATHLE-bleu-300x158.png 300w, https:\/\/adeochrono.fr\/wp-content\/uploads\/2025\/08\/Label_chronometrie_ATHLE-bleu-768x405.png 768w, https:\/\/adeochrono.fr\/wp-content\/uploads\/2025\/08\/Label_chronometrie_ATHLE-bleu-1536x810.png 1536w, https:\/\/adeochrono.fr\/wp-content\/uploads\/2025\/08\/Label_chronometrie_ATHLE-bleu-2048x1081.png 2048w\" sizes=\"auto, (max-width: 1024px) 100vw, 1024px\" \/><\/figure>\n<\/div>","protected":false},"excerpt":{"rendered":"<p>Bienvenue chez ADEOCHRONO Votre Partenaire de Chronom\u00e9trage \u00c9lectronique \u00c0 Propos de Nous ADEOCHRONO est une soci\u00e9t\u00e9 d\u00e9di\u00e9e \u00e0 fournir des solutions de chronom\u00e9trage sportif \u00e9lectronique de pointe, garantissant pr\u00e9cision, fiabilit\u00e9 &#8230;<\/p>\n","protected":false},"author":1,"featured_media":0,"parent":0,"menu_order":0,"comment_status":"closed","ping_status":"closed","template":"","meta":{"footnotes":""},"class_list":["post-438","page","type-page","status-publish","hentry"],"_links":{"self":[{"href":"https:\/\/adeochrono.fr\/index.php\/wp-json\/wp\/v2\/pages\/438","targetHints":{"allow":["GET"]}}],"collection":[{"href":"https:\/\/adeochrono.fr\/index.php\/wp-json\/wp\/v2\/pages"}],"about":[{"href":"https:\/\/adeochrono.fr\/index.php\/wp-json\/wp\/v2\/types\/page"}],"author":[{"embeddable":true,"href":"https:\/\/adeochrono.fr\/index.php\/wp-json\/wp\/v2\/users\/1"}],"replies":[{"embeddable":true,"href":"https:\/\/adeochrono.fr\/index.php\/wp-json\/wp\/v2\/comments?post=438"}],"version-history":[{"count":15,"href":"https:\/\/adeochrono.fr\/index.php\/wp-json\/wp\/v2\/pages\/438\/revisions"}],"predecessor-version":[{"id":7721,"href":"https:\/\/adeochrono.fr\/index.php\/wp-json\/wp\/v2\/pages\/438\/revisions\/7721"}],"wp:attachment":[{"href":"https:\/\/adeochrono.fr\/index.php\/wp-json\/wp\/v2\/media?parent=438"}],"curies":[{"name":"wp","href":"https:\/\/api.w.org\/{rel}","templated":true}]}}