{"id":4200,"date":"2024-09-18T02:59:33","date_gmt":"2024-09-18T00:59:33","guid":{"rendered":"https:\/\/adeochrono.fr\/?page_id=4200"},"modified":"2024-09-18T12:32:09","modified_gmt":"2024-09-18T10:32:09","slug":"2024-resultats-triathlon-des-roses","status":"publish","type":"page","link":"https:\/\/adeochrono.fr\/index.php\/2024-resultats-triathlon-des-roses\/","title":{"rendered":"2024. R\u00e9sultats. Triathlon des roses"},"content":{"rendered":"\n<div style=\"height:54px\" aria-hidden=\"true\" class=\"wp-block-spacer\"><\/div>\n\n\n\n<h2 class=\"wp-block-heading\">Triathlon Des Roses<\/h2>\n\n\n\n<div style=\"height:54px\" aria-hidden=\"true\" class=\"wp-block-spacer\"><\/div>\n\n\n\n<p><a href=\"https:\/\/adeochrono.fr\/index.php\/2024-resultats-triathlon-des-roses-solo\/\" data-type=\"link\" data-id=\"https:\/\/adeochrono.fr\/index.php\/2024-resultats-triathlon-des-roses-solo\/\" target=\"_blank\" rel=\"noreferrer noopener\">Solo G\u00e9n\u00e9ral<\/a><\/p>\n\n\n\n<p><a href=\"https:\/\/adeochrono.fr\/index.php\/2024-resultats-triathlon-des-roses-relais\/\" data-type=\"link\" data-id=\"https:\/\/adeochrono.fr\/index.php\/2024-resultats-triathlon-des-roses-relais\/\" target=\"_blank\" rel=\"noreferrer noopener\">Relais G\u00e9n\u00e9ral<\/a><\/p>\n","protected":false},"excerpt":{"rendered":"<p>Triathlon Des Roses Solo G\u00e9n\u00e9ral Relais G\u00e9n\u00e9ral<\/p>\n","protected":false},"author":1,"featured_media":0,"parent":0,"menu_order":0,"comment_status":"closed","ping_status":"closed","template":"","meta":{"footnotes":""},"class_list":["post-4200","page","type-page","status-publish","hentry"],"_links":{"self":[{"href":"https:\/\/adeochrono.fr\/index.php\/wp-json\/wp\/v2\/pages\/4200","targetHints":{"allow":["GET"]}}],"collection":[{"href":"https:\/\/adeochrono.fr\/index.php\/wp-json\/wp\/v2\/pages"}],"about":[{"href":"https:\/\/adeochrono.fr\/index.php\/wp-json\/wp\/v2\/types\/page"}],"author":[{"embeddable":true,"href":"https:\/\/adeochrono.fr\/index.php\/wp-json\/wp\/v2\/users\/1"}],"replies":[{"embeddable":true,"href":"https:\/\/adeochrono.fr\/index.php\/wp-json\/wp\/v2\/comments?post=4200"}],"version-history":[{"count":2,"href":"https:\/\/adeochrono.fr\/index.php\/wp-json\/wp\/v2\/pages\/4200\/revisions"}],"predecessor-version":[{"id":4210,"href":"https:\/\/adeochrono.fr\/index.php\/wp-json\/wp\/v2\/pages\/4200\/revisions\/4210"}],"wp:attachment":[{"href":"https:\/\/adeochrono.fr\/index.php\/wp-json\/wp\/v2\/media?parent=4200"}],"curies":[{"name":"wp","href":"https:\/\/api.w.org\/{rel}","templated":true}]}}