{"id":3852,"date":"2024-07-01T12:06:56","date_gmt":"2024-07-01T10:06:56","guid":{"rendered":"https:\/\/adeochrono.fr\/?page_id=3852"},"modified":"2025-04-18T09:30:33","modified_gmt":"2025-04-18T07:30:33","slug":"2025-presentation-octobre-rose-les-azimute-e-s","status":"publish","type":"page","link":"https:\/\/adeochrono.fr\/index.php\/2025-presentation-octobre-rose-les-azimute-e-s\/","title":{"rendered":"2025 &#8211; Pr\u00e9sentation &#8211; Octobre Rose Les AZIMut\u00e9.e.s"},"content":{"rendered":"<div class=\"wp-block-image\">\n<figure class=\"aligncenter size-full\"><img loading=\"lazy\" decoding=\"async\" width=\"667\" height=\"377\" src=\"https:\/\/adeochrono.fr\/wp-content\/uploads\/2024\/07\/Les-azim-octobre-rose.jpg\" alt=\"\" class=\"wp-image-3853\" srcset=\"https:\/\/adeochrono.fr\/wp-content\/uploads\/2024\/07\/Les-azim-octobre-rose.jpg 667w, https:\/\/adeochrono.fr\/wp-content\/uploads\/2024\/07\/Les-azim-octobre-rose-300x170.jpg 300w\" sizes=\"auto, (max-width: 667px) 100vw, 667px\" \/><\/figure>\n<\/div>\n\n\n<div style=\"height:60px\" aria-hidden=\"true\" class=\"wp-block-spacer\"><\/div>\n\n\n\n<h2 class=\"wp-block-heading has-text-align-center has-pale-pink-color has-text-color has-link-color has-large-font-size wp-elements-bc1e138108f253f046bde1675bfeb115\"><strong>Octobre Rose Les AZIMut\u00e9.e.s<\/strong><\/h2>\n\n\n\n<p class=\"has-text-align-center has-pale-pink-color has-text-color has-link-color has-large-font-size wp-elements-9a02277d60ee6b3079bf3d0c1132cdce\"><strong>Dimanche 12 octobre 2025<\/strong><\/p>\n\n\n\n<div style=\"height:60px\" aria-hidden=\"true\" class=\"wp-block-spacer\"><\/div>\n\n\n\n<div class=\"wp-block-buttons is-content-justification-center is-layout-flex wp-container-core-buttons-is-layout-16018d1d wp-block-buttons-is-layout-flex\">\n<div class=\"wp-block-button is-style-fill\"><a class=\"wp-block-button__link has-vivid-cyan-blue-color has-pale-pink-background-color has-text-color has-background has-link-color wp-element-button\" href=\"https:\/\/octobre-rose-les-azimutees.adeorun.com\/inscription\" target=\"_blank\" rel=\"noreferrer noopener\"><strong>Inscriptions<\/strong><\/a><\/div>\n\n\n\n<div class=\"wp-block-button\"><a class=\"wp-block-button__link has-vivid-cyan-blue-color has-pale-pink-background-color has-text-color has-background has-link-color wp-element-button\" href=\"https:\/\/dcr2ikgls5h9r.cloudfront.net\/event\/cly2s8pwv04gq3rjujxm67mw7\/reglement.pdf\" target=\"_blank\" rel=\"noreferrer noopener\"><strong>R\u00e8glement<\/strong><\/a><\/div>\n<\/div>\n\n\n\n<div style=\"height:60px\" aria-hidden=\"true\" class=\"wp-block-spacer\"><\/div>\n\n\n<div class=\"hurrytimer-cdt hurrytimer-cdt--3859 hurrytimer-campaign hurryt-loading hurrytimer-campaign-3859\" data-config=\"{&quot;id&quot;:3859,&quot;run_in_background&quot;:false,&quot;sticky&quot;:false,&quot;product_ids&quot;:[],&quot;actions&quot;:[{&quot;id&quot;:1,&quot;redirectUrl&quot;:&quot;&quot;,&quot;message&quot;:&quot;&quot;,&quot;coupon&quot;:&quot;&quot;,&quot;wcStockStatus&quot;:&quot;instock&quot;}],&quot;template&quot;:&quot;&lt;div class=\\&quot;hurrytimer-timer-block hurrytimer-cdt__dur\\&quot;&gt;&lt;div class=\\&quot;hurrytimer-timer-digit hurrytimer-cdt__time\\&quot;&gt;%m&lt;\\\/div&gt;&lt;div class=\\&quot;hurrytimer-timer-label hurrytimer-cdt__label\\&quot; &gt;Mois&lt;\\\/div&gt;&lt;\\\/div&gt;&lt;div class=\\&quot;hurrytimer-cdt__sep hurrytimer-timer-sep\\&quot;&gt;:&lt;\\\/div&gt;&lt;div class=\\&quot;hurrytimer-timer-block hurrytimer-cdt__dur\\&quot;&gt;&lt;div class=\\&quot;hurrytimer-timer-digit hurrytimer-cdt__time\\&quot;&gt;%n&lt;\\\/div&gt;&lt;div class=\\&quot;hurrytimer-timer-label hurrytimer-cdt__label\\&quot; &gt;Jours&lt;\\\/div&gt;&lt;\\\/div&gt;&lt;div class=\\&quot;hurrytimer-cdt__sep hurrytimer-timer-sep\\&quot;&gt;:&lt;\\\/div&gt;&lt;div class=\\&quot;hurrytimer-timer-block hurrytimer-cdt__dur\\&quot;&gt;&lt;div class=\\&quot;hurrytimer-timer-digit hurrytimer-cdt__time\\&quot;&gt;%H&lt;\\\/div&gt;&lt;div class=\\&quot;hurrytimer-timer-label hurrytimer-cdt__label\\&quot; &gt;H&lt;\\\/div&gt;&lt;\\\/div&gt;&lt;div class=\\&quot;hurrytimer-cdt__sep hurrytimer-timer-sep\\&quot;&gt;:&lt;\\\/div&gt;&lt;div class=\\&quot;hurrytimer-timer-block hurrytimer-cdt__dur\\&quot;&gt;&lt;div class=\\&quot;hurrytimer-timer-digit hurrytimer-cdt__time\\&quot;&gt;%M&lt;\\\/div&gt;&lt;div class=\\&quot;hurrytimer-timer-label hurrytimer-cdt__label\\&quot; &gt;M&lt;\\\/div&gt;&lt;\\\/div&gt;&lt;div class=\\&quot;hurrytimer-cdt__sep hurrytimer-timer-sep\\&quot;&gt;:&lt;\\\/div&gt;&lt;div class=\\&quot;hurrytimer-timer-block hurrytimer-cdt__dur\\&quot;&gt;&lt;div class=\\&quot;hurrytimer-timer-digit hurrytimer-cdt__time\\&quot;&gt;%S&lt;\\\/div&gt;&lt;div class=\\&quot;hurrytimer-timer-label hurrytimer-cdt__label\\&quot; &gt;S&lt;\\\/div&gt;&lt;\\\/div&gt;&quot;,&quot;methods&quot;:[1,2],&quot;mode&quot;:&quot;one_time&quot;,&quot;sticky_bar_hide_timeout&quot;:7,&quot;recurr&quot;:false,&quot;timeToNextRecurrence&quot;:0,&quot;isRegular&quot;:true,&quot;endDate&quot;:1761865140000}\" ><div class=\"hurrytimer-cdt__headline hurrytimer-headline\">Fin des inscriptions dans<\/div><div class=\"hurrytimer-cdt__inner hurrytimer-timer\"><\/div><\/div>\n\n\n\n<div style=\"height:60px\" aria-hidden=\"true\" class=\"wp-block-spacer\"><\/div>\n\n\n\n<p class=\"has-text-align-center has-black-color has-text-color has-link-color wp-elements-45fd45a3722c03994d89c08f5d236567\" style=\"font-size:15px\"><strong>L\u2019association LES AZIMut\u00e9.e.S avec le concours de ses partenaires organise pour la cinqui\u00e8me ann\u00e9e<br>cons\u00e9cutives l\u2019op\u00e9ration \u00ab Octobre Rose \u00bb.<br>Cette op\u00e9ration n\u2019est pas une comp\u00e9tition sportive mais un \u00e9v\u00e9nement solidaire qui a pour objectif de<br>cumuler des kilom\u00e8tres durant le mois d\u2019octobre afin de t\u00e9moigner son soutien \u00e0 la campagne de<br>sensibilisation au cancer du sein dans le cadre de la campagne nationale \u00ab Octobre Rose \u00bb.<\/strong><\/p>\n\n\n\n<div style=\"height:60px\" aria-hidden=\"true\" class=\"wp-block-spacer\"><\/div>\n\n\n\n<p class=\"has-text-align-center has-pale-pink-color has-text-color has-link-color has-large-font-size wp-elements-1a5e2b2866a8bf6e7e49ee3fbc64b845\"><strong>Op\u00e9ration connect\u00e9e :<\/strong><\/p>\n\n\n\n<div style=\"height:34px\" aria-hidden=\"true\" class=\"wp-block-spacer\"><\/div>\n\n\n\n<p class=\"has-text-align-center has-black-color has-text-color has-link-color wp-elements-0c93d29b8d7ae71bc716d5d2ba47529e\" style=\"font-size:15px\"><strong>Du 1er au 31 octobre 2025 les participantes et participants sont invit\u00e9.e.s \u00e0 aller courir ou marcher dans le lieu qu\u2019ils souhaitent et pour la distance qu\u2019ils souhaitent. Une fois leur sortie effectu\u00e9e, il leur suffit de se connecter \u00e0 leur espace personnel pour valider leur distance et ainsi faire progresser le compteur des kilom\u00e8tres parcourus.<\/strong><\/p>\n\n\n\n<div style=\"height:60px\" aria-hidden=\"true\" class=\"wp-block-spacer\"><\/div>\n\n\n\n<p class=\"has-text-align-center has-pale-pink-color has-text-color has-link-color has-large-font-size wp-elements-3ff110c1bca7961b7c891652497a9239\"><strong>Op\u00e9ration du 12 octobre :<\/strong><\/p>\n\n\n\n<div style=\"height:43px\" aria-hidden=\"true\" class=\"wp-block-spacer\"><\/div>\n\n\n\n<p class=\"has-text-align-center has-black-color has-text-color has-link-color wp-elements-588c6b8ce65b439a66147bdf6a8a173f\"><strong>Pour cette 5<sup>\u00e8me<\/sup> \u00e9dition une d\u00e9ambulation, s\u00e9curis\u00e9e par la police municipale, dans la rue principale (rue du g\u00e9n\u00e9ral Gallieni) de Rosny-sous-Bois est organis\u00e9e.D\u00e9part \u00e0 9h00 pr\u00e9cise du mail Jean Pierre Timbaud devant la Fabrique Artistique et Num\u00e9rique (FAN)<\/strong><\/p>\n\n\n\n<p class=\"has-text-align-center has-black-color has-text-color has-link-color wp-elements-dc43b443640f7ef489bc9f7214e1b50e\" style=\"font-size:15px\"><strong>De 9h30 \u00e0 12h un circuit d\u20191 km sera mis \u00e0 disposition des participant.e.s  dans les all\u00e9es du Parc Decesari situ\u00e9 rue Claude Pern\u00e8s \u00e0 Rosny-sous-Bois (RER E \u2013 gare Rosny-sous-Bois). <\/strong><\/p>\n\n\n\n<p class=\"has-text-align-center has-black-color has-text-color has-link-color wp-elements-771f6b5bd8661b28eb70b5111e1a2536\" style=\"font-size:15px\"><strong>Durant ces 2h30, les participant.e.s pourront r\u00e9aliser en courant ou en marchant le nombre de tours qu\u2019ils souhaitent. <\/strong><\/p>\n\n\n\n<p class=\"has-text-align-center has-black-color has-text-color has-link-color wp-elements-e12ad5e561bc26f46f0d061e68a321b8\" style=\"font-size:15px\"><strong>Un ravitaillement ainsi qu\u2019une tombola seront organis\u00e9s.<\/strong><\/p>\n\n\n\n<div style=\"height:60px\" aria-hidden=\"true\" class=\"wp-block-spacer\"><\/div>\n\n\n<div class=\"wp-block-image\">\n<figure class=\"aligncenter size-full\"><img loading=\"lazy\" decoding=\"async\" width=\"700\" height=\"900\" src=\"https:\/\/adeochrono.fr\/wp-content\/uploads\/2025\/04\/OctobreRose2025-700x900-1.jpg\" alt=\"\" class=\"wp-image-6299\" srcset=\"https:\/\/adeochrono.fr\/wp-content\/uploads\/2025\/04\/OctobreRose2025-700x900-1.jpg 700w, https:\/\/adeochrono.fr\/wp-content\/uploads\/2025\/04\/OctobreRose2025-700x900-1-233x300.jpg 233w\" sizes=\"auto, (max-width: 700px) 100vw, 700px\" \/><\/figure>\n<\/div>","protected":false},"excerpt":{"rendered":"<p>Octobre Rose Les AZIMut\u00e9.e.s Dimanche 12 octobre 2025 L\u2019association LES AZIMut\u00e9.e.S avec le concours de ses partenaires organise pour la cinqui\u00e8me ann\u00e9econs\u00e9cutives l\u2019op\u00e9ration \u00ab Octobre Rose \u00bb.Cette op\u00e9ration n\u2019est pas &#8230;<\/p>\n","protected":false},"author":1,"featured_media":0,"parent":0,"menu_order":0,"comment_status":"closed","ping_status":"closed","template":"","meta":{"footnotes":""},"class_list":["post-3852","page","type-page","status-publish","hentry"],"_links":{"self":[{"href":"https:\/\/adeochrono.fr\/index.php\/wp-json\/wp\/v2\/pages\/3852","targetHints":{"allow":["GET"]}}],"collection":[{"href":"https:\/\/adeochrono.fr\/index.php\/wp-json\/wp\/v2\/pages"}],"about":[{"href":"https:\/\/adeochrono.fr\/index.php\/wp-json\/wp\/v2\/types\/page"}],"author":[{"embeddable":true,"href":"https:\/\/adeochrono.fr\/index.php\/wp-json\/wp\/v2\/users\/1"}],"replies":[{"embeddable":true,"href":"https:\/\/adeochrono.fr\/index.php\/wp-json\/wp\/v2\/comments?post=3852"}],"version-history":[{"count":10,"href":"https:\/\/adeochrono.fr\/index.php\/wp-json\/wp\/v2\/pages\/3852\/revisions"}],"predecessor-version":[{"id":6475,"href":"https:\/\/adeochrono.fr\/index.php\/wp-json\/wp\/v2\/pages\/3852\/revisions\/6475"}],"wp:attachment":[{"href":"https:\/\/adeochrono.fr\/index.php\/wp-json\/wp\/v2\/media?parent=3852"}],"curies":[{"name":"wp","href":"https:\/\/api.w.org\/{rel}","templated":true}]}}