{"id":3769,"date":"2024-06-21T10:42:52","date_gmt":"2024-06-21T08:42:52","guid":{"rendered":"https:\/\/adeochrono.fr\/?page_id=3769"},"modified":"2024-06-21T10:49:07","modified_gmt":"2024-06-21T08:49:07","slug":"2024-resultats-la-villepatrail","status":"publish","type":"page","link":"https:\/\/adeochrono.fr\/index.php\/2024-resultats-la-villepatrail\/","title":{"rendered":"2024. R\u00e9sultats. La Villepa&rsquo;Trail"},"content":{"rendered":"\n<p><\/p>\n\n\n\n<h2 class=\"wp-block-heading\">La Villepa&rsquo;Trail 2024<\/h2>\n\n\n\n<div style=\"height:52px\" aria-hidden=\"true\" class=\"wp-block-spacer\"><\/div>\n\n\n\n<p><a href=\"https:\/\/adeochrono.fr\/index.php\/2024-resultats-la-villepatrail-21km\/\" data-type=\"link\" data-id=\"https:\/\/adeochrono.fr\/index.php\/2024-resultats-la-villepatrail-21km\/\" target=\"_blank\" rel=\"noreferrer noopener\">Classement g\u00e9n\u00e9ral 21km<\/a><\/p>\n\n\n\n<p><a href=\"https:\/\/adeochrono.fr\/index.php\/2024-resultats-la-villepatrail-12km\/\" target=\"_blank\" rel=\"noreferrer noopener\">Classement g\u00e9n\u00e9ral 12km<\/a><\/p>\n\n\n\n<p><a href=\"https:\/\/adeochrono.fr\/index.php\/2024-resultats-la-villepatrail-marche-nordique-12km\/\" target=\"_blank\" rel=\"noreferrer noopener\">Classement g\u00e9n\u00e9ral Marche Nordique 12km<\/a><\/p>\n","protected":false},"excerpt":{"rendered":"<p>La Villepa&rsquo;Trail 2024 Classement g\u00e9n\u00e9ral 21km Classement g\u00e9n\u00e9ral 12km Classement g\u00e9n\u00e9ral Marche Nordique 12km<\/p>\n","protected":false},"author":1,"featured_media":0,"parent":0,"menu_order":0,"comment_status":"closed","ping_status":"closed","template":"","meta":{"footnotes":""},"class_list":["post-3769","page","type-page","status-publish","hentry"],"_links":{"self":[{"href":"https:\/\/adeochrono.fr\/index.php\/wp-json\/wp\/v2\/pages\/3769","targetHints":{"allow":["GET"]}}],"collection":[{"href":"https:\/\/adeochrono.fr\/index.php\/wp-json\/wp\/v2\/pages"}],"about":[{"href":"https:\/\/adeochrono.fr\/index.php\/wp-json\/wp\/v2\/types\/page"}],"author":[{"embeddable":true,"href":"https:\/\/adeochrono.fr\/index.php\/wp-json\/wp\/v2\/users\/1"}],"replies":[{"embeddable":true,"href":"https:\/\/adeochrono.fr\/index.php\/wp-json\/wp\/v2\/comments?post=3769"}],"version-history":[{"count":4,"href":"https:\/\/adeochrono.fr\/index.php\/wp-json\/wp\/v2\/pages\/3769\/revisions"}],"predecessor-version":[{"id":3783,"href":"https:\/\/adeochrono.fr\/index.php\/wp-json\/wp\/v2\/pages\/3769\/revisions\/3783"}],"wp:attachment":[{"href":"https:\/\/adeochrono.fr\/index.php\/wp-json\/wp\/v2\/media?parent=3769"}],"curies":[{"name":"wp","href":"https:\/\/api.w.org\/{rel}","templated":true}]}}