{"id":3744,"date":"2024-06-14T18:16:27","date_gmt":"2024-06-14T16:16:27","guid":{"rendered":"https:\/\/adeochrono.fr\/?page_id=3744"},"modified":"2024-06-14T20:50:13","modified_gmt":"2024-06-14T18:50:13","slug":"2024-resultats-la-noctureine","status":"publish","type":"page","link":"https:\/\/adeochrono.fr\/index.php\/2024-resultats-la-noctureine\/","title":{"rendered":"2024. R\u00e9sultats. La Noctureine"},"content":{"rendered":"\n<p><\/p>\n\n\n\n<h2 class=\"wp-block-heading\">La Noctureine 2024<\/h2>\n\n\n\n<div style=\"height:52px\" aria-hidden=\"true\" class=\"wp-block-spacer\"><\/div>\n\n\n\n<p><a href=\"https:\/\/adeochrono.fr\/index.php\/2024-resultats-la-noctureine-5km-2\/\" target=\"_blank\" rel=\"noreferrer noopener\">5Km Classement G\u00e9n\u00e9ral<\/a><\/p>\n\n\n\n<p><a href=\"https:\/\/adeochrono.fr\/index.php\/2024-resultats-la-noctureine-5km\/\" target=\"_blank\" rel=\"noreferrer noopener\">10Km Classement G\u00e9n\u00e9ral<\/a><\/p>\n","protected":false},"excerpt":{"rendered":"<p>La Noctureine 2024 5Km Classement G\u00e9n\u00e9ral 10Km Classement G\u00e9n\u00e9ral<\/p>\n","protected":false},"author":1,"featured_media":0,"parent":0,"menu_order":0,"comment_status":"closed","ping_status":"closed","template":"","meta":{"footnotes":""},"class_list":["post-3744","page","type-page","status-publish","hentry"],"_links":{"self":[{"href":"https:\/\/adeochrono.fr\/index.php\/wp-json\/wp\/v2\/pages\/3744","targetHints":{"allow":["GET"]}}],"collection":[{"href":"https:\/\/adeochrono.fr\/index.php\/wp-json\/wp\/v2\/pages"}],"about":[{"href":"https:\/\/adeochrono.fr\/index.php\/wp-json\/wp\/v2\/types\/page"}],"author":[{"embeddable":true,"href":"https:\/\/adeochrono.fr\/index.php\/wp-json\/wp\/v2\/users\/1"}],"replies":[{"embeddable":true,"href":"https:\/\/adeochrono.fr\/index.php\/wp-json\/wp\/v2\/comments?post=3744"}],"version-history":[{"count":3,"href":"https:\/\/adeochrono.fr\/index.php\/wp-json\/wp\/v2\/pages\/3744\/revisions"}],"predecessor-version":[{"id":3756,"href":"https:\/\/adeochrono.fr\/index.php\/wp-json\/wp\/v2\/pages\/3744\/revisions\/3756"}],"wp:attachment":[{"href":"https:\/\/adeochrono.fr\/index.php\/wp-json\/wp\/v2\/media?parent=3744"}],"curies":[{"name":"wp","href":"https:\/\/api.w.org\/{rel}","templated":true}]}}