{"id":3620,"date":"2024-05-22T22:28:10","date_gmt":"2024-05-22T20:28:10","guid":{"rendered":"https:\/\/adeochrono.fr\/?page_id=3620"},"modified":"2024-05-22T22:34:13","modified_gmt":"2024-05-22T20:34:13","slug":"2023-resultats-la-robinsonnaise","status":"publish","type":"page","link":"https:\/\/adeochrono.fr\/index.php\/2023-resultats-la-robinsonnaise\/","title":{"rendered":"2023. R\u00e9sultats. La Robinsonnaise"},"content":{"rendered":"\n<p><\/p>\n\n\n\n<h2 class=\"wp-block-heading\">La Robinsonnaise 2023<\/h2>\n\n\n\n<div style=\"height:52px\" aria-hidden=\"true\" class=\"wp-block-spacer\"><\/div>\n\n\n\n<p><a href=\"https:\/\/adeochrono.fr\/index.php\/2023-resultats-la-robinsonnaise-5km\/\" data-type=\"link\" data-id=\"https:\/\/adeochrono.fr\/index.php\/2023-resultats-la-robinsonnaise-5km\/\" target=\"_blank\" rel=\"noreferrer noopener\">Classement g\u00e9n\u00e9ral 5km<\/a><\/p>\n\n\n\n<p><a href=\"https:\/\/adeochrono.fr\/index.php\/2023-resultats-la-robinsonnaise-10km\/\" data-type=\"link\" data-id=\"https:\/\/adeochrono.fr\/index.php\/2023-resultats-la-robinsonnaise-10km\/\" target=\"_blank\" rel=\"noreferrer noopener\">Classement g\u00e9n\u00e9ral 10km<\/a><\/p>\n","protected":false},"excerpt":{"rendered":"<p>La Robinsonnaise 2023 Classement g\u00e9n\u00e9ral 5km Classement g\u00e9n\u00e9ral 10km<\/p>\n","protected":false},"author":1,"featured_media":0,"parent":0,"menu_order":0,"comment_status":"closed","ping_status":"closed","template":"","meta":{"footnotes":""},"class_list":["post-3620","page","type-page","status-publish","hentry"],"_links":{"self":[{"href":"https:\/\/adeochrono.fr\/index.php\/wp-json\/wp\/v2\/pages\/3620","targetHints":{"allow":["GET"]}}],"collection":[{"href":"https:\/\/adeochrono.fr\/index.php\/wp-json\/wp\/v2\/pages"}],"about":[{"href":"https:\/\/adeochrono.fr\/index.php\/wp-json\/wp\/v2\/types\/page"}],"author":[{"embeddable":true,"href":"https:\/\/adeochrono.fr\/index.php\/wp-json\/wp\/v2\/users\/1"}],"replies":[{"embeddable":true,"href":"https:\/\/adeochrono.fr\/index.php\/wp-json\/wp\/v2\/comments?post=3620"}],"version-history":[{"count":2,"href":"https:\/\/adeochrono.fr\/index.php\/wp-json\/wp\/v2\/pages\/3620\/revisions"}],"predecessor-version":[{"id":3631,"href":"https:\/\/adeochrono.fr\/index.php\/wp-json\/wp\/v2\/pages\/3620\/revisions\/3631"}],"wp:attachment":[{"href":"https:\/\/adeochrono.fr\/index.php\/wp-json\/wp\/v2\/media?parent=3620"}],"curies":[{"name":"wp","href":"https:\/\/api.w.org\/{rel}","templated":true}]}}