{"id":3570,"date":"2024-05-22T13:10:59","date_gmt":"2024-05-22T11:10:59","guid":{"rendered":"https:\/\/adeochrono.fr\/?page_id=3570"},"modified":"2024-05-22T13:17:13","modified_gmt":"2024-05-22T11:17:13","slug":"2024-resultats-trail-de-lhautil","status":"publish","type":"page","link":"https:\/\/adeochrono.fr\/index.php\/2024-resultats-trail-de-lhautil\/","title":{"rendered":"2024. R\u00e9sultats. Trail de l&rsquo;hautil"},"content":{"rendered":"\n<p><\/p>\n\n\n\n<h2 class=\"wp-block-heading\">2024 &#8211; 2\u00e8me \u00e9dition du trail de l&rsquo;Hautil <\/h2>\n\n\n\n<div style=\"height:52px\" aria-hidden=\"true\" class=\"wp-block-spacer\"><\/div>\n\n\n\n<p><a href=\"https:\/\/adeochrono.fr\/index.php\/2024-resultats-trail-de-lhautil-13km\/\" data-type=\"link\" data-id=\"https:\/\/adeochrono.fr\/index.php\/2024-resultats-trail-de-lhautil-13km\/\" target=\"_blank\" rel=\"noreferrer noopener\">Classement g\u00e9n\u00e9ral 13 km<\/a><\/p>\n\n\n\n<p><a href=\"https:\/\/adeochrono.fr\/index.php\/2024-resultats-trail-de-lhautil-18km\/\" data-type=\"link\" data-id=\"https:\/\/adeochrono.fr\/index.php\/2024-resultats-trail-de-lhautil-18km\/\" target=\"_blank\" rel=\"noreferrer noopener\">Classement g\u00e9n\u00e9ral 18km<\/a><\/p>\n","protected":false},"excerpt":{"rendered":"<p>2024 &#8211; 2\u00e8me \u00e9dition du trail de l&rsquo;Hautil Classement g\u00e9n\u00e9ral 13 km Classement g\u00e9n\u00e9ral 18km<\/p>\n","protected":false},"author":1,"featured_media":0,"parent":0,"menu_order":0,"comment_status":"closed","ping_status":"closed","template":"","meta":{"footnotes":""},"class_list":["post-3570","page","type-page","status-publish","hentry"],"_links":{"self":[{"href":"https:\/\/adeochrono.fr\/index.php\/wp-json\/wp\/v2\/pages\/3570","targetHints":{"allow":["GET"]}}],"collection":[{"href":"https:\/\/adeochrono.fr\/index.php\/wp-json\/wp\/v2\/pages"}],"about":[{"href":"https:\/\/adeochrono.fr\/index.php\/wp-json\/wp\/v2\/types\/page"}],"author":[{"embeddable":true,"href":"https:\/\/adeochrono.fr\/index.php\/wp-json\/wp\/v2\/users\/1"}],"replies":[{"embeddable":true,"href":"https:\/\/adeochrono.fr\/index.php\/wp-json\/wp\/v2\/comments?post=3570"}],"version-history":[{"count":3,"href":"https:\/\/adeochrono.fr\/index.php\/wp-json\/wp\/v2\/pages\/3570\/revisions"}],"predecessor-version":[{"id":3581,"href":"https:\/\/adeochrono.fr\/index.php\/wp-json\/wp\/v2\/pages\/3570\/revisions\/3581"}],"wp:attachment":[{"href":"https:\/\/adeochrono.fr\/index.php\/wp-json\/wp\/v2\/media?parent=3570"}],"curies":[{"name":"wp","href":"https:\/\/api.w.org\/{rel}","templated":true}]}}