{"id":3549,"date":"2024-05-22T12:10:56","date_gmt":"2024-05-22T10:10:56","guid":{"rendered":"https:\/\/adeochrono.fr\/?page_id=3549"},"modified":"2024-05-22T12:24:18","modified_gmt":"2024-05-22T10:24:18","slug":"2023-resultats-la-vanveenne","status":"publish","type":"page","link":"https:\/\/adeochrono.fr\/index.php\/2023-resultats-la-vanveenne\/","title":{"rendered":"2023. R\u00e9sultats. La Vanv\u00e9enne"},"content":{"rendered":"\n<p><\/p>\n\n\n\n<h2 class=\"wp-block-heading\">La Vanv\u00e9enne 2023<\/h2>\n\n\n\n<div style=\"height:52px\" aria-hidden=\"true\" class=\"wp-block-spacer\"><\/div>\n\n\n\n<p><a href=\"https:\/\/adeochrono.fr\/index.php\/2023-resultats-la-vanveenne-1400m\/\" data-type=\"link\" data-id=\"https:\/\/adeochrono.fr\/index.php\/2023-resultats-la-vanveenne-1400m\/\" target=\"_blank\" rel=\"noreferrer noopener\">Classement g\u00e9n\u00e9ral 1400m<\/a><\/p>\n\n\n\n<p><a href=\"https:\/\/adeochrono.fr\/index.php\/2023-resultats-la-vanveenne-2200m\/\" data-type=\"link\" data-id=\"https:\/\/adeochrono.fr\/index.php\/2023-resultats-la-vanveenne-2200m\/\" target=\"_blank\" rel=\"noreferrer noopener\">Classement g\u00e9n\u00e9ral 2200m<\/a><\/p>\n\n\n\n<p><a href=\"https:\/\/adeochrono.fr\/index.php\/2023-resultats-la-vanveenne-5-km\/\" data-type=\"link\" data-id=\"https:\/\/adeochrono.fr\/index.php\/2023-resultats-la-vanveenne-5-km\/\" target=\"_blank\" rel=\"noreferrer noopener\">Classement g\u00e9n\u00e9ral 5km<\/a><\/p>\n\n\n\n<p><a href=\"https:\/\/adeochrono.fr\/index.php\/2023-resultats-la-vanveenne-10-km\/\" data-type=\"link\" data-id=\"https:\/\/adeochrono.fr\/index.php\/2023-resultats-la-vanveenne-10-km\/\" target=\"_blank\" rel=\"noreferrer noopener\">Classement g\u00e9n\u00e9ral 10km<\/a><\/p>\n","protected":false},"excerpt":{"rendered":"<p>La Vanv\u00e9enne 2023 Classement g\u00e9n\u00e9ral 1400m Classement g\u00e9n\u00e9ral 2200m Classement g\u00e9n\u00e9ral 5km Classement g\u00e9n\u00e9ral 10km<\/p>\n","protected":false},"author":1,"featured_media":0,"parent":0,"menu_order":0,"comment_status":"closed","ping_status":"closed","template":"","meta":{"footnotes":""},"class_list":["post-3549","page","type-page","status-publish","hentry"],"_links":{"self":[{"href":"https:\/\/adeochrono.fr\/index.php\/wp-json\/wp\/v2\/pages\/3549","targetHints":{"allow":["GET"]}}],"collection":[{"href":"https:\/\/adeochrono.fr\/index.php\/wp-json\/wp\/v2\/pages"}],"about":[{"href":"https:\/\/adeochrono.fr\/index.php\/wp-json\/wp\/v2\/types\/page"}],"author":[{"embeddable":true,"href":"https:\/\/adeochrono.fr\/index.php\/wp-json\/wp\/v2\/users\/1"}],"replies":[{"embeddable":true,"href":"https:\/\/adeochrono.fr\/index.php\/wp-json\/wp\/v2\/comments?post=3549"}],"version-history":[{"count":5,"href":"https:\/\/adeochrono.fr\/index.php\/wp-json\/wp\/v2\/pages\/3549\/revisions"}],"predecessor-version":[{"id":3567,"href":"https:\/\/adeochrono.fr\/index.php\/wp-json\/wp\/v2\/pages\/3549\/revisions\/3567"}],"wp:attachment":[{"href":"https:\/\/adeochrono.fr\/index.php\/wp-json\/wp\/v2\/media?parent=3549"}],"curies":[{"name":"wp","href":"https:\/\/api.w.org\/{rel}","templated":true}]}}