{"id":3531,"date":"2024-05-22T11:53:11","date_gmt":"2024-05-22T09:53:11","guid":{"rendered":"https:\/\/adeochrono.fr\/?page_id=3531"},"modified":"2024-05-22T12:12:11","modified_gmt":"2024-05-22T10:12:11","slug":"2022-resultats-la-vanveenne","status":"publish","type":"page","link":"https:\/\/adeochrono.fr\/index.php\/2022-resultats-la-vanveenne\/","title":{"rendered":"2022. R\u00e9sultats. La Vanv\u00e9enne"},"content":{"rendered":"\n<p><\/p>\n\n\n\n<h2 class=\"wp-block-heading\">La Vanv\u00e9enne 2022<\/h2>\n\n\n\n<div style=\"height:52px\" aria-hidden=\"true\" class=\"wp-block-spacer\"><\/div>\n\n\n\n<p><a href=\"https:\/\/adeochrono.fr\/index.php\/2022-resultats-la-vanveenne-1300m\/\" data-type=\"link\" data-id=\"https:\/\/adeochrono.fr\/index.php\/2022-resultats-la-vanveenne-1300m\/\" target=\"_blank\" rel=\"noreferrer noopener\">Classement g\u00e9n\u00e9ral 1300m<\/a><\/p>\n\n\n\n<p><a href=\"https:\/\/adeochrono.fr\/index.php\/2022-resultats-la-vanveenne-2200m\/\" data-type=\"link\" data-id=\"https:\/\/adeochrono.fr\/index.php\/2022-resultats-la-vanveenne-2200m\/\" target=\"_blank\" rel=\"noreferrer noopener\">Classement g\u00e9n\u00e9ral 2200m<\/a><\/p>\n\n\n\n<p><a href=\"https:\/\/adeochrono.fr\/index.php\/2022-resultats-la-vanveenne-5-km\/\" data-type=\"link\" data-id=\"https:\/\/adeochrono.fr\/index.php\/2022-resultats-la-vanveenne-5-km\/\" target=\"_blank\" rel=\"noreferrer noopener\">Classement g\u00e9n\u00e9ral 5km<\/a><\/p>\n\n\n\n<p><a href=\"https:\/\/adeochrono.fr\/index.php\/2022-resultats-la-vanveenne-10-km\/\" data-type=\"link\" data-id=\"https:\/\/adeochrono.fr\/index.php\/2022-resultats-la-vanveenne-10-km\/\" target=\"_blank\" rel=\"noreferrer noopener\">Classement g\u00e9n\u00e9ral 10km<\/a><\/p>\n","protected":false},"excerpt":{"rendered":"<p>La Vanv\u00e9enne 2022 Classement g\u00e9n\u00e9ral 1300m Classement g\u00e9n\u00e9ral 2200m Classement g\u00e9n\u00e9ral 5km Classement g\u00e9n\u00e9ral 10km<\/p>\n","protected":false},"author":1,"featured_media":0,"parent":0,"menu_order":0,"comment_status":"closed","ping_status":"closed","template":"","meta":{"footnotes":""},"class_list":["post-3531","page","type-page","status-publish","hentry"],"_links":{"self":[{"href":"https:\/\/adeochrono.fr\/index.php\/wp-json\/wp\/v2\/pages\/3531","targetHints":{"allow":["GET"]}}],"collection":[{"href":"https:\/\/adeochrono.fr\/index.php\/wp-json\/wp\/v2\/pages"}],"about":[{"href":"https:\/\/adeochrono.fr\/index.php\/wp-json\/wp\/v2\/types\/page"}],"author":[{"embeddable":true,"href":"https:\/\/adeochrono.fr\/index.php\/wp-json\/wp\/v2\/users\/1"}],"replies":[{"embeddable":true,"href":"https:\/\/adeochrono.fr\/index.php\/wp-json\/wp\/v2\/comments?post=3531"}],"version-history":[{"count":4,"href":"https:\/\/adeochrono.fr\/index.php\/wp-json\/wp\/v2\/pages\/3531\/revisions"}],"predecessor-version":[{"id":3550,"href":"https:\/\/adeochrono.fr\/index.php\/wp-json\/wp\/v2\/pages\/3531\/revisions\/3550"}],"wp:attachment":[{"href":"https:\/\/adeochrono.fr\/index.php\/wp-json\/wp\/v2\/media?parent=3531"}],"curies":[{"name":"wp","href":"https:\/\/api.w.org\/{rel}","templated":true}]}}