{"id":3134,"date":"2024-05-13T22:24:40","date_gmt":"2024-05-13T20:24:40","guid":{"rendered":"https:\/\/adeochrono.fr\/?page_id=3134"},"modified":"2024-05-13T22:45:40","modified_gmt":"2024-05-13T20:45:40","slug":"2024-resultats-team-des-senons-canicross-de-gron","status":"publish","type":"page","link":"https:\/\/adeochrono.fr\/index.php\/2024-resultats-team-des-senons-canicross-de-gron\/","title":{"rendered":"2024. R\u00e9sultats. Team des Senons &#8211; CaniCross de Gron"},"content":{"rendered":"\n<p><\/p>\n\n\n\n<h2 class=\"wp-block-heading\">Team des Senons &#8211; CaniCross de Gron<\/h2>\n\n\n\n<div style=\"height:54px\" aria-hidden=\"true\" class=\"wp-block-spacer\"><\/div>\n\n\n\n<p class=\"has-large-font-size\">Samedi :<\/p>\n\n\n\n<p><a href=\"https:\/\/adeochrono.fr\/index.php\/2024-resultats-team-des-senons-canicross-de-gron-canitriathlon\/\" data-type=\"link\" data-id=\"https:\/\/adeochrono.fr\/index.php\/2024-resultats-team-des-senons-canicross-de-gron-canitriathlon\/\" target=\"_blank\" rel=\"noreferrer noopener\">Classement g\u00e9n\u00e9ral Cani-Triathlon<\/a><\/p>\n\n\n\n<p><a href=\"https:\/\/adeochrono.fr\/index.php\/2024-resultats-team-des-senons-canicross-de-gron-cani-swim-run\/\" data-type=\"link\" data-id=\"https:\/\/adeochrono.fr\/index.php\/2024-resultats-team-des-senons-canicross-de-gron-cani-swim-run\/\" target=\"_blank\" rel=\"noreferrer noopener\">Classement g\u00e9n\u00e9ral Cani-Swim Run<\/a><\/p>\n\n\n\n<div style=\"height:54px\" aria-hidden=\"true\" class=\"wp-block-spacer\"><\/div>\n\n\n\n<p class=\"has-large-font-size\">Dimanche :<\/p>\n\n\n\n<p><a href=\"https:\/\/adeochrono.fr\/index.php\/2024-resultats-team-des-senons-canicross-de-gron-cani-vtt\/\" data-type=\"link\" data-id=\"https:\/\/adeochrono.fr\/index.php\/2024-resultats-team-des-senons-canicross-de-gron-cani-vtt\/\" target=\"_blank\" rel=\"noreferrer noopener\">Classement g\u00e9n\u00e9ral Cani-VTT<\/a><\/p>\n\n\n\n<p><a href=\"https:\/\/adeochrono.fr\/index.php\/2024-resultats-team-des-senons-canicross-de-gron-cani-trott\/\" data-type=\"link\" data-id=\"https:\/\/adeochrono.fr\/index.php\/2024-resultats-team-des-senons-canicross-de-gron-cani-trott\/\" target=\"_blank\" rel=\"noreferrer noopener\">Classement g\u00e9n\u00e9ral Cani-Trott<\/a><\/p>\n\n\n\n<p><a href=\"https:\/\/adeochrono.fr\/index.php\/2024-resultats-team-des-senons-canicross-de-gron-cani-cross-long\/\" data-type=\"link\" data-id=\"https:\/\/adeochrono.fr\/index.php\/2024-resultats-team-des-senons-canicross-de-gron-cani-cross-long\/\" target=\"_blank\" rel=\"noreferrer noopener\">Classement g\u00e9n\u00e9ral Cani-Cross Long<\/a><\/p>\n\n\n\n<p><a href=\"https:\/\/adeochrono.fr\/index.php\/2024-resultats-team-des-senons-canicross-de-gron-cani-cross-court\/\" data-type=\"link\" data-id=\"https:\/\/adeochrono.fr\/index.php\/2024-resultats-team-des-senons-canicross-de-gron-cani-cross-court\/\" target=\"_blank\" rel=\"noreferrer noopener\">Classement g\u00e9n\u00e9ral Cani-Cross Court<\/a><\/p>\n\n\n\n<p><a href=\"https:\/\/adeochrono.fr\/index.php\/2024-resultats-team-des-senons-canicross-de-gron-cani-cross-benjamins\/\" data-type=\"link\" data-id=\"https:\/\/adeochrono.fr\/index.php\/2024-resultats-team-des-senons-canicross-de-gron-cani-cross-benjamins\/\" target=\"_blank\" rel=\"noreferrer noopener\">Classement g\u00e9n\u00e9ral Cani-Cross Benjamins<\/a><\/p>\n\n\n\n<p><a href=\"https:\/\/adeochrono.fr\/index.php\/2024-resultats-team-des-senons-canicross-de-gron-cani-cross-minimes\/\" data-type=\"link\" data-id=\"https:\/\/adeochrono.fr\/index.php\/2024-resultats-team-des-senons-canicross-de-gron-cani-cross-minimes\/\" target=\"_blank\" rel=\"noreferrer noopener\">Classement g\u00e9n\u00e9ral Cani-Cross Minimes<\/a><\/p>\n\n\n\n<p><a href=\"https:\/\/adeochrono.fr\/index.php\/2024-resultats-team-des-senons-canicross-de-gron-cani-marche\/\" data-type=\"link\" data-id=\"https:\/\/adeochrono.fr\/index.php\/2024-resultats-team-des-senons-canicross-de-gron-cani-marche\/\" target=\"_blank\" rel=\"noreferrer noopener\">Classement g\u00e9n\u00e9ral Cani-Marche<\/a><\/p>\n\n\n\n<p><a href=\"https:\/\/adeochrono.fr\/index.php\/2024-resultats-team-des-senons-canicross-de-gron-cani-triathlon-jeune-1\/\" data-type=\"link\" data-id=\"https:\/\/adeochrono.fr\/index.php\/2024-resultats-team-des-senons-canicross-de-gron-cani-triathlon-jeune-1\/\" target=\"_blank\" rel=\"noreferrer noopener\">Classement g\u00e9n\u00e9ral Cani-Triathlon jeune 1<\/a><\/p>\n\n\n\n<p><a href=\"https:\/\/adeochrono.fr\/index.php\/2024-resultats-team-des-senons-canicross-de-gron-cani-triathlon-jeune-2\/\" data-type=\"link\" data-id=\"https:\/\/adeochrono.fr\/index.php\/2024-resultats-team-des-senons-canicross-de-gron-cani-triathlon-jeune-2\/\" target=\"_blank\" rel=\"noreferrer noopener\">Classement g\u00e9n\u00e9ral Cani-Triathlon jeune 2<\/a><\/p>\n\n\n\n<p><a href=\"https:\/\/adeochrono.fr\/index.php\/2024-resultats-team-des-senons-canicross-de-gron-cani-triathlon-s\/\" data-type=\"link\" data-id=\"https:\/\/adeochrono.fr\/index.php\/2024-resultats-team-des-senons-canicross-de-gron-cani-triathlon-s\/\" target=\"_blank\" rel=\"noreferrer noopener\">Classement g\u00e9n\u00e9ral Cani-Triathlon S<\/a><\/p>\n","protected":false},"excerpt":{"rendered":"<p>Team des Senons &#8211; CaniCross de Gron Samedi : Classement g\u00e9n\u00e9ral Cani-Triathlon Classement g\u00e9n\u00e9ral Cani-Swim Run Dimanche : Classement g\u00e9n\u00e9ral Cani-VTT Classement g\u00e9n\u00e9ral Cani-Trott Classement g\u00e9n\u00e9ral Cani-Cross Long Classement g\u00e9n\u00e9ral &#8230;<\/p>\n","protected":false},"author":1,"featured_media":0,"parent":0,"menu_order":0,"comment_status":"closed","ping_status":"closed","template":"","meta":{"footnotes":""},"class_list":["post-3134","page","type-page","status-publish","hentry"],"_links":{"self":[{"href":"https:\/\/adeochrono.fr\/index.php\/wp-json\/wp\/v2\/pages\/3134","targetHints":{"allow":["GET"]}}],"collection":[{"href":"https:\/\/adeochrono.fr\/index.php\/wp-json\/wp\/v2\/pages"}],"about":[{"href":"https:\/\/adeochrono.fr\/index.php\/wp-json\/wp\/v2\/types\/page"}],"author":[{"embeddable":true,"href":"https:\/\/adeochrono.fr\/index.php\/wp-json\/wp\/v2\/users\/1"}],"replies":[{"embeddable":true,"href":"https:\/\/adeochrono.fr\/index.php\/wp-json\/wp\/v2\/comments?post=3134"}],"version-history":[{"count":12,"href":"https:\/\/adeochrono.fr\/index.php\/wp-json\/wp\/v2\/pages\/3134\/revisions"}],"predecessor-version":[{"id":3185,"href":"https:\/\/adeochrono.fr\/index.php\/wp-json\/wp\/v2\/pages\/3134\/revisions\/3185"}],"wp:attachment":[{"href":"https:\/\/adeochrono.fr\/index.php\/wp-json\/wp\/v2\/media?parent=3134"}],"curies":[{"name":"wp","href":"https:\/\/api.w.org\/{rel}","templated":true}]}}