{"id":2960,"date":"2024-05-06T13:47:10","date_gmt":"2024-05-06T11:47:10","guid":{"rendered":"https:\/\/adeochrono.fr\/?page_id=2960"},"modified":"2024-05-25T17:04:46","modified_gmt":"2024-05-25T15:04:46","slug":"2024-resultats-trail-des-pyramides-noires","status":"publish","type":"page","link":"https:\/\/adeochrono.fr\/index.php\/2024-resultats-trail-des-pyramides-noires\/","title":{"rendered":"2024. R\u00e9sultats. Trail des pyramides noires"},"content":{"rendered":"\n<p><\/p>\n\n\n\n<h2 class=\"wp-block-heading\">Le Trail des Pyramides Noires<\/h2>\n\n\n\n<div style=\"height:54px\" aria-hidden=\"true\" class=\"wp-block-spacer\"><\/div>\n\n\n\n<p class=\"has-text-align-center has-large-font-size\"><strong>Solo :<\/strong><\/p>\n\n\n\n<p><a href=\"https:\/\/adeochrono.fr\/index.php\/2024-resultats-trail-des-pyramides-noires-124km\/\" target=\"_blank\" rel=\"noreferrer noopener\">Classement g\u00e9n\u00e9ral 124Km<\/a><\/p>\n\n\n\n<p><a href=\"https:\/\/adeochrono.fr\/index.php\/2024-resultats-trail-des-pyramides-noires-84km\/\" data-type=\"link\" data-id=\"https:\/\/adeochrono.fr\/index.php\/2024-resultats-trail-des-pyramides-noires-84km\/\" target=\"_blank\" rel=\"noreferrer noopener\">Classement g\u00e9n\u00e9ral 84Km<\/a><\/p>\n\n\n\n<p><a href=\"https:\/\/adeochrono.fr\/index.php\/2024-resultats-trail-des-pyramides-noires-62km\/\" data-type=\"link\" data-id=\"https:\/\/adeochrono.fr\/index.php\/2024-resultats-trail-des-pyramides-noires-62km\/\" target=\"_blank\" rel=\"noreferrer noopener\">Classement g\u00e9n\u00e9ral 62Km<\/a><\/p>\n\n\n\n<p><a href=\"https:\/\/adeochrono.fr\/index.php\/2024-resultats-trail-des-pyramides-noires-46km\/\" data-type=\"link\" data-id=\"https:\/\/adeochrono.fr\/index.php\/2024-resultats-trail-des-pyramides-noires-46km\/\" target=\"_blank\" rel=\"noreferrer noopener\">Classement g\u00e9n\u00e9ral 46Km<\/a><\/p>\n\n\n\n<p><a href=\"https:\/\/adeochrono.fr\/index.php\/2024-resultats-trail-des-pyramides-noires-23km\/\" data-type=\"link\" data-id=\"https:\/\/adeochrono.fr\/index.php\/2024-resultats-trail-des-pyramides-noires-23km\/\" target=\"_blank\" rel=\"noreferrer noopener\">Classement g\u00e9n\u00e9ral 22Km<\/a><\/p>\n\n\n\n<p><a href=\"https:\/\/adeochrono.fr\/index.php\/2024-resultats-trail-des-pyramides-noires-23km-marche-nordique\/\" data-type=\"link\" data-id=\"https:\/\/adeochrono.fr\/index.php\/2024-resultats-trail-des-pyramides-noires-23km-marche-nordique\/\" target=\"_blank\" rel=\"noreferrer noopener\">Classement g\u00e9n\u00e9ral 22Km Marche Nordique<\/a><\/p>\n\n\n\n<p><\/p>\n\n\n\n<p class=\"has-text-align-center has-large-font-size\"><strong>DUO\/Relais<\/strong> :<\/p>\n\n\n\n<p><a href=\"https:\/\/adeochrono.fr\/index.php\/2024-resultats-trail-des-pyramides-noires-relais-124km-a-10\/\" target=\"_blank\" rel=\"noreferrer noopener\">Classement g\u00e9n\u00e9ral Relais 124km<\/a><\/p>\n\n\n\n<p><a href=\"https:\/\/adeochrono.fr\/index.php\/2024-resultats-trail-des-pyramides-noires-relais-84km-a-6\/\" data-type=\"link\" data-id=\"https:\/\/adeochrono.fr\/index.php\/2024-resultats-trail-des-pyramides-noires-relais-84km-a-6\/\" target=\"_blank\" rel=\"noreferrer noopener\">Classement g\u00e9n\u00e9ral Relais 84km<\/a><\/p>\n\n\n\n<p><a href=\"https:\/\/adeochrono.fr\/index.php\/2024-resultats-trail-des-pyramides-noires-relais-62km-a-6\/\" target=\"_blank\" rel=\"noreferrer noopener\">Classement g\u00e9n\u00e9ral Relais 62km<\/a><\/p>\n\n\n\n<p><a href=\"https:\/\/adeochrono.fr\/index.php\/2024-resultats-trail-des-pyramides-noires-relais-46km-a-4\/\" data-type=\"page\" data-id=\"3018\">Classement g\u00e9n\u00e9ral Relais 46km<\/a><\/p>\n\n\n\n<p><a href=\"https:\/\/adeochrono.fr\/index.php\/2024-resultats-trail-des-pyramides-noires-duo-22km\/\" target=\"_blank\" rel=\"noreferrer noopener\">Classement Duo 22km<\/a><\/p>\n\n\n\n<p><a href=\"https:\/\/adeochrono.fr\/index.php\/2024-resultats-trail-des-pyramides-noires-duo-22km-marche-nordique\/\" data-type=\"link\" data-id=\"https:\/\/adeochrono.fr\/index.php\/2024-resultats-trail-des-pyramides-noires-duo-22km-marche-nordique\/\" target=\"_blank\" rel=\"noreferrer noopener\">Classement Duo 22km Marche Nordique<\/a><\/p>\n","protected":false},"excerpt":{"rendered":"<p>Le Trail des Pyramides Noires Solo : Classement g\u00e9n\u00e9ral 124Km Classement g\u00e9n\u00e9ral 84Km Classement g\u00e9n\u00e9ral 62Km Classement g\u00e9n\u00e9ral 46Km Classement g\u00e9n\u00e9ral 22Km Classement g\u00e9n\u00e9ral 22Km Marche Nordique DUO\/Relais : Classement &#8230;<\/p>\n","protected":false},"author":1,"featured_media":0,"parent":0,"menu_order":0,"comment_status":"closed","ping_status":"closed","template":"","meta":{"footnotes":""},"class_list":["post-2960","page","type-page","status-publish","hentry"],"_links":{"self":[{"href":"https:\/\/adeochrono.fr\/index.php\/wp-json\/wp\/v2\/pages\/2960","targetHints":{"allow":["GET"]}}],"collection":[{"href":"https:\/\/adeochrono.fr\/index.php\/wp-json\/wp\/v2\/pages"}],"about":[{"href":"https:\/\/adeochrono.fr\/index.php\/wp-json\/wp\/v2\/types\/page"}],"author":[{"embeddable":true,"href":"https:\/\/adeochrono.fr\/index.php\/wp-json\/wp\/v2\/users\/1"}],"replies":[{"embeddable":true,"href":"https:\/\/adeochrono.fr\/index.php\/wp-json\/wp\/v2\/comments?post=2960"}],"version-history":[{"count":22,"href":"https:\/\/adeochrono.fr\/index.php\/wp-json\/wp\/v2\/pages\/2960\/revisions"}],"predecessor-version":[{"id":3658,"href":"https:\/\/adeochrono.fr\/index.php\/wp-json\/wp\/v2\/pages\/2960\/revisions\/3658"}],"wp:attachment":[{"href":"https:\/\/adeochrono.fr\/index.php\/wp-json\/wp\/v2\/media?parent=2960"}],"curies":[{"name":"wp","href":"https:\/\/api.w.org\/{rel}","templated":true}]}}