{"id":2800,"date":"2024-04-29T12:39:56","date_gmt":"2024-04-29T10:39:56","guid":{"rendered":"https:\/\/adeochrono.fr\/?page_id=2800"},"modified":"2025-09-17T16:12:24","modified_gmt":"2025-09-17T14:12:24","slug":"2025-presentation-les-foulees-canaveroises","status":"publish","type":"page","link":"https:\/\/adeochrono.fr\/index.php\/2025-presentation-les-foulees-canaveroises\/","title":{"rendered":"2025- Pr\u00e9sentation Les Foul\u00e9es Canav\u00e9roises"},"content":{"rendered":"\n<p><\/p>\n\n\n\n<h2 class=\"wp-block-heading has-text-align-center has-pale-pink-color has-text-color has-link-color has-large-font-size wp-elements-c990fe2a1ffa4fe628ec7398b353a451\"><strong>Les Foul\u00e9es Canav\u00e9roises<\/strong><\/h2>\n\n\n\n<p class=\"has-text-align-center has-pale-pink-color has-text-color has-link-color wp-elements-0ac751c01bc1dc68b5346e334b102831\" style=\"font-size:35px\"><strong>Dimanche 5 octobre 2025<\/strong><\/p>\n\n\n\n<div class=\"wp-block-group has-medium-font-size\"><div class=\"wp-block-group__inner-container is-layout-constrained wp-block-group-is-layout-constrained\">\n<div style=\"height:34px\" aria-hidden=\"true\" class=\"wp-block-spacer\"><\/div>\n\n\n\n<div class=\"wp-block-buttons is-content-justification-center is-layout-flex wp-container-core-buttons-is-layout-16018d1d wp-block-buttons-is-layout-flex\">\n<div class=\"wp-block-button\"><a class=\"wp-block-button__link has-pale-pink-color has-text-color has-link-color wp-element-button\" href=\"https:\/\/les-foulees-canaveroises.adeorun.com\/\" target=\"_blank\" rel=\"noreferrer noopener\"><strong>Inscriptions<\/strong><\/a><\/div>\n\n\n\n<div class=\"wp-block-button\"><a class=\"wp-block-button__link has-pale-pink-color has-text-color has-link-color wp-element-button\" href=\"https:\/\/dcr2ikgls5h9r.cloudfront.net\/event\/clhz53yre0dc7p96gcis4l8ug\/reglement.pdf\" target=\"_blank\" rel=\"noreferrer noopener\"><strong>R\u00e8glement<\/strong><\/a><\/div>\n\n\n\n<div class=\"wp-block-button\"><a class=\"wp-block-button__link has-pale-pink-color has-text-color has-link-color wp-element-button\" href=\"https:\/\/pps.athle.fr\/\" target=\"_blank\" rel=\"noreferrer noopener\"><strong>PPS<\/strong><\/a><\/div>\n\n\n\n<div class=\"wp-block-button has-custom-width wp-block-button__width-25\"><a class=\"wp-block-button__link has-pale-pink-color has-text-color has-link-color wp-element-button\" href=\"https:\/\/adeochrono.fr\/index.php\/resultats\/\" target=\"_blank\" rel=\"noreferrer noopener\"><strong>R\u00e9sultats<\/strong><\/a><\/div>\n<\/div>\n\n\n\n<div style=\"height:39px\" aria-hidden=\"true\" class=\"wp-block-spacer\"><\/div>\n\n\n<div class=\"hurrytimer-cdt hurrytimer-cdt--2920 hurrytimer-campaign hurryt-loading hurrytimer-campaign-2920\" data-config=\"{&quot;id&quot;:2920,&quot;run_in_background&quot;:false,&quot;sticky&quot;:false,&quot;product_ids&quot;:[],&quot;actions&quot;:[{&quot;id&quot;:1,&quot;redirectUrl&quot;:&quot;&quot;,&quot;message&quot;:&quot;&quot;,&quot;coupon&quot;:&quot;&quot;,&quot;wcStockStatus&quot;:&quot;instock&quot;}],&quot;template&quot;:&quot;&lt;div class=\\&quot;hurrytimer-timer-block hurrytimer-cdt__dur\\&quot;&gt;&lt;div class=\\&quot;hurrytimer-timer-digit hurrytimer-cdt__time\\&quot;&gt;%m&lt;\\\/div&gt;&lt;div class=\\&quot;hurrytimer-timer-label hurrytimer-cdt__label\\&quot; &gt;Mois&lt;\\\/div&gt;&lt;\\\/div&gt;&lt;div class=\\&quot;hurrytimer-cdt__sep hurrytimer-timer-sep\\&quot;&gt;:&lt;\\\/div&gt;&lt;div class=\\&quot;hurrytimer-timer-block hurrytimer-cdt__dur\\&quot;&gt;&lt;div class=\\&quot;hurrytimer-timer-digit hurrytimer-cdt__time\\&quot;&gt;%n&lt;\\\/div&gt;&lt;div class=\\&quot;hurrytimer-timer-label hurrytimer-cdt__label\\&quot; &gt;Jours&lt;\\\/div&gt;&lt;\\\/div&gt;&lt;div class=\\&quot;hurrytimer-cdt__sep hurrytimer-timer-sep\\&quot;&gt;:&lt;\\\/div&gt;&lt;div class=\\&quot;hurrytimer-timer-block hurrytimer-cdt__dur\\&quot;&gt;&lt;div class=\\&quot;hurrytimer-timer-digit hurrytimer-cdt__time\\&quot;&gt;%H&lt;\\\/div&gt;&lt;div class=\\&quot;hurrytimer-timer-label hurrytimer-cdt__label\\&quot; &gt;H&lt;\\\/div&gt;&lt;\\\/div&gt;&lt;div class=\\&quot;hurrytimer-cdt__sep hurrytimer-timer-sep\\&quot;&gt;:&lt;\\\/div&gt;&lt;div class=\\&quot;hurrytimer-timer-block hurrytimer-cdt__dur\\&quot;&gt;&lt;div class=\\&quot;hurrytimer-timer-digit hurrytimer-cdt__time\\&quot;&gt;%M&lt;\\\/div&gt;&lt;div class=\\&quot;hurrytimer-timer-label hurrytimer-cdt__label\\&quot; &gt;M&lt;\\\/div&gt;&lt;\\\/div&gt;&lt;div class=\\&quot;hurrytimer-cdt__sep hurrytimer-timer-sep\\&quot;&gt;:&lt;\\\/div&gt;&lt;div class=\\&quot;hurrytimer-timer-block hurrytimer-cdt__dur\\&quot;&gt;&lt;div class=\\&quot;hurrytimer-timer-digit hurrytimer-cdt__time\\&quot;&gt;%S&lt;\\\/div&gt;&lt;div class=\\&quot;hurrytimer-timer-label hurrytimer-cdt__label\\&quot; &gt;S&lt;\\\/div&gt;&lt;\\\/div&gt;&quot;,&quot;methods&quot;:[1,2],&quot;mode&quot;:&quot;one_time&quot;,&quot;sticky_bar_hide_timeout&quot;:7,&quot;recurr&quot;:false,&quot;timeToNextRecurrence&quot;:0,&quot;isRegular&quot;:true,&quot;endDate&quot;:1759442340000}\" ><div class=\"hurrytimer-cdt__headline hurrytimer-headline\">Fin des inscriptions dans<\/div><div class=\"hurrytimer-cdt__inner hurrytimer-timer\"><\/div><\/div>\n<\/div><\/div>\n\n\n\n<div style=\"height:46px\" aria-hidden=\"true\" class=\"wp-block-spacer\"><\/div>\n\n\n\n<p class=\"has-text-align-center has-medium-font-size\"><strong>4\u00e8me \u00e9dition des Foul\u00e9es canav\u00e9roises !<\/strong><\/p>\n\n\n\n<p class=\"has-text-align-center\">Encore une fois, la Ville vous propose de courir contre le cancer du sein ! Les prochaines Foul\u00e9es canav\u00e9roises auront lieu le 5 octobre au centre-ville et les inscriptions en ligne sont d\u2019ores et d\u00e9j\u00e0 ouvertes !<\/p>\n\n\n\n<p class=\"has-text-align-center\">Comme tous les ans, enfants, adultes, d\u00e9butants ou confirm\u00e9s&#8230; vous \u00eates tous les bienvenus !<\/p>\n\n\n\n<p class=\"has-text-align-center\">N&rsquo;oubliez pas : l&rsquo;int\u00e9gralit\u00e9 de l&rsquo;argent r\u00e9colt\u00e9 sera revers\u00e9 \u00e0 la Ligue contre la cancer dans le cadre d&rsquo;Octobre rose. &nbsp;1 215\u20ac &nbsp;ont \u00e9t\u00e9 r\u00e9colt\u00e9s en 2022, &nbsp;1 840 \u20ac en 2023 et 3 033 \u20ac en 2024&#8230; vous \u00eates de plus en plus nombreux \u00e0 participer chaque ann\u00e9e : continuons !<\/p>\n\n\n\n<p class=\"has-text-align-center has-medium-font-size\">Alors inscrivez-vous et parlez-en autour de vous&nbsp; !<\/p>\n\n\n\n<div style=\"height:46px\" aria-hidden=\"true\" class=\"wp-block-spacer\"><\/div>\n\n\n\n<figure class=\"wp-block-embed aligncenter is-type-video is-provider-youtube wp-block-embed-youtube wp-embed-aspect-16-9 wp-has-aspect-ratio\"><div class=\"wp-block-embed__wrapper\">\n<iframe loading=\"lazy\" title=\"Les Foul\u00e9es Canav\u00e9roises teaser 2025 #sports\" width=\"800\" height=\"450\" src=\"https:\/\/www.youtube.com\/embed\/QikapiZF5Qo?feature=oembed\" frameborder=\"0\" allow=\"accelerometer; autoplay; clipboard-write; encrypted-media; gyroscope; picture-in-picture; web-share\" referrerpolicy=\"strict-origin-when-cross-origin\" allowfullscreen><\/iframe>\n<\/div><\/figure>\n\n\n\n<div style=\"height:46px\" aria-hidden=\"true\" class=\"wp-block-spacer\"><\/div>\n\n\n\n<p class=\"has-text-align-center has-pale-pink-color has-text-color has-link-color has-medium-font-size wp-elements-7ef4e8e4b678eed86abd5b9a81ddc988\"><strong><strong><u>parcours, horaires et tarifs&nbsp;:<\/u><\/strong><\/strong><\/p>\n\n\n\n<p class=\"has-text-align-center has-small-font-size\"><strong>9h00 <\/strong>: 8km <strong>-&gt;<\/strong> 8\u20ac en ligne \/ 11\u20ac sur place<\/p>\n\n\n\n<p class=\"has-text-align-center has-small-font-size\"><strong>10h30 <\/strong>: 4Km <strong>-&gt;<\/strong> 4\u20ac en ligne \/ 7\u20ac sur place<\/p>\n\n\n\n<p class=\"has-text-align-center has-small-font-size\"><strong>11h10 <\/strong>: Course des familles 2 km<strong> -&gt;<\/strong> 6\u20ac \/ 4 personnes + 2\u20ac \/ personnes suppl\u00e9mentaires<\/p>\n\n\n\n<div style=\"height:36px\" aria-hidden=\"true\" class=\"wp-block-spacer\"><\/div>\n\n\n\n<p class=\"has-text-align-center has-small-font-size\"><strong>Pour toutes les courses chronom\u00e9tr\u00e9es :<\/strong><br>Obligatoire pour les non licenci\u00e9s FFA :<a href=\"https:\/\/pps.athle.fr\/\" data-type=\"link\" data-id=\"https:\/\/pps.athle.fr\/\" target=\"_blank\" rel=\"noreferrer noopener\"> PPS<\/a> ou autorisation parentale pour les mineurs<\/p>\n\n\n\n<div style=\"height:46px\" aria-hidden=\"true\" class=\"wp-block-spacer\"><\/div>\n\n\n\n<p class=\"has-text-align-center has-pale-pink-color has-text-color has-link-color has-medium-font-size wp-elements-7670248f3bcc7d3f58ae6063bf0de817\"><strong><strong><u>Retrait des dossards :<\/u><\/strong><\/strong><\/p>\n\n\n\n<p class=\"has-text-align-center has-small-font-size\">Le vendredi 3 et samedi 4 octobre 2024 \u2013 de 14h \u00e0 18h<br>Au club No\u00e9 (service jeunesse)<br>1 bis rue Cl\u00e9ment Ader \u2013 94430 Chennevi\u00e8res sur Marne<\/p>\n\n\n\n<p class=\"has-text-align-center has-small-font-size\"><br>Le dimanche 5 octobre 2025 \u00e0 partir de 8h00 et jusqu\u2019\u00e0 30 minutes avant le d\u00e9part<\/p>\n\n\n\n<div style=\"height:46px\" aria-hidden=\"true\" class=\"wp-block-spacer\"><\/div>\n\n\n\n<p class=\"has-text-align-center has-pale-pink-color has-text-color has-link-color has-medium-font-size wp-elements-0be77b824fadd09ce248a675e17fee65\"><strong><u>Les plus&nbsp;:<\/u><\/strong><\/p>\n\n\n\n<p class=\"has-text-align-center has-small-font-size\">Echauffement en musique avec un coach sportif<\/p>\n\n\n\n<p class=\"has-text-align-center has-small-font-size\">Parcours agr\u00e9able, balis\u00e9 et s\u00e9curis\u00e9<\/p>\n\n\n\n<p class=\"has-text-align-center has-small-font-size\">Espace sport bien \u00eatre sur le stade<\/p>\n\n\n\n<p class=\"has-text-align-center has-small-font-size\">Passage par le mail Daniel cordier.<\/p>\n\n\n\n<div style=\"height:46px\" aria-hidden=\"true\" class=\"wp-block-spacer\"><\/div>\n\n\n\n<p class=\"has-text-align-center has-pale-pink-color has-text-color has-link-color has-medium-font-size wp-elements-65488fcff7e4183909bbe7f78f73c6a3\"><strong><u>R\u00e9compenses&nbsp;:<\/u><\/strong><\/p>\n\n\n\n<p class=\"has-text-align-center has-small-font-size\">Coupe + lot aux 3 premiers (H\/F) du 8km et du 4km.<\/p>\n\n\n\n<p class=\"has-text-align-center has-small-font-size\">Remise du ch\u00e8que en faveur de la ligue contre le cancer<\/p>\n\n\n\n<div style=\"height:58px\" aria-hidden=\"true\" class=\"wp-block-spacer\"><\/div>\n\n\n<div class=\"wp-block-image\">\n<figure class=\"aligncenter size-full is-resized\"><img loading=\"lazy\" decoding=\"async\" width=\"700\" height=\"900\" src=\"https:\/\/adeochrono.fr\/wp-content\/uploads\/2025\/09\/Nouveau-projet-9.jpg\" alt=\"\" class=\"wp-image-7903\" style=\"width:541px;height:auto\" srcset=\"https:\/\/adeochrono.fr\/wp-content\/uploads\/2025\/09\/Nouveau-projet-9.jpg 700w, https:\/\/adeochrono.fr\/wp-content\/uploads\/2025\/09\/Nouveau-projet-9-233x300.jpg 233w\" sizes=\"auto, (max-width: 700px) 100vw, 700px\" \/><\/figure>\n<\/div>","protected":false},"excerpt":{"rendered":"<p>Les Foul\u00e9es Canav\u00e9roises Dimanche 5 octobre 2025 4\u00e8me \u00e9dition des Foul\u00e9es canav\u00e9roises ! Encore une fois, la Ville vous propose de courir contre le cancer du sein ! Les prochaines &#8230;<\/p>\n","protected":false},"author":1,"featured_media":0,"parent":0,"menu_order":0,"comment_status":"closed","ping_status":"closed","template":"","meta":{"footnotes":""},"class_list":["post-2800","page","type-page","status-publish","hentry"],"_links":{"self":[{"href":"https:\/\/adeochrono.fr\/index.php\/wp-json\/wp\/v2\/pages\/2800","targetHints":{"allow":["GET"]}}],"collection":[{"href":"https:\/\/adeochrono.fr\/index.php\/wp-json\/wp\/v2\/pages"}],"about":[{"href":"https:\/\/adeochrono.fr\/index.php\/wp-json\/wp\/v2\/types\/page"}],"author":[{"embeddable":true,"href":"https:\/\/adeochrono.fr\/index.php\/wp-json\/wp\/v2\/users\/1"}],"replies":[{"embeddable":true,"href":"https:\/\/adeochrono.fr\/index.php\/wp-json\/wp\/v2\/comments?post=2800"}],"version-history":[{"count":38,"href":"https:\/\/adeochrono.fr\/index.php\/wp-json\/wp\/v2\/pages\/2800\/revisions"}],"predecessor-version":[{"id":7904,"href":"https:\/\/adeochrono.fr\/index.php\/wp-json\/wp\/v2\/pages\/2800\/revisions\/7904"}],"wp:attachment":[{"href":"https:\/\/adeochrono.fr\/index.php\/wp-json\/wp\/v2\/media?parent=2800"}],"curies":[{"name":"wp","href":"https:\/\/api.w.org\/{rel}","templated":true}]}}