{"id":2640,"date":"2024-04-25T17:49:09","date_gmt":"2024-04-25T15:49:09","guid":{"rendered":"https:\/\/adeochrono.fr\/?page_id=2640"},"modified":"2024-04-28T12:39:23","modified_gmt":"2024-04-28T10:39:23","slug":"2024-resultats-accrorun","status":"publish","type":"page","link":"https:\/\/adeochrono.fr\/index.php\/2024-resultats-accrorun\/","title":{"rendered":"2024. R\u00e9sultats. Accro&rsquo;Run"},"content":{"rendered":"\n<p><\/p>\n\n\n\n<h2 class=\"wp-block-heading has-text-align-center has-x-large-font-size\">Classements Accro&rsquo;Run<\/h2>\n\n\n\n<div style=\"height:54px\" aria-hidden=\"true\" class=\"wp-block-spacer\"><\/div>\n\n\n\n<p class=\"has-text-align-center has-vivid-red-color has-text-color has-link-color has-medium-font-size wp-elements-7f91cb9c7332fb63b279c2ec9bac11a7\"><strong>Retrouvez vous en photo sur notre page Facebook! <\/strong><\/p>\n\n\n\n<p class=\"has-text-align-center has-black-color has-text-color has-link-color has-medium-font-size wp-elements-7a9ec5569fc7564649476dbb49920e84\"><strong><a href=\"https:\/\/www.facebook.com\/Adeochrono\/\" data-type=\"link\" data-id=\"https:\/\/www.facebook.com\/Adeochrono\/\" target=\"_blank\" rel=\"noreferrer noopener\">Cliquez-ici!<\/a><\/strong><\/p>\n\n\n\n<div style=\"height:29px\" aria-hidden=\"true\" class=\"wp-block-spacer\"><\/div>\n\n\n\n<p class=\"has-text-align-center has-medium-font-size\"><strong>Classements du samedi<\/strong> : <\/p>\n\n\n\n<div style=\"height:29px\" aria-hidden=\"true\" class=\"wp-block-spacer\"><\/div>\n\n\n\n<p><a href=\"https:\/\/adeochrono.fr\/index.php\/2024-resultats-accrorun-1500m-benjamins\/\" data-type=\"link\" data-id=\"https:\/\/adeochrono.fr\/index.php\/2024-resultats-accrorun-1500m-benjamins\/\" target=\"_blank\" rel=\"noreferrer noopener\">Classement g\u00e9n\u00e9ral 1100m CaniCross Benjamins<\/a><\/p>\n\n\n\n<p><a href=\"https:\/\/adeochrono.fr\/index.php\/2024-resultats-accrorun-canicross-2200m-minimes-cadets\/\" data-type=\"link\" data-id=\"https:\/\/adeochrono.fr\/index.php\/2024-resultats-accrorun-canicross-2200m-minimes-cadets\/\" target=\"_blank\" rel=\"noreferrer noopener\">Classement g\u00e9n\u00e9ral 2200m CaniCross Minimes\/Cadets<\/a><\/p>\n\n\n\n<p><a href=\"https:\/\/adeochrono.fr\/index.php\/2024-resultats-accrorun-3800m-canicross-court\/\" data-type=\"link\" data-id=\"https:\/\/adeochrono.fr\/index.php\/2024-resultats-accrorun-3800m-canicross-court\/\" target=\"_blank\" rel=\"noreferrer noopener\">Classement g\u00e9n\u00e9ral 3800m CaniCross Court<\/a><\/p>\n\n\n\n<p><a href=\"https:\/\/adeochrono.fr\/index.php\/2024-resultats-accrorun-3800m-canivtt\/\" data-type=\"link\" data-id=\"https:\/\/adeochrono.fr\/index.php\/2024-resultats-accrorun-3800m-canivtt\/\" target=\"_blank\" rel=\"noreferrer noopener\">Classement g\u00e9n\u00e9ral 3800m CaniVTT<\/a><\/p>\n\n\n\n<p><a href=\"https:\/\/adeochrono.fr\/index.php\/2024-resultats-accrorun-3800m-canitrott\/\" data-type=\"link\" data-id=\"https:\/\/adeochrono.fr\/index.php\/2024-resultats-accrorun-3800m-canitrott\/\" target=\"_blank\" rel=\"noreferrer noopener\">Classement g\u00e9n\u00e9ral 3800n CaniTrott<\/a><\/p>\n\n\n\n<div style=\"height:50px\" aria-hidden=\"true\" class=\"wp-block-spacer\"><\/div>\n\n\n\n<p class=\"has-text-align-center has-medium-font-size\"><strong>Classements du Dimanche <\/strong>:<\/p>\n\n\n\n<div style=\"height:29px\" aria-hidden=\"true\" class=\"wp-block-spacer\"><\/div>\n\n\n\n<p><a href=\"https:\/\/adeochrono.fr\/index.php\/2024-resultats-accrorun-5600m-canitrott\/\" data-type=\"link\" data-id=\"https:\/\/adeochrono.fr\/index.php\/2024-resultats-accrorun-5600m-canitrott\/\" target=\"_blank\" rel=\"noreferrer noopener\">Classement g\u00e9n\u00e9ral 5600m CaniTrott<\/a><\/p>\n\n\n\n<p><a href=\"https:\/\/adeochrono.fr\/index.php\/2024-resultats-accrorun-5600m-canivtt\/\" data-type=\"link\" data-id=\"https:\/\/adeochrono.fr\/index.php\/2024-resultats-accrorun-5600m-canivtt\/\" target=\"_blank\" rel=\"noreferrer noopener\">Classement g\u00e9n\u00e9ral 5600m CaniVTT<\/a><\/p>\n\n\n\n<p><a href=\"https:\/\/adeochrono.fr\/index.php\/2024-resultats-accrorun-5600m-canicross-long\/\" data-type=\"link\" data-id=\"https:\/\/adeochrono.fr\/index.php\/2024-resultats-accrorun-5600m-canicross-long\/\" target=\"_blank\" rel=\"noreferrer noopener\">Classement g\u00e9n\u00e9ral 5600m CaniCross Long<\/a><\/p>\n\n\n\n<div style=\"height:50px\" aria-hidden=\"true\" class=\"wp-block-spacer\"><\/div>\n\n\n\n<p class=\"has-text-align-center has-medium-font-size\"><strong>R\u00e9sultats des challenges<\/strong> :<\/p>\n\n\n\n<div style=\"height:29px\" aria-hidden=\"true\" class=\"wp-block-spacer\"><\/div>\n\n\n\n<p><a href=\"https:\/\/adeochrono.fr\/index.php\/2024-resultats-accrorun-challenge-canicross\/\" data-type=\"link\" data-id=\"https:\/\/adeochrono.fr\/index.php\/2024-resultats-accrorun-challenge-canicross\/\" target=\"_blank\" rel=\"noreferrer noopener\">Challenge Canicross<\/a><\/p>\n\n\n\n<p><a href=\"https:\/\/adeochrono.fr\/index.php\/2024-resultats-accrorun-challenge-canivtt\/\" data-type=\"link\" data-id=\"https:\/\/adeochrono.fr\/index.php\/2024-resultats-accrorun-challenge-canivtt\/\" target=\"_blank\" rel=\"noreferrer noopener\">Challenge CaniVTT<\/a><\/p>\n\n\n\n<p><a href=\"https:\/\/adeochrono.fr\/index.php\/2024-resultats-accrorun-challenge-canitrott\/\" data-type=\"link\" data-id=\"https:\/\/adeochrono.fr\/index.php\/2024-resultats-accrorun-challenge-canitrott\/\" target=\"_blank\" rel=\"noreferrer noopener\">Challenge CaniTrott<\/a><\/p>\n","protected":false},"excerpt":{"rendered":"<p>Classements Accro&rsquo;Run Retrouvez vous en photo sur notre page Facebook! Cliquez-ici! Classements du samedi : Classement g\u00e9n\u00e9ral 1100m CaniCross Benjamins Classement g\u00e9n\u00e9ral 2200m CaniCross Minimes\/Cadets Classement g\u00e9n\u00e9ral 3800m CaniCross Court &#8230;<\/p>\n","protected":false},"author":1,"featured_media":0,"parent":0,"menu_order":0,"comment_status":"closed","ping_status":"closed","template":"","meta":{"footnotes":""},"class_list":["post-2640","page","type-page","status-publish","hentry"],"_links":{"self":[{"href":"https:\/\/adeochrono.fr\/index.php\/wp-json\/wp\/v2\/pages\/2640","targetHints":{"allow":["GET"]}}],"collection":[{"href":"https:\/\/adeochrono.fr\/index.php\/wp-json\/wp\/v2\/pages"}],"about":[{"href":"https:\/\/adeochrono.fr\/index.php\/wp-json\/wp\/v2\/types\/page"}],"author":[{"embeddable":true,"href":"https:\/\/adeochrono.fr\/index.php\/wp-json\/wp\/v2\/users\/1"}],"replies":[{"embeddable":true,"href":"https:\/\/adeochrono.fr\/index.php\/wp-json\/wp\/v2\/comments?post=2640"}],"version-history":[{"count":22,"href":"https:\/\/adeochrono.fr\/index.php\/wp-json\/wp\/v2\/pages\/2640\/revisions"}],"predecessor-version":[{"id":2791,"href":"https:\/\/adeochrono.fr\/index.php\/wp-json\/wp\/v2\/pages\/2640\/revisions\/2791"}],"wp:attachment":[{"href":"https:\/\/adeochrono.fr\/index.php\/wp-json\/wp\/v2\/media?parent=2640"}],"curies":[{"name":"wp","href":"https:\/\/api.w.org\/{rel}","templated":true}]}}