{"id":2581,"date":"2024-04-19T14:02:24","date_gmt":"2024-04-19T12:02:24","guid":{"rendered":"https:\/\/adeochrono.fr\/?page_id=2581"},"modified":"2024-04-19T14:09:12","modified_gmt":"2024-04-19T12:09:12","slug":"2024-resultats-20km24-les-azimute-e-s","status":"publish","type":"page","link":"https:\/\/adeochrono.fr\/index.php\/2024-resultats-20km24-les-azimute-e-s\/","title":{"rendered":"2024. R\u00e9sultats. 20km24 Les Azimut\u00e9.e.s"},"content":{"rendered":"\n<p><\/p>\n\n\n\n<h2 class=\"wp-block-heading\">Classement g\u00e9n\u00e9ral 20km24 Les Azimut\u00e9.e.s<\/h2>\n\n\n\n<div style=\"height:54px\" aria-hidden=\"true\" class=\"wp-block-spacer\"><\/div>\n\n\n<div id=\"footable_parent_2584\"\n         class=\" footable_parent ninja_table_wrapper loading_ninja_table wp_table_data_press_parent semantic_ui \">\n                <table data-ninja_table_instance=\"ninja_table_instance_0\" data-footable_id=\"2584\" data-filter-delay=\"1000\" aria-label=\"2024. 20km24 Les Azimut\u00e9.e.s\"            id=\"footable_2584\"\n           data-unique_identifier=\"ninja_table_unique_id_3823824426_2584\"\n           class=\" foo-table ninja_footable foo_table_2584 ninja_table_unique_id_3823824426_2584 ui table  nt_type_ajax_table selectable striped vertical_centered  footable-paging-right ninja_table_pro\">\n                <colgroup>\n                            <col class=\"ninja_column_0 \">\n                            <col class=\"ninja_column_1 xs sm\">\n                            <col class=\"ninja_column_2 \">\n                            <col class=\"ninja_column_3 \">\n                            <col class=\"ninja_column_4 xs sm\">\n                            <col class=\"ninja_column_5 \">\n                            <col class=\"ninja_column_6 xs sm\">\n                            <col class=\"ninja_column_7 xs sm\">\n                            <col class=\"ninja_column_8 xs sm\">\n                            <col class=\"ninja_column_9 xs sm\">\n                            <col class=\"ninja_column_10 xs sm\">\n                            <col class=\"ninja_column_11 xs sm md lg\">\n                            <col class=\"ninja_column_12 xs sm md lg\">\n                            <col class=\"ninja_column_13 xs sm md lg\">\n                            <col class=\"ninja_column_14 xs sm md lg\">\n                            <col class=\"ninja_column_15 xs sm md lg\">\n                            <col class=\"ninja_column_16 xs sm md lg\">\n                            <col class=\"ninja_column_17 xs sm md lg\">\n                            <col class=\"ninja_column_18 xs sm md lg\">\n                            <col class=\"ninja_column_19 xs sm md lg\">\n                            <col class=\"ninja_column_20 xs sm md lg\">\n                            <col class=\"ninja_column_21 xs sm md lg\">\n                            <col class=\"ninja_column_22 xs sm md lg\">\n                            <col class=\"ninja_column_23 xs sm md lg\">\n                            <col class=\"ninja_column_24 xs sm md lg\">\n                            <col class=\"ninja_column_25 xs sm md lg\">\n                            <col class=\"ninja_column_26 xs sm md lg\">\n                            <col class=\"ninja_column_27 xs sm md lg\">\n                            <col class=\"ninja_column_28 xs sm md lg\">\n                            <col class=\"ninja_column_29 xs sm md lg\">\n                            <col class=\"ninja_column_30 xs sm md lg\">\n                    <\/colgroup>\n            <\/table>\n    \n    \n    \n<\/div>\n\n","protected":false},"excerpt":{"rendered":"<p>Classement g\u00e9n\u00e9ral 20km24 Les Azimut\u00e9.e.s<\/p>\n","protected":false},"author":1,"featured_media":0,"parent":0,"menu_order":0,"comment_status":"closed","ping_status":"closed","template":"","meta":{"footnotes":""},"class_list":["post-2581","page","type-page","status-publish","hentry"],"_links":{"self":[{"href":"https:\/\/adeochrono.fr\/index.php\/wp-json\/wp\/v2\/pages\/2581","targetHints":{"allow":["GET"]}}],"collection":[{"href":"https:\/\/adeochrono.fr\/index.php\/wp-json\/wp\/v2\/pages"}],"about":[{"href":"https:\/\/adeochrono.fr\/index.php\/wp-json\/wp\/v2\/types\/page"}],"author":[{"embeddable":true,"href":"https:\/\/adeochrono.fr\/index.php\/wp-json\/wp\/v2\/users\/1"}],"replies":[{"embeddable":true,"href":"https:\/\/adeochrono.fr\/index.php\/wp-json\/wp\/v2\/comments?post=2581"}],"version-history":[{"count":2,"href":"https:\/\/adeochrono.fr\/index.php\/wp-json\/wp\/v2\/pages\/2581\/revisions"}],"predecessor-version":[{"id":2586,"href":"https:\/\/adeochrono.fr\/index.php\/wp-json\/wp\/v2\/pages\/2581\/revisions\/2586"}],"wp:attachment":[{"href":"https:\/\/adeochrono.fr\/index.php\/wp-json\/wp\/v2\/media?parent=2581"}],"curies":[{"name":"wp","href":"https:\/\/api.w.org\/{rel}","templated":true}]}}