{"id":2386,"date":"2024-04-11T13:17:54","date_gmt":"2024-04-11T11:17:54","guid":{"rendered":"https:\/\/adeochrono.fr\/?page_id=2386"},"modified":"2024-08-30T23:32:19","modified_gmt":"2024-08-30T21:32:19","slug":"2024-presentation-semi-marathon-de-bolbec","status":"publish","type":"page","link":"https:\/\/adeochrono.fr\/index.php\/2024-presentation-semi-marathon-de-bolbec\/","title":{"rendered":"2024- Pr\u00e9sentation Semi-Marathon de Bolbec"},"content":{"rendered":"<div class=\"wp-block-image\">\n<figure class=\"aligncenter size-large\"><img loading=\"lazy\" decoding=\"async\" width=\"1024\" height=\"418\" src=\"https:\/\/adeochrono.fr\/wp-content\/uploads\/2024\/04\/LOGO-SEMI-1024x418.jpg\" alt=\"\" class=\"wp-image-2387\" srcset=\"https:\/\/adeochrono.fr\/wp-content\/uploads\/2024\/04\/LOGO-SEMI-1024x418.jpg 1024w, https:\/\/adeochrono.fr\/wp-content\/uploads\/2024\/04\/LOGO-SEMI-300x122.jpg 300w, https:\/\/adeochrono.fr\/wp-content\/uploads\/2024\/04\/LOGO-SEMI-768x313.jpg 768w, https:\/\/adeochrono.fr\/wp-content\/uploads\/2024\/04\/LOGO-SEMI-1536x627.jpg 1536w, https:\/\/adeochrono.fr\/wp-content\/uploads\/2024\/04\/LOGO-SEMI-2048x836.jpg 2048w\" sizes=\"auto, (max-width: 1024px) 100vw, 1024px\" \/><\/figure>\n<\/div>\n\n\n<p><\/p>\n\n\n\n<div style=\"height:46px\" aria-hidden=\"true\" class=\"wp-block-spacer\"><\/div>\n\n\n\n<h2 class=\"wp-block-heading has-text-align-center has-luminous-vivid-orange-color has-text-color has-link-color wp-elements-1b84176f6247df6b9b78bc96357f2243\">Samedi 7 septembre 2024<\/h2>\n\n\n\n<h2 class=\"wp-block-heading has-text-align-center has-luminous-vivid-orange-color has-text-color has-link-color wp-elements-0733cf3491c1d3b04d441d2013f1df82\">45\u00e8me \u00e9dition du semi-marathon de Bolbec<\/h2>\n\n\n\n<div style=\"height:46px\" aria-hidden=\"true\" class=\"wp-block-spacer\"><\/div>\n\n\n\n<div class=\"wp-block-buttons is-content-justification-center is-layout-flex wp-container-core-buttons-is-layout-16018d1d wp-block-buttons-is-layout-flex\">\n<div class=\"wp-block-button\"><a class=\"wp-block-button__link has-luminous-vivid-amber-color has-text-color has-link-color wp-element-button\" href=\"https:\/\/semimarathonbolbec.adeorun.com\/inscription\" target=\"_blank\" rel=\"noreferrer noopener\">Inscriptions<\/a><\/div>\n\n\n\n<div class=\"wp-block-button\"><a class=\"wp-block-button__link has-luminous-vivid-amber-color has-text-color has-link-color wp-element-button\" href=\"http:\/\/adeochrono.fr\/wp-content\/uploads\/2024\/04\/Reglement-Bolbec-fusionne.pdf\" target=\"_blank\" rel=\"noreferrer noopener\">R\u00e8glement<\/a><\/div>\n<\/div>\n\n\n\n<div style=\"height:31px\" aria-hidden=\"true\" class=\"wp-block-spacer\"><\/div>\n\n\n<div class=\"hurrytimer-cdt hurrytimer-cdt--2393 hurrytimer-campaign hurryt-loading hurrytimer-campaign-2393\" data-config=\"{&quot;id&quot;:2393,&quot;run_in_background&quot;:false,&quot;sticky&quot;:false,&quot;product_ids&quot;:[],&quot;actions&quot;:[{&quot;id&quot;:1,&quot;redirectUrl&quot;:&quot;&quot;,&quot;message&quot;:&quot;&quot;,&quot;coupon&quot;:&quot;&quot;,&quot;wcStockStatus&quot;:&quot;instock&quot;}],&quot;template&quot;:&quot;&lt;div class=\\&quot;hurrytimer-timer-block hurrytimer-cdt__dur\\&quot;&gt;&lt;div class=\\&quot;hurrytimer-timer-digit hurrytimer-cdt__time\\&quot;&gt;%m&lt;\\\/div&gt;&lt;div class=\\&quot;hurrytimer-timer-label hurrytimer-cdt__label\\&quot; &gt;Mois&lt;\\\/div&gt;&lt;\\\/div&gt;&lt;div class=\\&quot;hurrytimer-cdt__sep hurrytimer-timer-sep\\&quot;&gt;:&lt;\\\/div&gt;&lt;div class=\\&quot;hurrytimer-timer-block hurrytimer-cdt__dur\\&quot;&gt;&lt;div class=\\&quot;hurrytimer-timer-digit hurrytimer-cdt__time\\&quot;&gt;%n&lt;\\\/div&gt;&lt;div class=\\&quot;hurrytimer-timer-label hurrytimer-cdt__label\\&quot; &gt;Jours&lt;\\\/div&gt;&lt;\\\/div&gt;&lt;div class=\\&quot;hurrytimer-cdt__sep hurrytimer-timer-sep\\&quot;&gt;:&lt;\\\/div&gt;&lt;div class=\\&quot;hurrytimer-timer-block hurrytimer-cdt__dur\\&quot;&gt;&lt;div class=\\&quot;hurrytimer-timer-digit hurrytimer-cdt__time\\&quot;&gt;%H&lt;\\\/div&gt;&lt;div class=\\&quot;hurrytimer-timer-label hurrytimer-cdt__label\\&quot; &gt;H&lt;\\\/div&gt;&lt;\\\/div&gt;&lt;div class=\\&quot;hurrytimer-cdt__sep hurrytimer-timer-sep\\&quot;&gt;:&lt;\\\/div&gt;&lt;div class=\\&quot;hurrytimer-timer-block hurrytimer-cdt__dur\\&quot;&gt;&lt;div class=\\&quot;hurrytimer-timer-digit hurrytimer-cdt__time\\&quot;&gt;%M&lt;\\\/div&gt;&lt;div class=\\&quot;hurrytimer-timer-label hurrytimer-cdt__label\\&quot; &gt;M&lt;\\\/div&gt;&lt;\\\/div&gt;&lt;div class=\\&quot;hurrytimer-cdt__sep hurrytimer-timer-sep\\&quot;&gt;:&lt;\\\/div&gt;&lt;div class=\\&quot;hurrytimer-timer-block hurrytimer-cdt__dur\\&quot;&gt;&lt;div class=\\&quot;hurrytimer-timer-digit hurrytimer-cdt__time\\&quot;&gt;%S&lt;\\\/div&gt;&lt;div class=\\&quot;hurrytimer-timer-label hurrytimer-cdt__label\\&quot; &gt;S&lt;\\\/div&gt;&lt;\\\/div&gt;&quot;,&quot;methods&quot;:[1,2],&quot;mode&quot;:&quot;one_time&quot;,&quot;sticky_bar_hide_timeout&quot;:7,&quot;recurr&quot;:false,&quot;timeToNextRecurrence&quot;:0,&quot;isRegular&quot;:true,&quot;endDate&quot;:1725638400000}\" ><div class=\"hurrytimer-cdt__headline hurrytimer-headline\">Fin des inscriptions dans<\/div><div class=\"hurrytimer-cdt__inner hurrytimer-timer\"><\/div><\/div>\n\n\n\n<div style=\"height:78px\" aria-hidden=\"true\" class=\"wp-block-spacer\"><\/div>\n\n\n\n<p class=\"has-text-align-center has-luminous-vivid-orange-color has-text-color has-link-color has-medium-font-size wp-elements-f789180beedc545fa714d6bac55d18d3\"><strong>Parcours, horaires et tarifs :<\/strong><\/p>\n\n\n\n<div style=\"height:22px\" aria-hidden=\"true\" class=\"wp-block-spacer\"><\/div>\n\n\n\n<p class=\"has-text-align-center has-black-color has-text-color has-link-color wp-elements-8f4ad713cf851dcebb05300e4ebb5707\"><strong>Le parcours est compos\u00e9 d\u2019une course en ligne partant de BOLBEC et retour \u00e0 BOLBEC qui conduit les participants dans la campagne normande et passe dans le parc du Ch\u00e2teau de Pierre de Coubertin r\u00e9novateur des Jeux Olympiques Modernes.<\/strong><\/p>\n\n\n\n<figure class=\"wp-block-video\"><video height=\"540\" style=\"aspect-ratio: 960 \/ 540;\" width=\"960\" controls src=\"https:\/\/adeochrono.fr\/wp-content\/uploads\/2024\/04\/Video-3D-du-parcours-1.mp4\"><\/video><\/figure>\n\n\n\n<div style=\"height:75px\" aria-hidden=\"true\" class=\"wp-block-spacer\"><\/div>\n\n\n\n<p class=\"has-text-align-center has-black-color has-text-color has-link-color has-medium-font-size wp-elements-7f37348a4a30418acb1da4c11fed02dd\"><strong>10h30 <\/strong>: Randonn\u00e9e<\/p>\n\n\n\n<p class=\"has-text-align-center has-black-color has-text-color has-link-color has-medium-font-size wp-elements-e7cdf3287ee3a26e75f34ddc13da7721\"><strong>15h30 <\/strong>: Semi-Marathon et Semi-marathon relais<\/p>\n\n\n\n<p class=\"has-text-align-center has-black-color has-text-color has-link-color has-medium-font-size wp-elements-f431dd183f07e55f94f37ce43346a0b8\"><strong>16h15 <\/strong>: 10 km<\/p>\n\n\n\n<div style=\"height:39px\" aria-hidden=\"true\" class=\"wp-block-spacer\"><\/div>\n\n\n<div class=\"wp-block-image\">\n<figure class=\"aligncenter size-full\"><img loading=\"lazy\" decoding=\"async\" width=\"805\" height=\"327\" src=\"https:\/\/adeochrono.fr\/wp-content\/uploads\/2024\/04\/image-2.png\" alt=\"\" class=\"wp-image-2548\" srcset=\"https:\/\/adeochrono.fr\/wp-content\/uploads\/2024\/04\/image-2.png 805w, https:\/\/adeochrono.fr\/wp-content\/uploads\/2024\/04\/image-2-300x122.png 300w, https:\/\/adeochrono.fr\/wp-content\/uploads\/2024\/04\/image-2-768x312.png 768w\" sizes=\"auto, (max-width: 805px) 100vw, 805px\" \/><\/figure>\n<\/div>\n\n\n<p><\/p>\n\n\n\n<p class=\"has-text-align-center has-black-color has-text-color has-link-color has-medium-font-size wp-elements-c65cc70506b57a04db9e4e6352d03620\"><strong>Pour toutes les courses chronom\u00e9tr\u00e9es : <\/strong><\/p>\n\n\n\n<p class=\"has-text-align-center has-medium-font-size\"><strong>Licence FFA ou UFOLEP en cours de validit\u00e9 \/<a href=\"https:\/\/pps.athle.fr\/\" target=\"_blank\" rel=\"noreferrer noopener\"> PPS<\/a> ou <a href=\"http:\/\/adeochrono.fr\/wp-content\/uploads\/2023\/10\/2022.-Autorisation-parentale-necessaire-pour-mineur.pdf\" target=\"_blank\" rel=\"noreferrer noopener\">autorisation parentale<\/a> pour les mineurs<\/strong><\/p>\n\n\n\n<div style=\"height:75px\" aria-hidden=\"true\" class=\"wp-block-spacer\"><\/div>\n\n\n\n<p class=\"has-text-align-center has-luminous-vivid-orange-color has-text-color has-link-color has-medium-font-size wp-elements-2db249e202650fd58dc9593ac4b42a9b\"><strong>Classements et dotations :<\/strong><\/p>\n\n\n\n<div style=\"height:22px\" aria-hidden=\"true\" class=\"wp-block-spacer\"><\/div>\n\n\n\n<ul class=\"wp-block-list\">\n<li><strong>Scratch, 1-2-3-4-5 (hommes et femmes) <\/strong><\/li>\n<\/ul>\n\n\n\n<ul class=\"wp-block-list\">\n<li><strong>Par cat\u00e9gories, juniors, espoirs, 1 (hommes et femmes)<\/strong><\/li>\n\n\n\n<li><strong>Les trois premiers masters (hommes et femmes)<\/strong><\/li>\n<\/ul>\n\n\n\n<ul class=\"wp-block-list\">\n<li><strong>Le premier Masters de chaque cat\u00e9gorie 1-2-3-4-5-6-7 (hommes et femmes) <\/strong><\/li>\n<\/ul>\n\n\n\n<ul class=\"wp-block-list\">\n<li><strong>Le Relais hommes, femmes, mixte<\/strong><\/li>\n<\/ul>\n\n\n\n<ul class=\"wp-block-list\">\n<li><strong>Le prix scratch est cumulable avec les autres cat\u00e9gories<\/strong><\/li>\n\n\n\n<li><strong>Dossard \u00e0 remettre dans l\u2019urne pour participer au tirage aux sorts !!!<\/strong><\/li>\n\n\n\n<li><strong>Tombola pendant la remise des r\u00e9compenses : 2 bons d\u2019achats d\u2019une valeur de 500\u20ac \u00e0 gagner chez nos partenaires Carrefour et U-express.<\/strong><\/li>\n<\/ul>\n\n\n\n<div style=\"height:46px\" aria-hidden=\"true\" class=\"wp-block-spacer\"><\/div>\n\n\n\n<figure class=\"wp-block-table has-medium-font-size\"><table class=\"has-black-color has-text-color has-link-color\"><tbody><tr><td class=\"has-text-align-center\" data-align=\"center\"><strong>Primes d\u2019arriv\u00e9e semi-marathon hommes<\/strong><\/td><td class=\"has-text-align-center\" data-align=\"center\"><strong>Primes d\u2019arriv\u00e9e semi-marathon femmes<\/strong><\/td><\/tr><tr><td class=\"has-text-align-center\" data-align=\"center\">Scratch : 400, 350, 300, 200, 100\u20ac<br>Juniors : 60\u20ac<br>Espoirs : 75\u20ac <br>3er master TC : 30\u20ac <br>1er Master par cat\u00e9gorie (m\u00e9daille uniquement)<\/td><td class=\"has-text-align-center\" data-align=\"center\">Scratch : 400, 350, 300, 200, 100\u20ac<br>Juniors : 60\u20ac<br>Espoirs : 75\u20ac<br>3er master TC : 30\u20ac<br>1er Master par cat\u00e9gorie (m\u00e9daille uniquement)<\/td><\/tr><tr><td class=\"has-text-align-center\" data-align=\"center\">Relais hommes : 100, 75, 50\u20ac<\/td><td class=\"has-text-align-center\" data-align=\"center\">Relais Femmes : 100, 75, 50\u20ac<br> Relais mixte : 100, 75, 50\u20ac<\/td><\/tr><tr><td class=\"has-text-align-center\" data-align=\"center\"><\/td><\/tr><\/tbody><\/table><\/figure>\n\n\n\n<ul class=\"wp-block-list\">\n<li><strong>Prime d\u00e9part au premier(\u00e8re) qui passe devant l\u2019entreprise TP-Tinel situ\u00e9 \u00e0 1.800km du d\u00e9part : 100\u20ac<\/strong><\/li>\n<\/ul>\n\n\n\n<ul class=\"wp-block-list\">\n<li><strong>Prime arriv\u00e9e \u00e0 celui ou celle qui parcours les 200 dernier m\u00e8tres le plus rapidement possible :100\u20ac<\/strong><\/li>\n<\/ul>\n\n\n\n<div style=\"height:75px\" aria-hidden=\"true\" class=\"wp-block-spacer\"><\/div>\n\n\n\n<p class=\"has-text-align-center has-luminous-vivid-orange-color has-text-color has-link-color has-medium-font-size wp-elements-9e2d12b1a4c7fadfce6eb4604ab332d0\"><strong>T-Shirt offerts:<\/strong><\/p>\n\n\n\n<figure class=\"wp-block-gallery has-nested-images columns-default is-cropped wp-block-gallery-1 is-layout-flex wp-block-gallery-is-layout-flex\">\n<figure class=\"wp-block-image size-large\"><img loading=\"lazy\" decoding=\"async\" width=\"724\" height=\"1024\" data-id=\"2515\" src=\"https:\/\/adeochrono.fr\/wp-content\/uploads\/2024\/04\/TSHIRT-COUREUR-FACE-2-724x1024.jpg\" alt=\"\" class=\"wp-image-2515\" srcset=\"https:\/\/adeochrono.fr\/wp-content\/uploads\/2024\/04\/TSHIRT-COUREUR-FACE-2-724x1024.jpg 724w, https:\/\/adeochrono.fr\/wp-content\/uploads\/2024\/04\/TSHIRT-COUREUR-FACE-2-212x300.jpg 212w, https:\/\/adeochrono.fr\/wp-content\/uploads\/2024\/04\/TSHIRT-COUREUR-FACE-2-768x1086.jpg 768w, https:\/\/adeochrono.fr\/wp-content\/uploads\/2024\/04\/TSHIRT-COUREUR-FACE-2-1086x1536.jpg 1086w, https:\/\/adeochrono.fr\/wp-content\/uploads\/2024\/04\/TSHIRT-COUREUR-FACE-2-1448x2048.jpg 1448w, https:\/\/adeochrono.fr\/wp-content\/uploads\/2024\/04\/TSHIRT-COUREUR-FACE-2.jpg 1587w\" sizes=\"auto, (max-width: 724px) 100vw, 724px\" \/><figcaption class=\"wp-element-caption\">xr:d:DAE98XBTp1Q:189,j:1861520909057598580,t:23110615<\/figcaption><\/figure>\n\n\n\n<figure class=\"wp-block-image size-large\"><img loading=\"lazy\" decoding=\"async\" width=\"724\" height=\"1024\" data-id=\"2514\" src=\"https:\/\/adeochrono.fr\/wp-content\/uploads\/2024\/04\/TSHIT-COUREUR-DOS-1-724x1024.jpg\" alt=\"\" class=\"wp-image-2514\" srcset=\"https:\/\/adeochrono.fr\/wp-content\/uploads\/2024\/04\/TSHIT-COUREUR-DOS-1-724x1024.jpg 724w, https:\/\/adeochrono.fr\/wp-content\/uploads\/2024\/04\/TSHIT-COUREUR-DOS-1-212x300.jpg 212w, https:\/\/adeochrono.fr\/wp-content\/uploads\/2024\/04\/TSHIT-COUREUR-DOS-1-768x1086.jpg 768w, https:\/\/adeochrono.fr\/wp-content\/uploads\/2024\/04\/TSHIT-COUREUR-DOS-1-1086x1536.jpg 1086w, https:\/\/adeochrono.fr\/wp-content\/uploads\/2024\/04\/TSHIT-COUREUR-DOS-1-1448x2048.jpg 1448w, https:\/\/adeochrono.fr\/wp-content\/uploads\/2024\/04\/TSHIT-COUREUR-DOS-1.jpg 1587w\" sizes=\"auto, (max-width: 724px) 100vw, 724px\" \/><figcaption class=\"wp-element-caption\">xr:d:DAE98XBTp1Q:189,j:1861520909057598580,t:23110615<\/figcaption><\/figure>\n<\/figure>\n\n\n\n<div style=\"height:78px\" aria-hidden=\"true\" class=\"wp-block-spacer\"><\/div>\n\n\n\n<p class=\"has-text-align-center has-luminous-vivid-orange-color has-text-color has-link-color has-medium-font-size wp-elements-a0ea17eec2c4bdc4da24046e30a4e7c3\"><strong>Retrait des dossards :<\/strong><\/p>\n\n\n\n<p class=\"has-text-align-center has-black-color has-text-color has-link-color wp-elements-c5a009bdfa46f28f949fcf7c848faca4\"><strong>Les dossards seront \u00e0 retirer sur place \u00e0 partir de 13h00 jusqu\u2019\u00e0 15min avant votre course<br><\/strong><\/p>\n\n\n\n<div style=\"height:78px\" aria-hidden=\"true\" class=\"wp-block-spacer\"><\/div>\n\n\n\n<p class=\"has-text-align-center has-luminous-vivid-orange-color has-text-color has-link-color has-medium-font-size wp-elements-de2866a1e95b7dc1f37804064294d038\"><strong>Retrouvez nous sur le site officiel du semi-marathon de Bolbec:<\/strong><\/p>\n\n\n\n<ul class=\"wp-block-social-links aligncenter is-layout-flex wp-block-social-links-is-layout-flex\"><li class=\"wp-social-link wp-social-link-chain  wp-block-social-link\"><a href=\"https:\/\/semi-bolbec.org\/\" class=\"wp-block-social-link-anchor\"><svg width=\"24\" height=\"24\" viewBox=\"0 0 24 24\" version=\"1.1\" xmlns=\"http:\/\/www.w3.org\/2000\/svg\" aria-hidden=\"true\" focusable=\"false\"><path d=\"M15.6,7.2H14v1.5h1.6c2,0,3.7,1.7,3.7,3.7s-1.7,3.7-3.7,3.7H14v1.5h1.6c2.8,0,5.2-2.3,5.2-5.2,0-2.9-2.3-5.2-5.2-5.2zM4.7,12.4c0-2,1.7-3.7,3.7-3.7H10V7.2H8.4c-2.9,0-5.2,2.3-5.2,5.2,0,2.9,2.3,5.2,5.2,5.2H10v-1.5H8.4c-2,0-3.7-1.7-3.7-3.7zm4.6.9h5.3v-1.5H9.3v1.5z\"><\/path><\/svg><span class=\"wp-block-social-link-label screen-reader-text\">Lien<\/span><\/a><\/li><\/ul>\n\n\n\n<figure class=\"wp-block-gallery has-nested-images columns-default is-cropped wp-block-gallery-2 is-layout-flex wp-block-gallery-is-layout-flex\">\n<figure class=\"wp-block-image size-large\"><img loading=\"lazy\" decoding=\"async\" width=\"1024\" height=\"683\" data-id=\"2401\" src=\"https:\/\/adeochrono.fr\/wp-content\/uploads\/2024\/04\/PHOTO-COUREUR-1024x683.jpeg\" alt=\"\" class=\"wp-image-2401\" srcset=\"https:\/\/adeochrono.fr\/wp-content\/uploads\/2024\/04\/PHOTO-COUREUR-1024x683.jpeg 1024w, https:\/\/adeochrono.fr\/wp-content\/uploads\/2024\/04\/PHOTO-COUREUR-300x200.jpeg 300w, https:\/\/adeochrono.fr\/wp-content\/uploads\/2024\/04\/PHOTO-COUREUR-768x512.jpeg 768w, https:\/\/adeochrono.fr\/wp-content\/uploads\/2024\/04\/PHOTO-COUREUR-1536x1024.jpeg 1536w, https:\/\/adeochrono.fr\/wp-content\/uploads\/2024\/04\/PHOTO-COUREUR-2048x1365.jpeg 2048w\" sizes=\"auto, (max-width: 1024px) 100vw, 1024px\" \/><\/figure>\n\n\n\n<figure class=\"wp-block-image size-large\"><img loading=\"lazy\" decoding=\"async\" width=\"1024\" height=\"683\" data-id=\"2399\" src=\"https:\/\/adeochrono.fr\/wp-content\/uploads\/2024\/04\/PHOTO-DEPART-1024x683.jpg\" alt=\"\" class=\"wp-image-2399\" srcset=\"https:\/\/adeochrono.fr\/wp-content\/uploads\/2024\/04\/PHOTO-DEPART-1024x683.jpg 1024w, https:\/\/adeochrono.fr\/wp-content\/uploads\/2024\/04\/PHOTO-DEPART-300x200.jpg 300w, https:\/\/adeochrono.fr\/wp-content\/uploads\/2024\/04\/PHOTO-DEPART-768x512.jpg 768w, https:\/\/adeochrono.fr\/wp-content\/uploads\/2024\/04\/PHOTO-DEPART-1536x1024.jpg 1536w, https:\/\/adeochrono.fr\/wp-content\/uploads\/2024\/04\/PHOTO-DEPART.jpg 1920w\" sizes=\"auto, (max-width: 1024px) 100vw, 1024px\" \/><\/figure>\n\n\n\n<figure class=\"wp-block-image size-large\"><img loading=\"lazy\" decoding=\"async\" width=\"1024\" height=\"683\" data-id=\"2400\" src=\"https:\/\/adeochrono.fr\/wp-content\/uploads\/2024\/04\/PHOTO-PODIUM-1024x683.jpeg\" alt=\"\" class=\"wp-image-2400\" srcset=\"https:\/\/adeochrono.fr\/wp-content\/uploads\/2024\/04\/PHOTO-PODIUM-1024x683.jpeg 1024w, https:\/\/adeochrono.fr\/wp-content\/uploads\/2024\/04\/PHOTO-PODIUM-300x200.jpeg 300w, https:\/\/adeochrono.fr\/wp-content\/uploads\/2024\/04\/PHOTO-PODIUM-768x512.jpeg 768w, https:\/\/adeochrono.fr\/wp-content\/uploads\/2024\/04\/PHOTO-PODIUM-1536x1024.jpeg 1536w, https:\/\/adeochrono.fr\/wp-content\/uploads\/2024\/04\/PHOTO-PODIUM-2048x1365.jpeg 2048w\" sizes=\"auto, (max-width: 1024px) 100vw, 1024px\" \/><\/figure>\n<\/figure>\n","protected":false},"excerpt":{"rendered":"<p>Samedi 7 septembre 2024 45\u00e8me \u00e9dition du semi-marathon de Bolbec Parcours, horaires et tarifs : Le parcours est compos\u00e9 d\u2019une course en ligne partant de BOLBEC et retour \u00e0 BOLBEC &#8230;<\/p>\n","protected":false},"author":1,"featured_media":0,"parent":0,"menu_order":0,"comment_status":"closed","ping_status":"closed","template":"","meta":{"footnotes":""},"class_list":["post-2386","page","type-page","status-publish","hentry"],"_links":{"self":[{"href":"https:\/\/adeochrono.fr\/index.php\/wp-json\/wp\/v2\/pages\/2386","targetHints":{"allow":["GET"]}}],"collection":[{"href":"https:\/\/adeochrono.fr\/index.php\/wp-json\/wp\/v2\/pages"}],"about":[{"href":"https:\/\/adeochrono.fr\/index.php\/wp-json\/wp\/v2\/types\/page"}],"author":[{"embeddable":true,"href":"https:\/\/adeochrono.fr\/index.php\/wp-json\/wp\/v2\/users\/1"}],"replies":[{"embeddable":true,"href":"https:\/\/adeochrono.fr\/index.php\/wp-json\/wp\/v2\/comments?post=2386"}],"version-history":[{"count":19,"href":"https:\/\/adeochrono.fr\/index.php\/wp-json\/wp\/v2\/pages\/2386\/revisions"}],"predecessor-version":[{"id":2747,"href":"https:\/\/adeochrono.fr\/index.php\/wp-json\/wp\/v2\/pages\/2386\/revisions\/2747"}],"wp:attachment":[{"href":"https:\/\/adeochrono.fr\/index.php\/wp-json\/wp\/v2\/media?parent=2386"}],"curies":[{"name":"wp","href":"https:\/\/api.w.org\/{rel}","templated":true}]}}