{"id":2216,"date":"2024-03-20T10:06:42","date_gmt":"2024-03-20T09:06:42","guid":{"rendered":"https:\/\/adeochrono.fr\/?page_id=2216"},"modified":"2025-03-12T12:49:01","modified_gmt":"2025-03-12T11:49:01","slug":"2025-presentation-la-cavale-lhayssienne","status":"publish","type":"page","link":"https:\/\/adeochrono.fr\/index.php\/2025-presentation-la-cavale-lhayssienne\/","title":{"rendered":"2025- Pr\u00e9sentation La Cavale L&rsquo;Hayssienne"},"content":{"rendered":"\n<p><\/p>\n\n\n\n<h2 class=\"wp-block-heading has-text-align-center has-text-color has-link-color has-large-font-size wp-elements-21a9cae039c7d8869e40c9338e724e18\" style=\"color:#a07ec2\"><strong>Dimanche 22 Juin 202<\/strong>5<\/h2>\n\n\n\n<h2 class=\"wp-block-heading has-text-align-center has-text-color has-link-color has-large-font-size wp-elements-182b7c734330a3d9577f732de8527ccc\" style=\"color:#a07ec2\"><strong>32\u00e8me \u00e9dition de La Cavale L&rsquo;Ha\u00ffssienne<\/strong><\/h2>\n\n\n\n<div style=\"height:50px\" aria-hidden=\"true\" class=\"wp-block-spacer\"><\/div>\n\n\n\n<div class=\"wp-block-buttons is-content-justification-center is-layout-flex wp-container-core-buttons-is-layout-16018d1d wp-block-buttons-is-layout-flex\">\n<div class=\"wp-block-button\"><a class=\"wp-block-button__link has-text-color has-link-color wp-element-button\" href=\"https:\/\/la-cavale-lhayssienne.adeorun.com\/inscription\" style=\"color:#78b9e1\" target=\"_blank\" rel=\"noreferrer noopener\">Inscriptions<\/a><\/div>\n\n\n\n<div class=\"wp-block-button\"><a class=\"wp-block-button__link has-text-color has-link-color wp-element-button\" href=\"https:\/\/dcr2ikgls5h9r.cloudfront.net\/event\/cltzk4x6o046u6sbyfavy2hpe\/reglement.pdf\" style=\"color:#78b9e1\" target=\"_blank\" rel=\"noreferrer noopener\">R\u00e8glement<\/a><\/div>\n\n\n\n<div class=\"wp-block-button\"><a class=\"wp-block-button__link has-text-color has-link-color wp-element-button\" href=\"http:\/\/adeochrono.fr\/wp-content\/uploads\/2024\/03\/Plans-10km-et-5-km-lHayssienne.pdf\" style=\"color:#78b9e1\" target=\"_blank\" rel=\"noreferrer noopener\">Parcours<\/a><\/div>\n\n\n\n<div class=\"wp-block-button\"><a class=\"wp-block-button__link has-text-color has-link-color wp-element-button\" href=\"https:\/\/pps.athle.fr\/\" style=\"color:#78b9e1\" target=\"_blank\" rel=\"noreferrer noopener\">PPS<\/a><\/div>\n\n\n\n<div class=\"wp-block-button\"><a class=\"wp-block-button__link has-text-color has-link-color wp-element-button\" href=\"https:\/\/adeochrono.fr\/index.php\/resultats\/\" style=\"color:#78b9e1\" target=\"_blank\" rel=\"noreferrer noopener\">R\u00e9sultats<\/a><\/div>\n<\/div>\n\n\n\n<div style=\"height:50px\" aria-hidden=\"true\" class=\"wp-block-spacer\"><\/div>\n\n\n\n<div class=\"wp-block-media-text is-stacked-on-mobile\" style=\"grid-template-columns:34% auto\"><figure class=\"wp-block-media-text__media\"><img loading=\"lazy\" decoding=\"async\" width=\"826\" height=\"492\" src=\"https:\/\/adeochrono.fr\/wp-content\/uploads\/2024\/05\/Logo_ville-officiel-2.jpg\" alt=\"\" class=\"wp-image-3444 size-full\" srcset=\"https:\/\/adeochrono.fr\/wp-content\/uploads\/2024\/05\/Logo_ville-officiel-2.jpg 826w, https:\/\/adeochrono.fr\/wp-content\/uploads\/2024\/05\/Logo_ville-officiel-2-300x179.jpg 300w, https:\/\/adeochrono.fr\/wp-content\/uploads\/2024\/05\/Logo_ville-officiel-2-768x457.jpg 768w\" sizes=\"auto, (max-width: 826px) 100vw, 826px\" \/><\/figure><div class=\"wp-block-media-text__content\">\n<p class=\"has-text-align-left has-black-color has-text-color has-link-color wp-elements-fa132abc30d9b10931cf71281485308d\">La ville de L&rsquo;Ha\u00ff-les-Roses vous convie \u00e0 sa traditionnelle Cavale L&rsquo;Ha\u00ffssienne, pour sa 32\u00e8me \u00e9dition.<\/p>\n\n\n\n<p class=\"has-black-color has-text-color has-link-color wp-elements-5de37967196b3cac639585c6c5a29fd2\">Ev\u00e8nement majeur, cette course conviviale et familiale s\u00e9duit, chaque ann\u00e9e, un large public. La Cavale bat son record de participation depuis plusieurs ann\u00e9es cons\u00e9cutives avec 800 participants. Alors venez relever le d\u00e9fi et partager un moment convivial et festif, appr\u00e9ci\u00e9 des coureurs et des L\u2019Ha\u00ffssiens !!!<\/p>\n\n\n\n<p class=\"has-text-align-left has-black-color has-text-color has-link-color wp-elements-f7a0a8a99ca8f838a69ce46f86b0469a\">Avec 6 courses au programme, vous pouvez tenter l&rsquo;aventure seul, entre amis, entre coll\u00e8gues ou en famille, dans un environnement agr\u00e9able <strong>le Dimanche 22 Juin 2025. <\/strong>Le parcours empruntera les rues du centre-ville et traversera le parc d\u00e9partemental enchanteur de la Roseraie. Le d\u00e9part et l&rsquo;arriv\u00e9e auront lieu sur l\u2019esplanade de la Bi\u00e8vre, avenue Flouquet.<\/p>\n<\/div><\/div>\n\n\n\n<div style=\"height:30px\" aria-hidden=\"true\" class=\"wp-block-spacer\"><\/div>\n\n\n\n<p class=\"has-text-align-center has-text-color has-link-color has-large-font-size wp-elements-5720a2930880c75a85e2113a1d9fbdfc\" style=\"color:#a07ec2\"><strong>Inscriptions :<\/strong><\/p>\n\n\n\n<div style=\"height:31px\" aria-hidden=\"true\" class=\"wp-block-spacer\"><\/div>\n\n\n\n<p class=\"has-text-align-center has-black-color has-text-color has-link-color wp-elements-881b2bc76a480463c807f87929f80bd6\">Par internet sur le site de notre partenaire ADEORUN&nbsp;<strong>jusqu&rsquo;au mercredi 18&nbsp;Juin 2025 (23h00)<\/strong><\/p>\n\n\n\n<p class=\"has-text-align-center has-black-color has-text-color has-link-color wp-elements-c2bfc592e8e815e4ba9ce791e4bfc93b\"><strong>Sur place, le samedi 21 Juin<\/strong> uniquement (la veille) au complexe sportif des tennis couverts, 42 avenue du g\u00e9n\u00e9ral de Gaulle (proche du centre commercial Carrefour)<\/p>\n\n\n\n<p class=\"has-text-align-center has-black-color has-text-color has-link-color wp-elements-02cd871a897ad356c4d4047dcd8c8363\"><strong>De la cat\u00e9gorie \u00ab\u00a0Ecole d\u2019athl\u00e9 \u00a0\u00bb \u00e0 \u00ab\u00a0Masters\u00a0\u00bb, et handisports sur le 5km, 5km marche et 10km, nous serons heureux de vous accueillir, coureurs ou athl\u00e8tes licenci\u00e9s, sur l&rsquo;une de nos 6 \u00e9preuves<\/strong>.<\/p>\n\n\n\n<p class=\"has-text-align-center has-black-color has-text-color has-link-color has-medium-font-size wp-elements-fb49ee433f3d90b24c6ac18d22a4d4ff\"><strong>Attention, pas d&rsquo;inscription sur place le jour J !<\/strong><\/p>\n\n\n\n<div style=\"height:31px\" aria-hidden=\"true\" class=\"wp-block-spacer\"><\/div>\n\n\n\n<p class=\"has-text-align-center has-medium-font-size\">Pour toutes les courses chronom\u00e9tr\u00e9es : Licence FFA valide ou<a href=\"https:\/\/pps.athle.fr\/\" target=\"_blank\" rel=\"noreferrer noopener\"> PPS<\/a> ou <a href=\"http:\/\/adeochrono.fr\/wp-content\/uploads\/2023\/10\/2022.-Autorisation-parentale-necessaire-pour-mineur.pdf\" target=\"_blank\" rel=\"noreferrer noopener\">autorisation parentale<\/a> pour les mineurs.<\/p>\n\n\n\n<div style=\"height:31px\" aria-hidden=\"true\" class=\"wp-block-spacer\"><\/div>\n\n\n<div class=\"hurrytimer-cdt hurrytimer-cdt--2217 hurrytimer-campaign hurryt-loading hurrytimer-campaign-2217\" data-config=\"{&quot;id&quot;:2217,&quot;run_in_background&quot;:false,&quot;sticky&quot;:false,&quot;product_ids&quot;:[],&quot;actions&quot;:[{&quot;id&quot;:1,&quot;redirectUrl&quot;:&quot;&quot;,&quot;message&quot;:&quot;&quot;,&quot;coupon&quot;:&quot;&quot;,&quot;wcStockStatus&quot;:&quot;instock&quot;}],&quot;template&quot;:&quot;&lt;div class=\\&quot;hurrytimer-timer-block hurrytimer-cdt__dur\\&quot;&gt;&lt;div class=\\&quot;hurrytimer-timer-digit hurrytimer-cdt__time\\&quot;&gt;%m&lt;\\\/div&gt;&lt;div class=\\&quot;hurrytimer-timer-label hurrytimer-cdt__label\\&quot; &gt;Mois&lt;\\\/div&gt;&lt;\\\/div&gt;&lt;div class=\\&quot;hurrytimer-cdt__sep hurrytimer-timer-sep\\&quot;&gt;:&lt;\\\/div&gt;&lt;div class=\\&quot;hurrytimer-timer-block hurrytimer-cdt__dur\\&quot;&gt;&lt;div class=\\&quot;hurrytimer-timer-digit hurrytimer-cdt__time\\&quot;&gt;%n&lt;\\\/div&gt;&lt;div class=\\&quot;hurrytimer-timer-label hurrytimer-cdt__label\\&quot; &gt;Jours&lt;\\\/div&gt;&lt;\\\/div&gt;&lt;div class=\\&quot;hurrytimer-cdt__sep hurrytimer-timer-sep\\&quot;&gt;:&lt;\\\/div&gt;&lt;div class=\\&quot;hurrytimer-timer-block hurrytimer-cdt__dur\\&quot;&gt;&lt;div class=\\&quot;hurrytimer-timer-digit hurrytimer-cdt__time\\&quot;&gt;%H&lt;\\\/div&gt;&lt;div class=\\&quot;hurrytimer-timer-label hurrytimer-cdt__label\\&quot; &gt;H&lt;\\\/div&gt;&lt;\\\/div&gt;&lt;div class=\\&quot;hurrytimer-cdt__sep hurrytimer-timer-sep\\&quot;&gt;:&lt;\\\/div&gt;&lt;div class=\\&quot;hurrytimer-timer-block hurrytimer-cdt__dur\\&quot;&gt;&lt;div class=\\&quot;hurrytimer-timer-digit hurrytimer-cdt__time\\&quot;&gt;%M&lt;\\\/div&gt;&lt;div class=\\&quot;hurrytimer-timer-label hurrytimer-cdt__label\\&quot; &gt;M&lt;\\\/div&gt;&lt;\\\/div&gt;&lt;div class=\\&quot;hurrytimer-cdt__sep hurrytimer-timer-sep\\&quot;&gt;:&lt;\\\/div&gt;&lt;div class=\\&quot;hurrytimer-timer-block hurrytimer-cdt__dur\\&quot;&gt;&lt;div class=\\&quot;hurrytimer-timer-digit hurrytimer-cdt__time\\&quot;&gt;%S&lt;\\\/div&gt;&lt;div class=\\&quot;hurrytimer-timer-label hurrytimer-cdt__label\\&quot; &gt;S&lt;\\\/div&gt;&lt;\\\/div&gt;&quot;,&quot;methods&quot;:[1,2],&quot;mode&quot;:&quot;one_time&quot;,&quot;sticky_bar_hide_timeout&quot;:7,&quot;recurr&quot;:false,&quot;timeToNextRecurrence&quot;:0,&quot;isRegular&quot;:true,&quot;endDate&quot;:1750283940000}\" ><div class=\"hurrytimer-cdt__headline hurrytimer-headline\">Fin des inscriptions dans<\/div><div class=\"hurrytimer-cdt__inner hurrytimer-timer\"><\/div><\/div>\n\n\n\n<div style=\"height:46px\" aria-hidden=\"true\" class=\"wp-block-spacer\"><\/div>\n\n\n\n<p class=\"has-text-align-center has-text-color has-link-color has-large-font-size wp-elements-20539493df2d6cf240eba23f59e10eea\" style=\"color:#a07ec2\"><strong>Parcours<\/strong>, <strong>Horaires et tarifs :<\/strong><\/p>\n\n\n\n<p class=\"has-text-align-center has-black-color has-text-color has-link-color has-medium-font-size wp-elements-957e67b7b9758823d20f3408a9f784d7\"><strong>D\u00e9part et arriv\u00e9e sur l\u2019esplanade de la Bi\u00e8vre, avenue Flouquet<\/strong><\/p>\n\n\n\n<div style=\"height:31px\" aria-hidden=\"true\" class=\"wp-block-spacer\"><\/div>\n\n\n\n<ul class=\"wp-block-list\">\n<li><strong>5 km <\/strong>: 9h00 (\u00e0 partir de la cat\u00e9gorie \u00ab cadets \u00bb, 2009 et avant) <strong>: 8 \u20ac (<strong>pr\u00e9-inscription en ligne<\/strong>) \/ 10 \u20ac sur place<\/strong><\/li>\n\n\n\n<li><strong>5 km Marche<\/strong> : 9h05 (\u00e0 partir de la cat\u00e9gorie \u00ab cadets \u00bb, 2009 et avant) <strong>: 8 \u20ac (<strong>pr\u00e9-inscription en ligne<\/strong>) \/ 10 \u20ac sur place<\/strong><\/li>\n\n\n\n<li><strong>10 km <\/strong>: 10h15 (\u00e0 partir de la cat\u00e9gorie \u00ab cadets \u00bb, 2009 et avant)<strong> : 10 \u20ac (pr\u00e9-inscription en ligne) \/ 12 \u20ac sur place<\/strong><\/li>\n\n\n\n<li><strong>2 km <\/strong>: 12h00 (exclusivement les cat\u00e9gories \u00ab benjamins \u00bb et \u00ab minimes \u00bb entre 12 et 15 ans au 31\/12\/2025 )<strong> : 2 \u20ac<\/strong><\/li>\n\n\n\n<li><strong>1.5 km<\/strong> : 12h15 (exclusivement la cat\u00e9gorie \u00ab poussins \u00bb, entre 10 et 11 ans au 31\/12\/2025)<strong> : 2 \u20ac<\/strong><\/li>\n\n\n\n<li><strong>1 km<\/strong> : 12h30 (exclusivement les enfants entre 7 et 9 ans au 31\/12\/2025)<strong> : 2 \u20ac<\/strong><\/li>\n<\/ul>\n\n\n\n<div style=\"height:46px\" aria-hidden=\"true\" class=\"wp-block-spacer\"><\/div>\n\n\n\n<p class=\"has-text-align-center has-text-color has-link-color has-large-font-size wp-elements-d1585547a73f800ce364f787c9ecfceb\" style=\"color:#a07ec2\"><strong>Retrait des dossards :<\/strong> <\/p>\n\n\n\n<p class=\"has-text-align-center has-vivid-red-color has-text-color has-link-color has-medium-font-size wp-elements-ef9356c944fe16fc9df9bcc2e3202f52\"><strong>Muni d\u2019un pi\u00e8ce d\u2019identit\u00e9<\/strong><\/p>\n\n\n\n<div style=\"height:31px\" aria-hidden=\"true\" class=\"wp-block-spacer\"><\/div>\n\n\n\n<ul class=\"wp-block-list has-black-color has-text-color has-link-color wp-elements-5b27199c4c95a6ed9a222c1743e8e3eb\">\n<li><strong>Samedi 21 Juin 2025 &#8211; de 10h00 \u00e0 18h00<\/strong> <strong>Complexe sportif des tennis couverts 42 avenue du G\u00e9n\u00e9ral de Gaulle 94240 &#8211; L&rsquo;Ha\u00ff-les-Roses<\/strong><\/li>\n<\/ul>\n\n\n\n<ul class=\"wp-block-list has-black-color has-text-color has-link-color wp-elements-980d841785c0bcedfed866a11bccdb8b\">\n<li><strong>Le Dimanche 22 Juin 2025 \u00e0 partir de 8h00 et jusqu&rsquo;\u00e0 30 minutes avant le d\u00e9part de la course<\/strong><\/li>\n<\/ul>\n\n\n\n<div style=\"height:46px\" aria-hidden=\"true\" class=\"wp-block-spacer\"><\/div>\n\n\n\n<p class=\"has-text-align-center has-text-color has-link-color has-large-font-size wp-elements-bfdeac3b55e991e4ddbbecf639f717a0\" style=\"color:#a07ec2\"><strong>Les plus :<\/strong><\/p>\n\n\n\n<div style=\"height:31px\" aria-hidden=\"true\" class=\"wp-block-spacer\"><\/div>\n\n\n\n<ul class=\"wp-block-list\">\n<li class=\"has-black-color has-text-color has-link-color wp-elements-0ab510728e1e695a5f1ec4c320b458aa\">Echauffement en musique avec un coach sportif&nbsp;<\/li>\n\n\n\n<li class=\"has-black-color has-text-color has-link-color wp-elements-a55095d7d8d332fcc0d0b76ea608e995\">Espace restauration au sein du village d\u00e9part\/arriv\u00e9e&nbsp;<\/li>\n\n\n\n<li class=\"has-black-color has-text-color has-link-color wp-elements-4301a142c0f8c1bda23b2cb8acb09d94\">Parcours agr\u00e9able, balis\u00e9 et s\u00e9curis\u00e9<\/li>\n\n\n\n<li class=\"has-black-color has-text-color has-link-color wp-elements-3bd324a8621b5947444a400e33f62d71\">Animations musicales diverses sur le parcours<\/li>\n\n\n\n<li class=\"has-black-color has-text-color has-link-color wp-elements-4d3ed5fffff67065951eb539cac18849\">4 meneurs d\u2019allure<\/li>\n\n\n\n<li class=\"has-black-color has-text-color has-link-color wp-elements-6ce7a6eb8a8b0338c5f2df7db7eecdc5\">2 zones de ravitaillement<\/li>\n\n\n\n<li class=\"has-black-color has-text-color has-link-color wp-elements-de6c69c890512b996cb4c33ece3a15b0\">Consignes et vestiaires sur la zone de d\u00e9part<\/li>\n\n\n\n<li class=\"has-black-color has-text-color has-link-color wp-elements-4bb3ad690cfe2b1d0efd5efca82b7c0d\">Passage par le Parc d\u00e9partemental de la Roseraie<\/li>\n\n\n\n<li class=\"has-black-color has-text-color has-link-color wp-elements-5ede7ac777717a02a00fc553a73cbdc0\">Chiropracteurs et ost\u00e9opathes \u00e0 votre disposition sur la zone \u00ab arriv\u00e9e \u00bb<\/li>\n<\/ul>\n\n\n\n<div style=\"height:46px\" aria-hidden=\"true\" class=\"wp-block-spacer\"><\/div>\n\n\n\n<p class=\"has-text-align-center has-text-color has-link-color has-large-font-size wp-elements-539d0afb3b76302a3d7cdd4f11d23d9c\" style=\"color:#a07ec2\"><strong>R\u00e9compenses :<\/strong><\/p>\n\n\n\n<div style=\"height:31px\" aria-hidden=\"true\" class=\"wp-block-spacer\"><\/div>\n\n\n\n<ul class=\"wp-block-list\">\n<li class=\"has-black-color has-text-color has-link-color wp-elements-d37e406318436cef2023649b60410a4a\">Coupe + lot aux 3 premiers scratch (H\/F) 10km et 5km<\/li>\n\n\n\n<li class=\"has-black-color has-text-color has-link-color wp-elements-83b1d4b329a577831cb87ba22654e7d2\">Coupe + lot \u00e0 la premi\u00e8re \u00e9quipe de club FFA (4 personnes minimum) sur le 10km<\/li>\n\n\n\n<li class=\"has-black-color has-text-color has-link-color wp-elements-d8d14514e8fa4cc7892a40b7c620d3eb\">Coupe + lot pour le premier participant Handisport (H\/F)&nbsp;<\/li>\n\n\n\n<li class=\"has-black-color has-text-color has-link-color wp-elements-67f1be1c4afd5190b1c5903dc331c82e\">Coupe + lot aux 3 premiers poussins (H\/F) sur le 1.5km<\/li>\n\n\n\n<li class=\"has-black-color has-text-color has-link-color wp-elements-86cab995fb17471741d47290ecbd07b3\">Coupe + lot aux 3 premiers Benjamins (H\/F) et minimes (H\/F) sur le 2km<\/li>\n\n\n\n<li class=\"has-black-color has-text-color has-link-color wp-elements-8c8d7f08bc405bcedc2138b01fa854da\">Pas de classement pour l\u2019\u00e9preuve 1km r\u00e9serv\u00e9 aux jeunes n\u00e9es entre 2016 et 2018<\/li>\n\n\n\n<li class=\"has-black-color has-text-color has-link-color wp-elements-8a02a661229a601cc703c2a1d6263e96\">R\u00e9compense pour le meilleur d\u00e9guisement<\/li>\n\n\n\n<li class=\"has-black-color has-text-color has-link-color wp-elements-c2325be7ae1c14b1493af2e35d4c3f10\">T-shirt pour tous les participants<\/li>\n\n\n\n<li class=\"has-black-color has-text-color has-link-color wp-elements-ef65f482a0cc5294c5cbb7fc296083f1\">Pas de cumul de r\u00e9compenses<\/li>\n<\/ul>\n\n\n\n<p class=\"has-text-align-center has-text-color has-link-color has-large-font-size wp-elements-7da812557dc7ee5c68d4810fafdcbf1e\" style=\"color:#a07ec2\"><strong>Pour la Marche :<\/strong><\/p>\n\n\n\n<ul class=\"wp-block-list\">\n<li class=\"has-black-color has-text-color has-link-color wp-elements-13e5d88c7c9a2801909efe4aedbe84bf\">Coupe + lot aux 3 premiers scratch (H\/F)&nbsp;<\/li>\n\n\n\n<li class=\"has-black-color has-text-color has-link-color wp-elements-a98e1d33c85759ea0a89fd50408bae91\">Coupe + lot au premier handisport (H\/F)<\/li>\n<\/ul>\n\n\n\n<div style=\"height:46px\" aria-hidden=\"true\" class=\"wp-block-spacer\"><\/div>\n\n\n<div class=\"wp-block-image\">\n<figure class=\"aligncenter size-full is-resized\"><img loading=\"lazy\" decoding=\"async\" width=\"700\" height=\"900\" src=\"http:\/\/adeochrono.fr\/wp-content\/uploads\/2025\/02\/Nouveau-projet-7.jpg\" alt=\"\" class=\"wp-image-5790\" style=\"width:664px;height:auto\" srcset=\"https:\/\/adeochrono.fr\/wp-content\/uploads\/2025\/02\/Nouveau-projet-7.jpg 700w, https:\/\/adeochrono.fr\/wp-content\/uploads\/2025\/02\/Nouveau-projet-7-233x300.jpg 233w\" sizes=\"auto, (max-width: 700px) 100vw, 700px\" \/><\/figure>\n<\/div>\n\n\n<p class=\"has-text-align-center has-black-color has-text-color has-link-color wp-elements-8099e7133a77ec168ce37effb68f9625\"><strong>Retrouvez nous sur Instagram et Facebook :<\/strong><\/p>\n\n\n\n<ul class=\"wp-block-social-links aligncenter is-layout-flex wp-block-social-links-is-layout-flex\"><li class=\"wp-social-link wp-social-link-instagram  wp-block-social-link\"><a href=\"https:\/\/www.instagram.com\/cavalelhayssienne\" class=\"wp-block-social-link-anchor\"><svg width=\"24\" height=\"24\" viewBox=\"0 0 24 24\" version=\"1.1\" xmlns=\"http:\/\/www.w3.org\/2000\/svg\" aria-hidden=\"true\" focusable=\"false\"><path d=\"M12,4.622c2.403,0,2.688,0.009,3.637,0.052c0.877,0.04,1.354,0.187,1.671,0.31c0.42,0.163,0.72,0.358,1.035,0.673 c0.315,0.315,0.51,0.615,0.673,1.035c0.123,0.317,0.27,0.794,0.31,1.671c0.043,0.949,0.052,1.234,0.052,3.637 s-0.009,2.688-0.052,3.637c-0.04,0.877-0.187,1.354-0.31,1.671c-0.163,0.42-0.358,0.72-0.673,1.035 c-0.315,0.315-0.615,0.51-1.035,0.673c-0.317,0.123-0.794,0.27-1.671,0.31c-0.949,0.043-1.233,0.052-3.637,0.052 s-2.688-0.009-3.637-0.052c-0.877-0.04-1.354-0.187-1.671-0.31c-0.42-0.163-0.72-0.358-1.035-0.673 c-0.315-0.315-0.51-0.615-0.673-1.035c-0.123-0.317-0.27-0.794-0.31-1.671C4.631,14.688,4.622,14.403,4.622,12 s0.009-2.688,0.052-3.637c0.04-0.877,0.187-1.354,0.31-1.671c0.163-0.42,0.358-0.72,0.673-1.035 c0.315-0.315,0.615-0.51,1.035-0.673c0.317-0.123,0.794-0.27,1.671-0.31C9.312,4.631,9.597,4.622,12,4.622 M12,3 C9.556,3,9.249,3.01,8.289,3.054C7.331,3.098,6.677,3.25,6.105,3.472C5.513,3.702,5.011,4.01,4.511,4.511 c-0.5,0.5-0.808,1.002-1.038,1.594C3.25,6.677,3.098,7.331,3.054,8.289C3.01,9.249,3,9.556,3,12c0,2.444,0.01,2.751,0.054,3.711 c0.044,0.958,0.196,1.612,0.418,2.185c0.23,0.592,0.538,1.094,1.038,1.594c0.5,0.5,1.002,0.808,1.594,1.038 c0.572,0.222,1.227,0.375,2.185,0.418C9.249,20.99,9.556,21,12,21s2.751-0.01,3.711-0.054c0.958-0.044,1.612-0.196,2.185-0.418 c0.592-0.23,1.094-0.538,1.594-1.038c0.5-0.5,0.808-1.002,1.038-1.594c0.222-0.572,0.375-1.227,0.418-2.185 C20.99,14.751,21,14.444,21,12s-0.01-2.751-0.054-3.711c-0.044-0.958-0.196-1.612-0.418-2.185c-0.23-0.592-0.538-1.094-1.038-1.594 c-0.5-0.5-1.002-0.808-1.594-1.038c-0.572-0.222-1.227-0.375-2.185-0.418C14.751,3.01,14.444,3,12,3L12,3z M12,7.378 c-2.552,0-4.622,2.069-4.622,4.622S9.448,16.622,12,16.622s4.622-2.069,4.622-4.622S14.552,7.378,12,7.378z M12,15 c-1.657,0-3-1.343-3-3s1.343-3,3-3s3,1.343,3,3S13.657,15,12,15z M16.804,6.116c-0.596,0-1.08,0.484-1.08,1.08 s0.484,1.08,1.08,1.08c0.596,0,1.08-0.484,1.08-1.08S17.401,6.116,16.804,6.116z\"><\/path><\/svg><span class=\"wp-block-social-link-label screen-reader-text\">Instagram<\/span><\/a><\/li>\n\n<li class=\"wp-social-link wp-social-link-facebook  wp-block-social-link\"><a href=\"https:\/\/facebook.com\/lacavalelhayssienne\/\" class=\"wp-block-social-link-anchor\"><svg width=\"24\" height=\"24\" viewBox=\"0 0 24 24\" version=\"1.1\" xmlns=\"http:\/\/www.w3.org\/2000\/svg\" aria-hidden=\"true\" focusable=\"false\"><path d=\"M12 2C6.5 2 2 6.5 2 12c0 5 3.7 9.1 8.4 9.9v-7H7.9V12h2.5V9.8c0-2.5 1.5-3.9 3.8-3.9 1.1 0 2.2.2 2.2.2v2.5h-1.3c-1.2 0-1.6.8-1.6 1.6V12h2.8l-.4 2.9h-2.3v7C18.3 21.1 22 17 22 12c0-5.5-4.5-10-10-10z\"><\/path><\/svg><span class=\"wp-block-social-link-label screen-reader-text\">Facebook<\/span><\/a><\/li><\/ul>\n\n\n\n<p><\/p>\n","protected":false},"excerpt":{"rendered":"<p>Dimanche 22 Juin 2025 32\u00e8me \u00e9dition de La Cavale L&rsquo;Ha\u00ffssienne La ville de L&rsquo;Ha\u00ff-les-Roses vous convie \u00e0 sa traditionnelle Cavale L&rsquo;Ha\u00ffssienne, pour sa 32\u00e8me \u00e9dition. Ev\u00e8nement majeur, cette course conviviale &#8230;<\/p>\n","protected":false},"author":1,"featured_media":0,"parent":0,"menu_order":0,"comment_status":"closed","ping_status":"closed","template":"","meta":{"footnotes":""},"class_list":["post-2216","page","type-page","status-publish","hentry"],"_links":{"self":[{"href":"https:\/\/adeochrono.fr\/index.php\/wp-json\/wp\/v2\/pages\/2216","targetHints":{"allow":["GET"]}}],"collection":[{"href":"https:\/\/adeochrono.fr\/index.php\/wp-json\/wp\/v2\/pages"}],"about":[{"href":"https:\/\/adeochrono.fr\/index.php\/wp-json\/wp\/v2\/types\/page"}],"author":[{"embeddable":true,"href":"https:\/\/adeochrono.fr\/index.php\/wp-json\/wp\/v2\/users\/1"}],"replies":[{"embeddable":true,"href":"https:\/\/adeochrono.fr\/index.php\/wp-json\/wp\/v2\/comments?post=2216"}],"version-history":[{"count":54,"href":"https:\/\/adeochrono.fr\/index.php\/wp-json\/wp\/v2\/pages\/2216\/revisions"}],"predecessor-version":[{"id":6040,"href":"https:\/\/adeochrono.fr\/index.php\/wp-json\/wp\/v2\/pages\/2216\/revisions\/6040"}],"wp:attachment":[{"href":"https:\/\/adeochrono.fr\/index.php\/wp-json\/wp\/v2\/media?parent=2216"}],"curies":[{"name":"wp","href":"https:\/\/api.w.org\/{rel}","templated":true}]}}