{"id":1958,"date":"2024-02-27T18:11:36","date_gmt":"2024-02-27T17:11:36","guid":{"rendered":"https:\/\/adeochrono.fr\/?page_id=1958"},"modified":"2024-08-27T13:56:30","modified_gmt":"2024-08-27T11:56:30","slug":"2024-presentation-20-89-de-crosne","status":"publish","type":"page","link":"https:\/\/adeochrono.fr\/index.php\/2024-presentation-20-89-de-crosne\/","title":{"rendered":"2024- Pr\u00e9sentation 20.89 de Crosne"},"content":{"rendered":"\n<p><\/p>\n\n\n\n<h2 class=\"wp-block-heading has-text-align-center has-text-color has-link-color wp-elements-50ba149e5519bb2550aab38f0f001109\" style=\"color:#389547\">1\u00e8re \u00e9dition des 20.89 de Crosne<\/h2>\n\n\n\n<div style=\"height:46px\" aria-hidden=\"true\" class=\"wp-block-spacer\"><\/div>\n\n\n\n<div class=\"wp-block-buttons is-content-justification-center is-layout-flex wp-container-core-buttons-is-layout-16018d1d wp-block-buttons-is-layout-flex\">\n<div class=\"wp-block-button\"><a class=\"wp-block-button__link has-text-color has-link-color wp-element-button\" href=\"https:\/\/2089-de-crosne.adeorun.com\/inscription\" style=\"color:#389547\" target=\"_blank\" rel=\"noreferrer noopener\">Inscriptions<\/a><\/div>\n\n\n\n<div class=\"wp-block-button\"><a class=\"wp-block-button__link has-text-color has-link-color wp-element-button\" href=\"http:\/\/adeochrono.fr\/wp-content\/uploads\/2024\/02\/Reglement-20.89-de-Crosne.pdf\" style=\"color:#389547\" target=\"_blank\" rel=\"noreferrer noopener\">R\u00e8glement<\/a><\/div>\n<\/div>\n\n\n\n<div style=\"height:46px\" aria-hidden=\"true\" class=\"wp-block-spacer\"><\/div>\n\n\n<div class=\"hurrytimer-cdt hurrytimer-cdt--1980 hurrytimer-campaign hurryt-loading hurrytimer-campaign-1980\" data-config=\"{&quot;id&quot;:1980,&quot;run_in_background&quot;:false,&quot;sticky&quot;:false,&quot;product_ids&quot;:[],&quot;actions&quot;:[{&quot;id&quot;:1,&quot;redirectUrl&quot;:&quot;&quot;,&quot;message&quot;:&quot;&quot;,&quot;coupon&quot;:&quot;&quot;,&quot;wcStockStatus&quot;:&quot;instock&quot;}],&quot;template&quot;:&quot;&lt;div class=\\&quot;hurrytimer-timer-block hurrytimer-cdt__dur\\&quot;&gt;&lt;div class=\\&quot;hurrytimer-timer-digit hurrytimer-cdt__time\\&quot;&gt;%m&lt;\\\/div&gt;&lt;div class=\\&quot;hurrytimer-timer-label hurrytimer-cdt__label\\&quot; &gt;Mois&lt;\\\/div&gt;&lt;\\\/div&gt;&lt;div class=\\&quot;hurrytimer-cdt__sep hurrytimer-timer-sep\\&quot;&gt;:&lt;\\\/div&gt;&lt;div class=\\&quot;hurrytimer-timer-block hurrytimer-cdt__dur\\&quot;&gt;&lt;div class=\\&quot;hurrytimer-timer-digit hurrytimer-cdt__time\\&quot;&gt;%n&lt;\\\/div&gt;&lt;div class=\\&quot;hurrytimer-timer-label hurrytimer-cdt__label\\&quot; &gt;Jours&lt;\\\/div&gt;&lt;\\\/div&gt;&lt;div class=\\&quot;hurrytimer-cdt__sep hurrytimer-timer-sep\\&quot;&gt;:&lt;\\\/div&gt;&lt;div class=\\&quot;hurrytimer-timer-block hurrytimer-cdt__dur\\&quot;&gt;&lt;div class=\\&quot;hurrytimer-timer-digit hurrytimer-cdt__time\\&quot;&gt;%H&lt;\\\/div&gt;&lt;div class=\\&quot;hurrytimer-timer-label hurrytimer-cdt__label\\&quot; &gt;H&lt;\\\/div&gt;&lt;\\\/div&gt;&lt;div class=\\&quot;hurrytimer-cdt__sep hurrytimer-timer-sep\\&quot;&gt;:&lt;\\\/div&gt;&lt;div class=\\&quot;hurrytimer-timer-block hurrytimer-cdt__dur\\&quot;&gt;&lt;div class=\\&quot;hurrytimer-timer-digit hurrytimer-cdt__time\\&quot;&gt;%M&lt;\\\/div&gt;&lt;div class=\\&quot;hurrytimer-timer-label hurrytimer-cdt__label\\&quot; &gt;M&lt;\\\/div&gt;&lt;\\\/div&gt;&lt;div class=\\&quot;hurrytimer-cdt__sep hurrytimer-timer-sep\\&quot;&gt;:&lt;\\\/div&gt;&lt;div class=\\&quot;hurrytimer-timer-block hurrytimer-cdt__dur\\&quot;&gt;&lt;div class=\\&quot;hurrytimer-timer-digit hurrytimer-cdt__time\\&quot;&gt;%S&lt;\\\/div&gt;&lt;div class=\\&quot;hurrytimer-timer-label hurrytimer-cdt__label\\&quot; &gt;S&lt;\\\/div&gt;&lt;\\\/div&gt;&quot;,&quot;methods&quot;:[1,2],&quot;mode&quot;:&quot;one_time&quot;,&quot;sticky_bar_hide_timeout&quot;:7,&quot;recurr&quot;:false,&quot;timeToNextRecurrence&quot;:0,&quot;isRegular&quot;:true,&quot;endDate&quot;:1758232740000}\" ><div class=\"hurrytimer-cdt__headline hurrytimer-headline\">Fin des inscriptions dans<\/div><div class=\"hurrytimer-cdt__inner hurrytimer-timer\"><\/div><\/div>\n\n\n\n<div style=\"height:46px\" aria-hidden=\"true\" class=\"wp-block-spacer\"><\/div>\n\n\n<div class=\"wp-block-image\">\n<figure class=\"aligncenter size-full\"><img loading=\"lazy\" decoding=\"async\" width=\"272\" height=\"279\" src=\"https:\/\/adeochrono.fr\/wp-content\/uploads\/2024\/02\/logo-2089-crosne.png\" alt=\"\" class=\"wp-image-1978\"\/><\/figure>\n<\/div>\n\n\n<div style=\"height:46px\" aria-hidden=\"true\" class=\"wp-block-spacer\"><\/div>\n\n\n\n<p class=\"has-text-align-center has-medium-font-size\"><strong>Depuis plus de 30 ans la ville accueillait le 17.89 , d\u00e9sormais la course \u00e9volue vers le 1er semi-marathon de Crosne<\/strong><\/p>\n\n\n\n<p class=\"has-text-align-center has-medium-font-size\"><strong>Nous souhaitons garder l\u2019essence m\u00eame du sport pour tous&nbsp;:<\/strong><\/p>\n\n\n\n<p class=\"has-text-align-center has-medium-font-size\"><strong>Des \u00e9preuves pour les enfants, pour les adultes confirm\u00e9s ou d\u00e9butants mais \u00e9galement des relais&nbsp;! Alors venez nombreux participer \u00e0 la 1\u00e8re \u00e9dition des 20.89 de Crosne<\/strong><\/p>\n\n\n\n<div style=\"height:46px\" aria-hidden=\"true\" class=\"wp-block-spacer\"><\/div>\n\n\n\n<p class=\"has-text-align-center has-text-color has-link-color has-medium-font-size wp-elements-7448b8bcc2e1fa89c309a0c5aa0c41ac\" style=\"color:#389547\"><strong><u>Se rendre sur place<\/u> :<\/strong><\/p>\n\n\n\n<p class=\"has-text-align-center\"><a href=\"https:\/\/fr.mappy.com\/itineraire#\/vers\/Stade%20Henri%20Hurt%20Chemin%20des%20Uselles%2091560%20Crosne\" data-type=\"link\" data-id=\"https:\/\/fr.mappy.com\/itineraire#\/vers\/Stade%20Henri%20Hurt%20Chemin%20des%20Uselles%2091560%20Crosne\" target=\"_blank\" rel=\"noreferrer noopener\">Stade Henri Hurt Avenue du Pr\u00e9sident Salvador Allende-&nbsp;91560 CROSNE<\/a><\/p>\n\n\n\n<p class=\"has-text-align-center\"><strong>En voiture&nbsp;: <\/strong>\u00e0 25&prime; d&rsquo;Evry, \u00e0 30&prime; de la Porte de Bercy, \u00e0 25&prime; de Melun<\/p>\n\n\n\n<p class=\"has-text-align-center\"><em><strong>=&gt; Parking en dehors du stade<\/strong><\/em><\/p>\n\n\n\n<div style=\"height:46px\" aria-hidden=\"true\" class=\"wp-block-spacer\"><\/div>\n\n\n\n<p class=\"has-text-align-center has-text-color has-link-color has-medium-font-size wp-elements-b51b332ab336cfde74b51fc3ca64b5d8\" style=\"color:#389547\"><strong><u>D\u00e9part et Arriv\u00e9e des courses<\/u><\/strong> :<\/p>\n\n\n\n<p class=\"has-text-align-center\"><a href=\"https:\/\/fr.mappy.com\/itineraire#\/vers\/Stade%20Henri%20Hurt%20Chemin%20des%20Uselles%2091560%20Crosne\" data-type=\"link\" data-id=\"https:\/\/fr.mappy.com\/itineraire#\/vers\/Stade%20Henri%20Hurt%20Chemin%20des%20Uselles%2091560%20Crosne\" target=\"_blank\" rel=\"noreferrer noopener\">Stade Henri Hurt Avenue du Pr\u00e9sident Salvador Allende-&nbsp;91560 CROSNE<\/a><\/p>\n\n\n\n<div style=\"height:46px\" aria-hidden=\"true\" class=\"wp-block-spacer\"><\/div>\n\n\n\n<p class=\"has-text-align-center has-text-color has-link-color has-medium-font-size wp-elements-0d1765a2fd4f7e4cc7399b6232497df0\" style=\"color:#389547\"><strong><u>Retrait des dossards<\/u> :<\/strong><\/p>\n\n\n\n<p class=\"has-text-align-center\"><a href=\"https:\/\/fr.mappy.com\/itineraire#\/vers\/Stade%20Henri%20Hurt%20Chemin%20des%20Uselles%2091560%20Crosne\" data-type=\"link\" data-id=\"https:\/\/fr.mappy.com\/itineraire#\/vers\/Stade%20Henri%20Hurt%20Chemin%20des%20Uselles%2091560%20Crosne\" target=\"_blank\" rel=\"noreferrer noopener\">Stade Henri Hurt Avenue du Pr\u00e9sident Salvador Allende-&nbsp;91560 CROSNE<\/a><\/p>\n\n\n\n<p class=\"has-text-align-center\">Le samedi 12 octobre 2024 de 10h00 \u00e0 18h00 sans interruption<\/p>\n\n\n\n<div style=\"height:46px\" aria-hidden=\"true\" class=\"wp-block-spacer\"><\/div>\n\n\n\n<p class=\"has-text-align-center has-text-color has-link-color has-medium-font-size wp-elements-9622a4bf6cd1df418f9f42105954f18e\" style=\"color:#389547\"><strong><u>Parcours et horaires<\/u> :<\/strong><\/p>\n\n\n\n<p class=\"has-text-align-center\">700 m \u00e0 9h00<\/p>\n\n\n\n<p class=\"has-text-align-center\">1500 m \u00e0 9h15<\/p>\n\n\n\n<p class=\"has-text-align-center\">3000 m&nbsp;\u00e0 9h30<\/p>\n\n\n\n<p class=\"has-text-align-center\">21 km \u00e0 9h45<\/p>\n\n\n\n<p class=\"has-text-align-center\">10 km \u00e010h00<\/p>\n\n\n\n<p class=\"has-text-align-center\">5 km relais \u00e0 10h00<\/p>\n\n\n\n<div style=\"height:46px\" aria-hidden=\"true\" class=\"wp-block-spacer\"><\/div>\n\n\n\n<p class=\"has-text-align-center\">Pour toutes les courses chronom\u00e9tr\u00e9es  : <a href=\"http:\/\/adeochrono.fr\/wp-content\/uploads\/2023\/10\/2022.-Certificat-medical-Type.pdf\" data-type=\"link\" data-id=\"http:\/\/adeochrono.fr\/wp-content\/uploads\/2023\/10\/2022.-Certificat-medical-Type.pdf\" target=\"_blank\" rel=\"noreferrer noopener\">Certificat m\u00e9dical<\/a> <br>obligatoire pour les non licenci\u00e9s FFA \u00e9tablissant l\u2019absence de non contre-indication \u00e0 la pratique du sport ou de la<br>course \u00e0 pied en comp\u00e9tition datant de moins d\u2019un an<a href=\"https:\/\/pps.athle.fr\/\" data-type=\"link\" data-id=\"https:\/\/pps.athle.fr\/\" target=\"_blank\" rel=\"noreferrer noopener\">\/ PPS<\/a> ou <a href=\"http:\/\/adeochrono.fr\/wp-content\/uploads\/2023\/10\/2022.-Autorisation-parentale-necessaire-pour-mineur.pdf\" data-type=\"link\" data-id=\"http:\/\/adeochrono.fr\/wp-content\/uploads\/2023\/10\/2022.-Autorisation-parentale-necessaire-pour-mineur.pdf\" target=\"_blank\" rel=\"noreferrer noopener\">autorisation parentale<\/a> pour les mineurs.<\/p>\n\n\n\n<div style=\"height:46px\" aria-hidden=\"true\" class=\"wp-block-spacer\"><\/div>\n\n\n\n<p class=\"has-text-align-center has-text-color has-link-color has-medium-font-size wp-elements-4d8bdc028d7c0e6209bfe3f6ec5d09d1\" style=\"color:#389547;text-decoration:underline\"><strong>Tarifs :<\/strong><\/p>\n\n\n<div class=\"wp-block-image\">\n<figure class=\"aligncenter size-full is-resized\"><img loading=\"lazy\" decoding=\"async\" width=\"1005\" height=\"247\" src=\"https:\/\/adeochrono.fr\/wp-content\/uploads\/2024\/07\/image.png\" alt=\"\" class=\"wp-image-3889\" style=\"width:631px;height:auto\" srcset=\"https:\/\/adeochrono.fr\/wp-content\/uploads\/2024\/07\/image.png 1005w, https:\/\/adeochrono.fr\/wp-content\/uploads\/2024\/07\/image-300x74.png 300w, https:\/\/adeochrono.fr\/wp-content\/uploads\/2024\/07\/image-768x189.png 768w\" sizes=\"auto, (max-width: 1005px) 100vw, 1005px\" \/><\/figure>\n<\/div>\n\n\n<div style=\"height:46px\" aria-hidden=\"true\" class=\"wp-block-spacer\"><\/div>\n\n\n\n<p class=\"has-text-align-center has-text-color has-link-color has-medium-font-size wp-elements-4db839988dd7f014bac48fc0bd2d48eb\" style=\"color:#389547\"><strong><u>Barri\u00e8re horaire et ravitaillement du 23km<\/u> :<\/strong><\/p>\n\n\n\n<p class=\"has-text-align-center has-black-color has-text-color has-link-color wp-elements-1b5483f8320ffb1d83cf2fda6e1367a3\">Les&nbsp;<strong>engag\u00e9s du 21.1 km<\/strong>&nbsp;arrivant \u00e0 la fin de la premi\u00e8re boucle (~11km)&nbsp;<strong>au del\u00e0 de 1h30&nbsp;de course<\/strong>&nbsp;seront redirig\u00e9s vers l&rsquo;arriv\u00e9e.<\/p>\n\n\n\n<p class=\"has-text-align-center\">En Semi autosuffisance<strong>&nbsp;<\/strong><strong>(1 seul ravitaillement solide a l\u2019arriv\u00e9e et 1 liquides au 10 -\u00e8me km environ)<\/strong><\/p>\n\n\n\n<div style=\"height:46px\" aria-hidden=\"true\" class=\"wp-block-spacer\"><\/div>\n\n\n\n<p class=\"has-text-align-center has-text-color has-link-color has-medium-font-size wp-elements-38f76d7b85dc632c64e234995d277df3\" style=\"color:#389547\"><strong><u>Chronom\u00e9trage<\/u><\/strong> :<\/p>\n\n\n\n<p class=\"has-text-align-center\">Chronom\u00e9trage de toutes les courses (Hors marche) avec gestion des arriv\u00e9es par puce \u00e9lectronique par notre partenaire <a href=\"https:\/\/adeochrono.fr\/\" data-type=\"link\" data-id=\"https:\/\/adeochrono.fr\/\" target=\"_blank\" rel=\"noreferrer noopener\">ADEOCHRONO<\/a><\/p>\n\n\n\n<p class=\"has-text-align-center\">R\u00e9sultats en live sur le site <a href=\"https:\/\/adeochrono.fr\/\" data-type=\"link\" data-id=\"https:\/\/adeochrono.fr\/\" target=\"_blank\" rel=\"noreferrer noopener\">ADEOCHRONO<\/a> rubrique <a href=\"https:\/\/adeochrono.fr\/index.php\/resultats\/\" data-type=\"link\" data-id=\"https:\/\/adeochrono.fr\/index.php\/resultats\/\" target=\"_blank\" rel=\"noreferrer noopener\">r\u00e9sultats <\/a>et par affichage sur place<\/p>\n\n\n\n<div style=\"height:46px\" aria-hidden=\"true\" class=\"wp-block-spacer\"><\/div>\n\n\n\n<p class=\"has-text-align-center has-text-color has-link-color has-medium-font-size wp-elements-c1c0d33badf882012f09d645ce34ac07\" style=\"color:#389547\"><strong><u>R\u00e9compenses<\/u><\/strong> :<\/p>\n\n\n\n<p class=\"has-text-align-center\">Coupes pour les 3er\/\u00e8re du 5 km , 10 km et 21 km.<\/p>\n\n\n\n<p class=\"has-text-align-center\">Coupes pour les 3er\/\u00e8re des courses enfants du 700 m , 1500 m et 3000 m.<\/p>\n\n\n\n<p class=\"has-text-align-center\">M\u00e9dailles et Goodies pour tous les participants du 10 et du 21.1 Km .<\/p>\n\n\n\n<p class=\"has-text-align-center\">Goodies pour les marcheurs et les courses enfants.<\/p>\n\n\n\n<div style=\"height:46px\" aria-hidden=\"true\" class=\"wp-block-spacer\"><\/div>\n\n\n\n<p class=\"has-text-align-center has-text-color has-link-color has-medium-font-size wp-elements-ae4c6c8113839ca3775038a1fa55aa02\" style=\"color:#389547\"><strong><u>Organisation<\/u><\/strong> :<\/p>\n\n\n\n<p class=\"has-text-align-center\">Vestiaires chauff\u00e9s avec douches (dans le stade).<\/p>\n\n\n\n<p class=\"has-text-align-center\">Consigne pour les sacs..<\/p>\n\n\n\n<div style=\"height:46px\" aria-hidden=\"true\" class=\"wp-block-spacer\"><\/div>\n\n\n\n<p class=\"has-text-align-center has-text-color has-link-color has-medium-font-size wp-elements-7b93a7cf964824836a77152f0fb1da8a\" style=\"color:#389547\"><strong><u>Contact<\/u><\/strong> :<\/p>\n\n\n\n<p class=\"has-text-align-center\"><strong>E-mail :<\/strong>&nbsp;<a href=\"mailto:sporteventfr@gmail.com\" target=\"_blank\" rel=\"noreferrer noopener\">sporteventfr@gmail.com<\/a><\/p>\n\n\n\n<p class=\"has-text-align-center\"><strong>Fred :<\/strong>&nbsp;06 20 35 01 77 <em>(responsable engagement)<\/em><\/p>\n\n\n\n<p class=\"has-text-align-center\"><strong>Laurent :<\/strong>&nbsp;06 59 94 40 32 <em>(responsable technique)<\/em><\/p>\n\n\n\n<div style=\"height:46px\" aria-hidden=\"true\" class=\"wp-block-spacer\"><\/div>\n\n\n<div class=\"wp-block-image\">\n<figure class=\"aligncenter size-full is-resized\"><img loading=\"lazy\" decoding=\"async\" width=\"1241\" height=\"1754\" src=\"http:\/\/adeochrono.fr\/wp-content\/uploads\/2024\/04\/08_CourseCrosne_FredSport_0224_page-0001.jpg\" alt=\"\" class=\"wp-image-2337\" style=\"width:674px;height:auto\" srcset=\"https:\/\/adeochrono.fr\/wp-content\/uploads\/2024\/04\/08_CourseCrosne_FredSport_0224_page-0001.jpg 1241w, https:\/\/adeochrono.fr\/wp-content\/uploads\/2024\/04\/08_CourseCrosne_FredSport_0224_page-0001-212x300.jpg 212w, https:\/\/adeochrono.fr\/wp-content\/uploads\/2024\/04\/08_CourseCrosne_FredSport_0224_page-0001-725x1024.jpg 725w, https:\/\/adeochrono.fr\/wp-content\/uploads\/2024\/04\/08_CourseCrosne_FredSport_0224_page-0001-768x1085.jpg 768w, https:\/\/adeochrono.fr\/wp-content\/uploads\/2024\/04\/08_CourseCrosne_FredSport_0224_page-0001-1087x1536.jpg 1087w\" sizes=\"auto, (max-width: 1241px) 100vw, 1241px\" \/><\/figure>\n<\/div>","protected":false},"excerpt":{"rendered":"<p>1\u00e8re \u00e9dition des 20.89 de Crosne Depuis plus de 30 ans la ville accueillait le 17.89 , d\u00e9sormais la course \u00e9volue vers le 1er semi-marathon de Crosne Nous souhaitons garder &#8230;<\/p>\n","protected":false},"author":1,"featured_media":0,"parent":0,"menu_order":0,"comment_status":"closed","ping_status":"closed","template":"","meta":{"footnotes":""},"class_list":["post-1958","page","type-page","status-publish","hentry"],"_links":{"self":[{"href":"https:\/\/adeochrono.fr\/index.php\/wp-json\/wp\/v2\/pages\/1958","targetHints":{"allow":["GET"]}}],"collection":[{"href":"https:\/\/adeochrono.fr\/index.php\/wp-json\/wp\/v2\/pages"}],"about":[{"href":"https:\/\/adeochrono.fr\/index.php\/wp-json\/wp\/v2\/types\/page"}],"author":[{"embeddable":true,"href":"https:\/\/adeochrono.fr\/index.php\/wp-json\/wp\/v2\/users\/1"}],"replies":[{"embeddable":true,"href":"https:\/\/adeochrono.fr\/index.php\/wp-json\/wp\/v2\/comments?post=1958"}],"version-history":[{"count":28,"href":"https:\/\/adeochrono.fr\/index.php\/wp-json\/wp\/v2\/pages\/1958\/revisions"}],"predecessor-version":[{"id":4030,"href":"https:\/\/adeochrono.fr\/index.php\/wp-json\/wp\/v2\/pages\/1958\/revisions\/4030"}],"wp:attachment":[{"href":"https:\/\/adeochrono.fr\/index.php\/wp-json\/wp\/v2\/media?parent=1958"}],"curies":[{"name":"wp","href":"https:\/\/api.w.org\/{rel}","templated":true}]}}