{"id":1669,"date":"2024-01-25T13:03:36","date_gmt":"2024-01-25T12:03:36","guid":{"rendered":"https:\/\/adeochrono.fr\/?page_id=1669"},"modified":"2024-03-12T15:23:56","modified_gmt":"2024-03-12T14:23:56","slug":"2024-presentation-foulees-sevranaises","status":"publish","type":"page","link":"https:\/\/adeochrono.fr\/index.php\/2024-presentation-foulees-sevranaises\/","title":{"rendered":"2024 &#8211; Pr\u00e9sentation Foul\u00e9es Sevranaises"},"content":{"rendered":"\n<div style=\"height:60px\" aria-hidden=\"true\" class=\"wp-block-spacer\"><\/div>\n\n\n\n<h2 class=\"wp-block-heading has-text-align-center has-vivid-cyan-blue-color has-text-color has-link-color wp-elements-cd08fe21bbd0cbeaec1ea3ba0bd2c5d6\">Les Foul\u00e9es Sevranaises<\/h2>\n\n\n\n<p class=\"has-text-align-center has-medium-font-size\"><strong>Dimanche 24 mars 2024 \u00e0 Sevran au stade Jean Guimier.<\/strong><\/p>\n\n\n\n<div style=\"height:60px\" aria-hidden=\"true\" class=\"wp-block-spacer\"><\/div>\n\n\n\n<div class=\"wp-block-buttons is-content-justification-center is-layout-flex wp-container-core-buttons-is-layout-16018d1d wp-block-buttons-is-layout-flex\">\n<div class=\"wp-block-button is-style-fill\"><a class=\"wp-block-button__link has-vivid-cyan-blue-color has-text-color has-background has-link-color wp-element-button\" href=\"https:\/\/foulees-sevranaises.adeorun.com\/inscription\" style=\"background-color:#ccd499\" target=\"_blank\" rel=\"noreferrer noopener\"><strong>Inscriptions<\/strong><\/a><\/div>\n\n\n\n<div class=\"wp-block-button\"><a class=\"wp-block-button__link has-vivid-cyan-blue-color has-text-color has-background has-link-color wp-element-button\" href=\"http:\/\/adeochrono.fr\/wp-content\/uploads\/2024\/03\/reglement-foulees-24.pdf\" style=\"background-color:#ccd499\" target=\"_blank\" rel=\"noreferrer noopener\"><strong>R\u00e8glement<\/strong><\/a><\/div>\n\n\n\n<div class=\"wp-block-button\"><a class=\"wp-block-button__link has-vivid-cyan-blue-color has-text-color has-background has-link-color wp-element-button\" href=\"http:\/\/adeochrono.fr\/wp-content\/uploads\/2024\/01\/Flyer_Foulees2024.pdf\" style=\"background-color:#ccd499\" target=\"_blank\" rel=\"noreferrer noopener\"><strong>T\u00e9l\u00e9charger le d\u00e9pliant<\/strong><\/a><\/div>\n<\/div>\n\n\n\n<div style=\"height:60px\" aria-hidden=\"true\" class=\"wp-block-spacer\"><\/div>\n\n\n<div class=\"hurrytimer-cdt hurrytimer-cdt--1691 hurrytimer-campaign hurryt-loading hurrytimer-campaign-1691\" data-config=\"{&quot;id&quot;:1691,&quot;run_in_background&quot;:false,&quot;sticky&quot;:false,&quot;product_ids&quot;:[],&quot;actions&quot;:[{&quot;id&quot;:1,&quot;redirectUrl&quot;:&quot;&quot;,&quot;message&quot;:&quot;&quot;,&quot;coupon&quot;:&quot;&quot;,&quot;wcStockStatus&quot;:&quot;instock&quot;}],&quot;template&quot;:&quot;&lt;div class=\\&quot;hurrytimer-timer-block hurrytimer-cdt__dur\\&quot;&gt;&lt;div class=\\&quot;hurrytimer-timer-digit hurrytimer-cdt__time\\&quot;&gt;%m&lt;\\\/div&gt;&lt;div class=\\&quot;hurrytimer-timer-label hurrytimer-cdt__label\\&quot; &gt;Mois&lt;\\\/div&gt;&lt;\\\/div&gt;&lt;div class=\\&quot;hurrytimer-cdt__sep hurrytimer-timer-sep\\&quot;&gt;:&lt;\\\/div&gt;&lt;div class=\\&quot;hurrytimer-timer-block hurrytimer-cdt__dur\\&quot;&gt;&lt;div class=\\&quot;hurrytimer-timer-digit hurrytimer-cdt__time\\&quot;&gt;%n&lt;\\\/div&gt;&lt;div class=\\&quot;hurrytimer-timer-label hurrytimer-cdt__label\\&quot; &gt;Jours&lt;\\\/div&gt;&lt;\\\/div&gt;&lt;div class=\\&quot;hurrytimer-cdt__sep hurrytimer-timer-sep\\&quot;&gt;:&lt;\\\/div&gt;&lt;div class=\\&quot;hurrytimer-timer-block hurrytimer-cdt__dur\\&quot;&gt;&lt;div class=\\&quot;hurrytimer-timer-digit hurrytimer-cdt__time\\&quot;&gt;%H&lt;\\\/div&gt;&lt;div class=\\&quot;hurrytimer-timer-label hurrytimer-cdt__label\\&quot; &gt;H&lt;\\\/div&gt;&lt;\\\/div&gt;&lt;div class=\\&quot;hurrytimer-cdt__sep hurrytimer-timer-sep\\&quot;&gt;:&lt;\\\/div&gt;&lt;div class=\\&quot;hurrytimer-timer-block hurrytimer-cdt__dur\\&quot;&gt;&lt;div class=\\&quot;hurrytimer-timer-digit hurrytimer-cdt__time\\&quot;&gt;%M&lt;\\\/div&gt;&lt;div class=\\&quot;hurrytimer-timer-label hurrytimer-cdt__label\\&quot; &gt;M&lt;\\\/div&gt;&lt;\\\/div&gt;&lt;div class=\\&quot;hurrytimer-cdt__sep hurrytimer-timer-sep\\&quot;&gt;:&lt;\\\/div&gt;&lt;div class=\\&quot;hurrytimer-timer-block hurrytimer-cdt__dur\\&quot;&gt;&lt;div class=\\&quot;hurrytimer-timer-digit hurrytimer-cdt__time\\&quot;&gt;%S&lt;\\\/div&gt;&lt;div class=\\&quot;hurrytimer-timer-label hurrytimer-cdt__label\\&quot; &gt;S&lt;\\\/div&gt;&lt;\\\/div&gt;&quot;,&quot;methods&quot;:[1,2],&quot;mode&quot;:&quot;one_time&quot;,&quot;sticky_bar_hide_timeout&quot;:7,&quot;recurr&quot;:false,&quot;timeToNextRecurrence&quot;:0,&quot;isRegular&quot;:true,&quot;endDate&quot;:1749160740000}\" ><div class=\"hurrytimer-cdt__headline hurrytimer-headline\">Fin des inscriptions dans<\/div><div class=\"hurrytimer-cdt__inner hurrytimer-timer\"><\/div><\/div>\n\n\n\n<div style=\"height:60px\" aria-hidden=\"true\" class=\"wp-block-spacer\"><\/div>\n\n\n\n<p class=\"has-text-align-center has-vivid-cyan-blue-color has-text-color has-link-color has-medium-font-size wp-elements-a03d14a2cf14079474ca76e85be487dd\"><strong>Horaires, distances et tarifs:<\/strong><\/p>\n\n\n\n<p class=\"has-text-align-center has-black-color has-text-color has-link-color wp-elements-9b81a1c45807098dc862a4177d52be88\"><strong>9h30 : 10 km (chronom\u00e9tr\u00e9) : 7\u20ac en ligne \/ 10\u20ac sur place<\/strong><\/p>\n\n\n\n<p class=\"has-text-align-center has-black-color has-text-color has-link-color wp-elements-4d6b4379a9b676d692ffb22a20c6a1d0\"><strong>9h30 : 5 km <strong>(chronom\u00e9tr\u00e9) <\/strong>: 2\u20ac en ligne \/ 5\u20ac sur place<\/strong><\/p>\n\n\n\n<p class=\"has-text-align-center has-black-color has-text-color has-link-color wp-elements-deb1c164ed931089c83ef57ac472280b\"><strong>11h15 :  400 m (de 5 \u00e0 6 ans)  : Gratuit<\/strong><\/p>\n\n\n\n<p class=\"has-text-align-center has-black-color has-text-color has-link-color wp-elements-c987731bca70a46374ce7319ce426b3d\"><strong>11h25 : 800 m (de 7 \u00e0 9 ans)  : Gratuit<\/strong><\/p>\n\n\n\n<p class=\"has-text-align-center has-black-color has-text-color has-link-color wp-elements-a6debf1cda6eedc84ac8f14bf7d01bc2\"><strong>11h35 : 1500 m (de 10 \u00e0 11 ans)  : Gratuit<\/strong><\/p>\n\n\n\n<p class=\"has-text-align-center has-black-color has-text-color has-link-color wp-elements-3eb8a71627de64462d4749ffb1292170\"><strong>11h45 : 3000m (de 12 \u00e0 13 ans)  : Gratuit<\/strong><\/p>\n\n\n\n<div style=\"height:15px\" aria-hidden=\"true\" class=\"wp-block-spacer\"><\/div>\n\n\n\n<p class=\"has-text-align-center\">Pour toutes les courses chronom\u00e9tr\u00e9es  : <a href=\"http:\/\/adeochrono.fr\/wp-content\/uploads\/2023\/10\/2022.-Certificat-medical-Type.pdf\" data-type=\"link\" data-id=\"http:\/\/adeochrono.fr\/wp-content\/uploads\/2023\/10\/2022.-Certificat-medical-Type.pdf\" target=\"_blank\" rel=\"noreferrer noopener\">Certificat m\u00e9dical<\/a><br>obligatoire pour les non licenci\u00e9s FFA \u00e9tablissant l\u2019absence de non contre-indication \u00e0 la pratique du sport ou de la<br>course \u00e0 pied en comp\u00e9tition datant de moins d\u2019un an, ou <a href=\"http:\/\/adeochrono.fr\/wp-content\/uploads\/2023\/10\/2022.-Autorisation-parentale-necessaire-pour-mineur.pdf\" data-type=\"link\" data-id=\"http:\/\/adeochrono.fr\/wp-content\/uploads\/2023\/10\/2022.-Autorisation-parentale-necessaire-pour-mineur.pdf\" target=\"_blank\" rel=\"noreferrer noopener\">autorisation parentale<\/a> pour les mineurs.<\/p>\n\n\n\n<div style=\"height:15px\" aria-hidden=\"true\" class=\"wp-block-spacer\"><\/div>\n\n\n\n<p class=\"has-text-align-center has-vivid-cyan-blue-color has-text-color has-link-color has-medium-font-size wp-elements-e8208eb72f0a76447e8fdc793f07a873\"><strong>R\u00e9compenses :<\/strong><\/p>\n\n\n\n<p class=\"has-text-align-center has-black-color has-text-color has-link-color wp-elements-bd62ec3522c45878fb45d2210c3fafaf\"><strong>M\u00e9daille \u00e0 tous les arrivants<\/strong><\/p>\n\n\n\n<p class=\"has-text-align-center has-black-color has-text-color has-link-color wp-elements-11b83b9c8fe9b7d66926350f5c4aa138\"><strong>Coupe aux 3er hommes et 3\u00e8re femmes toutes courses<\/strong><\/p>\n\n\n\n<div style=\"height:60px\" aria-hidden=\"true\" class=\"wp-block-spacer\"><\/div>\n\n\n\n<p class=\"has-text-align-center has-vivid-cyan-blue-color has-text-color has-link-color has-medium-font-size wp-elements-e2d31126d8605dce0225fdbd5b55d839\"><strong>Retrait des dossards:<\/strong><\/p>\n\n\n\n<p class=\"has-text-align-center has-black-color has-text-color has-link-color wp-elements-7a1c16b4f6bb68c3d03df7407d0d96df\"><strong>Une permanence pour le retrait des dossards se fera le samedi 23 mars 2024 de 9h \u00e0 12h et de 14h \u00e0 17h \u00e0 la cit\u00e9 des sports Gaston Bussi\u00e8re \u00e0 Sevran.<br>Il sera aussi possible de le retirer jusqu\u2019\u00e0 30 min avant le d\u00e9part de la course<\/strong><\/p>\n\n\n\n<div style=\"height:60px\" aria-hidden=\"true\" class=\"wp-block-spacer\"><\/div>\n\n\n\n<p class=\"has-text-align-center has-vivid-cyan-blue-color has-text-color has-link-color has-medium-font-size wp-elements-9f361642959af94ec7fd93bc2ce1981c\"><strong>Parcours :<\/strong><\/p>\n\n\n<div class=\"wp-block-image\">\n<figure class=\"aligncenter size-full is-resized\"><img loading=\"lazy\" decoding=\"async\" width=\"1000\" height=\"400\" src=\"https:\/\/adeochrono.fr\/wp-content\/uploads\/2024\/01\/Bandeau-parcours-1000x400-1.jpg\" alt=\"\" class=\"wp-image-1733\" style=\"width:1110px;height:auto\" srcset=\"https:\/\/adeochrono.fr\/wp-content\/uploads\/2024\/01\/Bandeau-parcours-1000x400-1.jpg 1000w, https:\/\/adeochrono.fr\/wp-content\/uploads\/2024\/01\/Bandeau-parcours-1000x400-1-300x120.jpg 300w, https:\/\/adeochrono.fr\/wp-content\/uploads\/2024\/01\/Bandeau-parcours-1000x400-1-768x307.jpg 768w\" sizes=\"auto, (max-width: 1000px) 100vw, 1000px\" \/><\/figure>\n<\/div>\n\n\n<p><\/p>\n\n\n<div class=\"wp-block-image\">\n<figure class=\"aligncenter size-full\"><img loading=\"lazy\" decoding=\"async\" width=\"700\" height=\"900\" src=\"https:\/\/adeochrono.fr\/wp-content\/uploads\/2024\/01\/Nouveau-projet-1.jpg\" alt=\"\" class=\"wp-image-1730\" srcset=\"https:\/\/adeochrono.fr\/wp-content\/uploads\/2024\/01\/Nouveau-projet-1.jpg 700w, https:\/\/adeochrono.fr\/wp-content\/uploads\/2024\/01\/Nouveau-projet-1-233x300.jpg 233w\" sizes=\"auto, (max-width: 700px) 100vw, 700px\" \/><\/figure>\n<\/div>\n\n\n<div style=\"height:60px\" aria-hidden=\"true\" class=\"wp-block-spacer\"><\/div>\n\n\n\n<div style=\"height:60px\" aria-hidden=\"true\" class=\"wp-block-spacer\"><\/div>\n\n\n\n<p><\/p>\n","protected":false},"excerpt":{"rendered":"<p>Les Foul\u00e9es Sevranaises Dimanche 24 mars 2024 \u00e0 Sevran au stade Jean Guimier. Horaires, distances et tarifs: 9h30 : 10 km (chronom\u00e9tr\u00e9) : 7\u20ac en ligne \/ 10\u20ac sur place &#8230;<\/p>\n","protected":false},"author":1,"featured_media":0,"parent":0,"menu_order":0,"comment_status":"closed","ping_status":"closed","template":"","meta":{"footnotes":""},"class_list":["post-1669","page","type-page","status-publish","hentry"],"_links":{"self":[{"href":"https:\/\/adeochrono.fr\/index.php\/wp-json\/wp\/v2\/pages\/1669","targetHints":{"allow":["GET"]}}],"collection":[{"href":"https:\/\/adeochrono.fr\/index.php\/wp-json\/wp\/v2\/pages"}],"about":[{"href":"https:\/\/adeochrono.fr\/index.php\/wp-json\/wp\/v2\/types\/page"}],"author":[{"embeddable":true,"href":"https:\/\/adeochrono.fr\/index.php\/wp-json\/wp\/v2\/users\/1"}],"replies":[{"embeddable":true,"href":"https:\/\/adeochrono.fr\/index.php\/wp-json\/wp\/v2\/comments?post=1669"}],"version-history":[{"count":13,"href":"https:\/\/adeochrono.fr\/index.php\/wp-json\/wp\/v2\/pages\/1669\/revisions"}],"predecessor-version":[{"id":2076,"href":"https:\/\/adeochrono.fr\/index.php\/wp-json\/wp\/v2\/pages\/1669\/revisions\/2076"}],"wp:attachment":[{"href":"https:\/\/adeochrono.fr\/index.php\/wp-json\/wp\/v2\/media?parent=1669"}],"curies":[{"name":"wp","href":"https:\/\/api.w.org\/{rel}","templated":true}]}}