{"id":1375,"date":"2023-12-19T12:39:33","date_gmt":"2023-12-19T11:39:33","guid":{"rendered":"https:\/\/adeochrono.fr\/?page_id=1375"},"modified":"2025-02-21T10:42:15","modified_gmt":"2025-02-21T09:42:15","slug":"2024-presentation-trail-de-lhautil","status":"publish","type":"page","link":"https:\/\/adeochrono.fr\/index.php\/2024-presentation-trail-de-lhautil\/","title":{"rendered":"2025 &#8211; Pr\u00e9sentation trail de l&rsquo;Hautil"},"content":{"rendered":"\n<p><\/p>\n\n\n\n<div class=\"wp-block-media-text is-stacked-on-mobile\" style=\"grid-template-columns:15% auto\"><figure class=\"wp-block-media-text__media\"><img loading=\"lazy\" decoding=\"async\" width=\"203\" height=\"530\" src=\"https:\/\/adeochrono.fr\/wp-content\/uploads\/2024\/01\/image-1.jpg\" alt=\"\" class=\"wp-image-1612 size-full\" srcset=\"https:\/\/adeochrono.fr\/wp-content\/uploads\/2024\/01\/image-1.jpg 203w, https:\/\/adeochrono.fr\/wp-content\/uploads\/2024\/01\/image-1-115x300.jpg 115w\" sizes=\"auto, (max-width: 203px) 100vw, 203px\" \/><\/figure><div class=\"wp-block-media-text__content\">\n<p class=\"has-text-align-center has-black-color has-text-color has-link-color wp-elements-981527345c13b9aab19f7f8e56c3208d\" style=\"font-size:47px\"><strong>3\u00e8me \u00e9dition <\/strong><\/p>\n\n\n\n<p class=\"has-text-align-center has-black-color has-text-color has-link-color wp-elements-e97596240954c591f817cba1c58ba424\" style=\"font-size:49px;text-transform:uppercase\"><strong>du Trail de l&rsquo;Hautil<\/strong><\/p>\n<\/div><\/div>\n\n\n\n<div style=\"height:60px\" aria-hidden=\"true\" class=\"wp-block-spacer\"><\/div>\n\n\n<div class=\"wp-block-image\">\n<figure class=\"aligncenter size-full is-resized\"><img loading=\"lazy\" decoding=\"async\" width=\"800\" height=\"200\" src=\"https:\/\/adeochrono.fr\/wp-content\/uploads\/2024\/01\/Bandeau-logos-villes.jpg\" alt=\"\" class=\"wp-image-1623\" style=\"width:644px;height:auto\" srcset=\"https:\/\/adeochrono.fr\/wp-content\/uploads\/2024\/01\/Bandeau-logos-villes.jpg 800w, https:\/\/adeochrono.fr\/wp-content\/uploads\/2024\/01\/Bandeau-logos-villes-300x75.jpg 300w, https:\/\/adeochrono.fr\/wp-content\/uploads\/2024\/01\/Bandeau-logos-villes-768x192.jpg 768w\" sizes=\"auto, (max-width: 800px) 100vw, 800px\" \/><\/figure>\n<\/div>\n\n\n<div style=\"height:60px\" aria-hidden=\"true\" class=\"wp-block-spacer\"><\/div>\n\n\n\n<div class=\"wp-block-buttons is-content-justification-center is-layout-flex wp-container-core-buttons-is-layout-16018d1d wp-block-buttons-is-layout-flex\">\n<div class=\"wp-block-button\"><a class=\"wp-block-button__link has-white-color has-text-color has-link-color wp-element-button\" href=\"https:\/\/trail-de-lhautil.adeorun.com\/inscription\" target=\"_blank\" rel=\"noreferrer noopener\"><strong>Inscriptions<\/strong><\/a><\/div>\n\n\n\n<div class=\"wp-block-button\"><a class=\"wp-block-button__link has-white-color has-text-color has-link-color wp-element-button\" href=\"https:\/\/dcr2ikgls5h9r.cloudfront.net\/event\/clrqlshft09o4149z0stjyupg\/reglement.pdf\" target=\"_blank\" rel=\"noreferrer noopener\"><strong>R\u00e8glement<\/strong><\/a><\/div>\n\n\n\n<div class=\"wp-block-button\"><a class=\"wp-block-button__link wp-element-button\" href=\"https:\/\/pps.athle.fr\/\" target=\"_blank\" rel=\"noreferrer noopener\"><strong>PPS<\/strong><\/a><\/div>\n\n\n\n<div class=\"wp-block-button\"><a class=\"wp-block-button__link wp-element-button\" href=\"https:\/\/adeochrono.fr\/index.php\/resultats\/\" target=\"_blank\" rel=\"noreferrer noopener\"><strong>R\u00e9sultats<\/strong><\/a><\/div>\n<\/div>\n\n\n\n<div style=\"height:60px\" aria-hidden=\"true\" class=\"wp-block-spacer\"><\/div>\n\n\n<div class=\"hurrytimer-cdt hurrytimer-cdt--1700 hurrytimer-campaign hurryt-loading hurrytimer-campaign-1700\" data-config=\"{&quot;id&quot;:1700,&quot;run_in_background&quot;:false,&quot;sticky&quot;:false,&quot;product_ids&quot;:[],&quot;actions&quot;:[{&quot;id&quot;:1,&quot;redirectUrl&quot;:&quot;&quot;,&quot;message&quot;:&quot;&quot;,&quot;coupon&quot;:&quot;&quot;,&quot;wcStockStatus&quot;:&quot;instock&quot;}],&quot;template&quot;:&quot;&lt;div class=\\&quot;hurrytimer-timer-block hurrytimer-cdt__dur\\&quot;&gt;&lt;div class=\\&quot;hurrytimer-timer-digit hurrytimer-cdt__time\\&quot;&gt;%m&lt;\\\/div&gt;&lt;div class=\\&quot;hurrytimer-timer-label hurrytimer-cdt__label\\&quot; &gt;Mois&lt;\\\/div&gt;&lt;\\\/div&gt;&lt;div class=\\&quot;hurrytimer-cdt__sep hurrytimer-timer-sep\\&quot;&gt;:&lt;\\\/div&gt;&lt;div class=\\&quot;hurrytimer-timer-block hurrytimer-cdt__dur\\&quot;&gt;&lt;div class=\\&quot;hurrytimer-timer-digit hurrytimer-cdt__time\\&quot;&gt;%n&lt;\\\/div&gt;&lt;div class=\\&quot;hurrytimer-timer-label hurrytimer-cdt__label\\&quot; &gt;Jours&lt;\\\/div&gt;&lt;\\\/div&gt;&lt;div class=\\&quot;hurrytimer-cdt__sep hurrytimer-timer-sep\\&quot;&gt;:&lt;\\\/div&gt;&lt;div class=\\&quot;hurrytimer-timer-block hurrytimer-cdt__dur\\&quot;&gt;&lt;div class=\\&quot;hurrytimer-timer-digit hurrytimer-cdt__time\\&quot;&gt;%H&lt;\\\/div&gt;&lt;div class=\\&quot;hurrytimer-timer-label hurrytimer-cdt__label\\&quot; &gt;H&lt;\\\/div&gt;&lt;\\\/div&gt;&lt;div class=\\&quot;hurrytimer-cdt__sep hurrytimer-timer-sep\\&quot;&gt;:&lt;\\\/div&gt;&lt;div class=\\&quot;hurrytimer-timer-block hurrytimer-cdt__dur\\&quot;&gt;&lt;div class=\\&quot;hurrytimer-timer-digit hurrytimer-cdt__time\\&quot;&gt;%M&lt;\\\/div&gt;&lt;div class=\\&quot;hurrytimer-timer-label hurrytimer-cdt__label\\&quot; &gt;M&lt;\\\/div&gt;&lt;\\\/div&gt;&lt;div class=\\&quot;hurrytimer-cdt__sep hurrytimer-timer-sep\\&quot;&gt;:&lt;\\\/div&gt;&lt;div class=\\&quot;hurrytimer-timer-block hurrytimer-cdt__dur\\&quot;&gt;&lt;div class=\\&quot;hurrytimer-timer-digit hurrytimer-cdt__time\\&quot;&gt;%S&lt;\\\/div&gt;&lt;div class=\\&quot;hurrytimer-timer-label hurrytimer-cdt__label\\&quot; &gt;S&lt;\\\/div&gt;&lt;\\\/div&gt;&quot;,&quot;methods&quot;:[1,2],&quot;mode&quot;:&quot;one_time&quot;,&quot;sticky_bar_hide_timeout&quot;:7,&quot;recurr&quot;:false,&quot;timeToNextRecurrence&quot;:0,&quot;isRegular&quot;:true,&quot;endDate&quot;:1749765540000}\" ><div class=\"hurrytimer-cdt__headline hurrytimer-headline\">Fin des inscriptions dans<\/div><div class=\"hurrytimer-cdt__inner hurrytimer-timer\"><\/div><\/div>\n\n\n\n<div style=\"height:60px\" aria-hidden=\"true\" class=\"wp-block-spacer\"><\/div>\n\n\n\n<p class=\"has-text-align-center has-black-color has-text-color has-link-color has-large-font-size wp-elements-8debc204dd83c8e9ccd37f410337d332\"><strong>Dimanche 15 juin 2025<\/strong><\/p>\n\n\n\n<p class=\"has-text-align-center has-black-color has-text-color has-link-color has-medium-font-size wp-elements-065bf0714d33cddc385c4310b38a1a2c\"><strong>Les villes de Chanteloup-les-Vignes, de Maurecourt et d\u2019Andr\u00e9sy en partenariat avec l\u2019Office Municipal des Sports d\u2019Andr\u00e9sy organisent, un Trail dans la for\u00eat de l\u2019Hautil<\/strong> <\/p>\n\n\n\n<div style=\"height:60px\" aria-hidden=\"true\" class=\"wp-block-spacer\"><\/div>\n\n\n\n<p class=\"has-text-align-center has-vivid-cyan-blue-color has-text-color has-link-color has-large-font-size wp-elements-da1f95c95662358096a7c34f9cc8212e\"><strong>2 courses au programme :<\/strong><\/p>\n\n\n\n<p class=\"has-text-align-center has-black-color has-text-color has-link-color has-medium-font-size wp-elements-2937c1033772382f56c93bd3e893dfe7\"><strong>9h00 : Trail de 13 km mixte autoris\u00e9 aux personnes n\u00e9es en 2009 et avant<\/strong><\/p>\n\n\n\n<p class=\"has-text-align-center has-black-color has-text-color has-link-color has-medium-font-size wp-elements-90a8e746cdbba3b8758dad0e32264159\"><strong>9h15 : Trail de 18 km mixte autoris\u00e9 aux personnes n\u00e9es en 2007 et avant<\/strong><\/p>\n\n\n\n<div style=\"height:17px\" aria-hidden=\"true\" class=\"wp-block-spacer\"><\/div>\n\n\n\n<p class=\"has-text-align-center has-vivid-red-color has-text-color has-link-color has-medium-font-size wp-elements-4005e3468095b838af05d9c3cf20a73b\"><strong>Heure limite d\u2019arriv\u00e9e fix\u00e9e \u00e0 11 h 45 pour effectuer le parcours jusqu\u2019\u00e0 la ligne d\u2019arriv\u00e9e<\/strong><\/p>\n\n\n\n<div style=\"height:60px\" aria-hidden=\"true\" class=\"wp-block-spacer\"><\/div>\n\n\n\n<p class=\"has-text-align-center has-medium-font-size\"><strong>Pour toutes les courses chronom\u00e9tr\u00e9es : <\/strong><\/p>\n\n\n\n<p class=\"has-text-align-center has-medium-font-size\">Licence FFA ou <a href=\"https:\/\/pps.athle.fr\/\" data-type=\"link\" data-id=\"https:\/\/pps.athle.fr\/\" target=\"_blank\" rel=\"noreferrer noopener\">PPS <\/a>ou <a href=\"http:\/\/adeochrono.fr\/wp-content\/uploads\/2024\/10\/2024.-Autorisation-parentale-necessaire-pour-mineur.pdf\" data-type=\"link\" data-id=\"http:\/\/adeochrono.fr\/wp-content\/uploads\/2024\/10\/2024.-Autorisation-parentale-necessaire-pour-mineur.pdf\" target=\"_blank\" rel=\"noreferrer noopener\">autorisation parentale<\/a> pour les mineurs.<\/p>\n\n\n\n<div style=\"height:60px\" aria-hidden=\"true\" class=\"wp-block-spacer\"><\/div>\n\n\n\n<p class=\"has-text-align-center has-vivid-cyan-blue-color has-text-color has-link-color has-large-font-size wp-elements-c95b5d0bb9c38764a5723393572f5c5b\"><strong>Parcours :<\/strong><\/p>\n\n\n\n<p class=\"has-text-align-center has-medium-font-size\"><strong>Trail 13 km<\/strong> : <a href=\"https:\/\/www.openrunner.com\/route-details\/15825957\" target=\"_blank\" rel=\"noreferrer noopener\">Trac\u00e9 du parcours<\/a><\/p>\n\n\n\n<p class=\"has-text-align-center has-medium-font-size\"><strong>Trail 18 km<\/strong> : <a href=\"https:\/\/www.openrunner.com\/route-details\/15642758\" data-type=\"link\" data-id=\"https:\/\/www.openrunner.com\/route-details\/15642758\" target=\"_blank\" rel=\"noreferrer noopener\">Trac\u00e9 du parcours<\/a><\/p>\n\n\n\n<div style=\"height:60px\" aria-hidden=\"true\" class=\"wp-block-spacer\"><\/div>\n\n\n\n<p class=\"has-text-align-center has-vivid-cyan-blue-color has-text-color has-link-color has-large-font-size wp-elements-a78f6eb420702967cd0e13e279f86d8e\"><strong>R\u00e9compenses :<\/strong><\/p>\n\n\n\n<p class=\"has-text-align-center has-black-color has-text-color has-link-color has-medium-font-size wp-elements-2485e2cb04ff44830cdbb48a1bade213\"><strong>Coupe aux 3 premiers de chaque course par sexe<\/strong><\/p>\n\n\n\n<p class=\"has-text-align-center has-vivid-red-color has-text-color has-link-color has-medium-font-size wp-elements-dad207d2fc5c1bc7800e7f013986511d\"><strong>Podiums \u00e0 11h30 pour le 13 km et 18km<\/strong><\/p>\n\n\n\n<div style=\"height:60px\" aria-hidden=\"true\" class=\"wp-block-spacer\"><\/div>\n\n\n\n<p class=\"has-text-align-center has-vivid-cyan-blue-color has-text-color has-link-color has-large-font-size wp-elements-7ade8d488d715b76b103203a53b056a0\"><strong>Retrait des dossards :<\/strong><\/p>\n\n\n\n<p class=\"has-text-align-center has-medium-font-size\"><strong>Le samedi 14 juin 2025 de 10h00 \u00e0 18h00<\/strong> au complexe sportif St\u00e9phane Diagana &#8211; Rue Marie Jane Pruvot 78570 Andr\u00e9sy<\/p>\n\n\n\n<p><\/p>\n\n\n\n<p class=\"has-text-align-center has-medium-font-size\"><strong>Le dimanche 15 juin 2025 de 7h45 \u00e0 9h00<\/strong> sur le site de d\u00e9part, rue de la croix Saint-Marc 78570 Chanteloup-Les-Vignes<\/p>\n\n\n\n<div style=\"height:60px\" aria-hidden=\"true\" class=\"wp-block-spacer\"><\/div>\n\n\n\n<p class=\"has-text-align-center has-vivid-cyan-blue-color has-text-color has-link-color has-large-font-size wp-elements-bbb78b7daa3de6e7c7dc9efabeb09fa9\"><strong>Acc\u00e8s :<\/strong><\/p>\n\n\n\n<p class=\"has-text-align-center has-medium-font-size\"><strong><a href=\"https:\/\/fr.mappy.com\/plan#\/Chemin%20de%20la%20Croix%20Saint-Marc%2C%2078570%20Chanteloup-les-Vignes\">Le d\u00e9part\/arriv\u00e9e se situe chemin de la croix Saint-Marc \u00e0 Chanteloup-Les-Vignes<\/a><\/strong><\/p>\n\n\n\n<p class=\"has-text-align-center has-medium-font-size\"><strong>En voiture : <\/strong>A15 (sortie Conflans-Sainte-Honorine, direction Andr\u00e9sy Chanteloup-les-Vignes), A13 ou A14 (sortie Poissy, direction Andr\u00e9sy Chanteloup)<\/p>\n\n\n\n<p class=\"has-text-align-center has-medium-font-size\"><strong>Transports<\/strong><strong> <\/strong><strong>en<\/strong><strong> <\/strong><strong>commun<\/strong><strong> <\/strong><strong>:<\/strong><strong> <\/strong>RER A gare Conflans-Fin-d\u2019Oise, ligne J gare SNCF Chanteloup Les Vignes (direction Mantes via Conflans &nbsp;depuis Paris-Saint-Lazare)<\/p>\n\n\n\n<div style=\"height:60px\" aria-hidden=\"true\" class=\"wp-block-spacer\"><\/div>\n\n\n<div class=\"wp-block-image\">\n<figure class=\"aligncenter size-full is-resized\"><img loading=\"lazy\" decoding=\"async\" width=\"700\" height=\"900\" src=\"https:\/\/adeochrono.fr\/wp-content\/uploads\/2025\/02\/Affiche-trail-de-lhautil-700x900-new.jpg\" alt=\"\" class=\"wp-image-5813\" style=\"width:592px;height:auto\" srcset=\"https:\/\/adeochrono.fr\/wp-content\/uploads\/2025\/02\/Affiche-trail-de-lhautil-700x900-new.jpg 700w, https:\/\/adeochrono.fr\/wp-content\/uploads\/2025\/02\/Affiche-trail-de-lhautil-700x900-new-233x300.jpg 233w\" sizes=\"auto, (max-width: 700px) 100vw, 700px\" \/><\/figure>\n<\/div>","protected":false},"excerpt":{"rendered":"<p>3\u00e8me \u00e9dition du Trail de l&rsquo;Hautil Dimanche 15 juin 2025 Les villes de Chanteloup-les-Vignes, de Maurecourt et d\u2019Andr\u00e9sy en partenariat avec l\u2019Office Municipal des Sports d\u2019Andr\u00e9sy organisent, un Trail dans &#8230;<\/p>\n","protected":false},"author":1,"featured_media":0,"parent":0,"menu_order":0,"comment_status":"closed","ping_status":"closed","template":"","meta":{"footnotes":""},"class_list":["post-1375","page","type-page","status-publish","hentry"],"_links":{"self":[{"href":"https:\/\/adeochrono.fr\/index.php\/wp-json\/wp\/v2\/pages\/1375","targetHints":{"allow":["GET"]}}],"collection":[{"href":"https:\/\/adeochrono.fr\/index.php\/wp-json\/wp\/v2\/pages"}],"about":[{"href":"https:\/\/adeochrono.fr\/index.php\/wp-json\/wp\/v2\/types\/page"}],"author":[{"embeddable":true,"href":"https:\/\/adeochrono.fr\/index.php\/wp-json\/wp\/v2\/users\/1"}],"replies":[{"embeddable":true,"href":"https:\/\/adeochrono.fr\/index.php\/wp-json\/wp\/v2\/comments?post=1375"}],"version-history":[{"count":49,"href":"https:\/\/adeochrono.fr\/index.php\/wp-json\/wp\/v2\/pages\/1375\/revisions"}],"predecessor-version":[{"id":5828,"href":"https:\/\/adeochrono.fr\/index.php\/wp-json\/wp\/v2\/pages\/1375\/revisions\/5828"}],"wp:attachment":[{"href":"https:\/\/adeochrono.fr\/index.php\/wp-json\/wp\/v2\/media?parent=1375"}],"curies":[{"name":"wp","href":"https:\/\/api.w.org\/{rel}","templated":true}]}}